{"id":689428,"date":"2025-08-27T13:11:18","date_gmt":"2025-08-27T10:11:18","guid":{"rendered":"https:\/\/roveyayinevi.com.tr\/index.php\/urun\/bir-yazarin-guncesi\/"},"modified":"2026-02-03T02:00:40","modified_gmt":"2026-02-02T23:00:40","slug":"bir-yazarin-guncesi","status":"publish","type":"product","link":"https:\/\/roveyayinevi.com.tr\/index.php\/urun\/bir-yazarin-guncesi\/","title":{"rendered":"Bir Yazar\u0131n G\u00fcncesi"},"content":{"rendered":"<p>Virginia Woolf \u00f6ld\u00fc\u011f\u00fcnde, ard\u0131nda kendi elyaz\u0131s\u0131yla doldurulmu\u015f 26 defter b\u0131rakt\u0131. Woolf 27 y\u0131l boyunca bu defterlerde, neler yapt\u0131\u011f\u0131n\u0131, kimleri g\u00f6rd\u00fc\u011f\u00fcn\u00fc, \u00f6zellikle bu insanlar hakk\u0131nda, kendisi hakk\u0131nda, yazd\u0131\u011f\u0131 ya da yazmay\u0131 umut etti\u011fi kitaplar hakk\u0131nda neler d\u00fc\u015f\u00fcnd\u00fc\u011f\u00fcn\u00fc neredeyse kesintisiz denebilecek bir \u015fekilde kaydetti. Bu defterlerde, yazmakta oldu\u011fu ya da gelecekte yazmaya niyetlendi\u011fi kitaplar hakk\u0131nda kendi kendisiyle s\u00f6yle\u015fti. Bir Yazar\u0131n G\u00fcncesi, Woolf\u2019un, romanlar\u0131ndan her birini tasarlarken, yazarken ya da g\u00f6zden ge\u00e7irirken olay \u00f6rg\u00fcs\u00fc ya da bi\u00e7im, roman ki\u015fisi ya da serim gibi, yaratma s\u00fcrecine dair kar\u015f\u0131s\u0131na \u00e7\u0131kan problemleri tart\u0131\u015fmaktad\u0131r. Onun sanatsal \u00fcretiminin i\u00e7eriden, al\u0131\u015f\u0131lmam\u0131\u015f bir resmini \u00e7izerken ama\u00e7lar\u0131na, hedeflerine ve y\u00f6ntemlerine de \u0131\u015f\u0131k tutar.  Virginia Woolf\u2019u yak\u0131ndan tan\u0131mam\u0131z i\u00e7in Bir Yazar\u0131n G\u00fcncesi yeter de artar bizlere.  -M\u00eena Urgan-  Virginia Woolf\u2019un Bir Yazar\u0131n G\u00fcncesi\u2019ni okuyarak cesaretimi toplad\u0131m&#8230; bu g\u00fcnl\u00fc\u011f\u00fc okuyun.  -Sylvia Plath- <\/p>\n","protected":false},"excerpt":{"rendered":"<p>Virginia Woolf \u00f6ld\u00fc\u011f\u00fcnde, ard\u0131nda kendi elyaz\u0131s\u0131yla doldurulmu\u015f 26 defter b\u0131rakt\u0131. Woolf 27 y\u0131l boyunca bu defterlerde, neler yapt\u0131\u011f\u0131n\u0131, kimleri g\u00f6rd\u00fc\u011f\u00fcn\u00fc, \u00f6zellikle bu insanlar hakk\u0131nda, kendisi hakk\u0131nda,<span class=\"excerpt-hellip\"> [\u2026]<\/span><\/p>\n","protected":false},"featured_media":0,"template":"","meta":{"_monsterinsights_skip_tracking":false,"_monsterinsights_sitenote_active":false,"_monsterinsights_sitenote_note":"","_monsterinsights_sitenote_category":0},"product_brand":[],"product_cat":[13701,12291],"product_tag":[],"class_list":{"0":"post-689428","1":"product","2":"type-product","3":"status-publish","5":"product_cat-ani-mektup-gunluk","6":"product_cat-edebiyat","7":"pa_cilt-ciltsiz","8":"pa_tur-kitap","9":"pa_yayinevi-iletisim-yayinlari","10":"pa_yazar-virginia-woolf","12":"first","13":"instock","14":"sale","15":"shipping-taxable","16":"purchasable","17":"product-type-simple"},"_links":{"self":[{"href":"https:\/\/roveyayinevi.com.tr\/index.php\/wp-json\/wp\/v2\/product\/689428","targetHints":{"allow":["GET"]}}],"collection":[{"href":"https:\/\/roveyayinevi.com.tr\/index.php\/wp-json\/wp\/v2\/product"}],"about":[{"href":"https:\/\/roveyayinevi.com.tr\/index.php\/wp-json\/wp\/v2\/types\/product"}],"wp:attachment":[{"href":"https:\/\/roveyayinevi.com.tr\/index.php\/wp-json\/wp\/v2\/media?parent=689428"}],"wp:term":[{"taxonomy":"product_brand","embeddable":true,"href":"https:\/\/roveyayinevi.com.tr\/index.php\/wp-json\/wp\/v2\/product_brand?post=689428"},{"taxonomy":"product_cat","embeddable":true,"href":"https:\/\/roveyayinevi.com.tr\/index.php\/wp-json\/wp\/v2\/product_cat?post=689428"},{"taxonomy":"product_tag","embeddable":true,"href":"https:\/\/roveyayinevi.com.tr\/index.php\/wp-json\/wp\/v2\/product_tag?post=689428"}],"curies":[{"name":"wp","href":"https:\/\/api.w.org\/{rel}","templated":true}]}}