{"id":689426,"date":"2025-08-27T13:11:17","date_gmt":"2025-08-27T10:11:17","guid":{"rendered":"https:\/\/roveyayinevi.com.tr\/index.php\/urun\/bildigimiz-tarimin-sonu-kuresel-iktidar-ve-koyluluk\/"},"modified":"2026-04-16T01:59:15","modified_gmt":"2026-04-15T22:59:15","slug":"bildigimiz-tarimin-sonu-kuresel-iktidar-ve-koyluluk","status":"publish","type":"product","link":"https:\/\/roveyayinevi.com.tr\/index.php\/urun\/bildigimiz-tarimin-sonu-kuresel-iktidar-ve-koyluluk\/","title":{"rendered":"Bildi\u011fimiz Tar\u0131m\u0131n Sonu: K\u00fcresel \u0130ktidar ve K\u00f6yl\u00fcl\u00fck"},"content":{"rendered":"<p>Tar\u0131m sorunu (die Agrarfrage), 20. y\u00fczy\u0131l\u0131n ba\u015f\u0131ndan itibaren siyasetin ve sosyal bilimlerin en \u00f6nemli tart\u0131\u015fma alanlar\u0131ndan biriydi. 1980\u2019lerin d\u00fc\u015f\u00fcnce ikliminde ivme kaybedip \u015fekil de\u011fi\u015ftirdi ve daha \u00e7ok hormonlu sebzeler , do\u011fal beslenme , permak\u00fclt\u00fcr gibi kentli ba\u015fl\u0131klar alt\u0131nda bamba\u015fka bir tart\u0131\u015fmaya d\u00f6n\u00fc\u015ft\u00fc; \u00fcretim ve \u00fcreticiler yerine g\u0131da ve t\u00fcketimle ilgili meseleler g\u00fcndemin ba\u015f k\u00f6\u015fesine oturdu. K\u00fc\u00e7\u00fck \u00fcreticili\u011fin sorunlar\u0131, kumarhane kapitalizmi nin k\u0131rdaki yans\u0131malar\u0131, k\u00f6y\u00fcn de\u011fi\u015fen toplumsal yap\u0131s\u0131, proleterle\u015fme bi\u00e7imleri ve tar\u0131m\u0131n uluslararas\u0131la\u015fmas\u0131 bu kentli tart\u0131\u015fmalar i\u00e7inde yer bulamad\u0131. Bildi\u011fimiz Tar\u0131m\u0131n Sonu, k\u00fcresel iktidar rejimlerini \u00fcreten iktisadi s\u00fcre\u00e7lerle beraber tar\u0131m sorununu yeniden ele al\u0131yor. 10 y\u0131l\u0131 a\u015fan bir ortak \u00e7al\u0131\u015fman\u0131n \u00fcr\u00fcn\u00fc olan bu eserde \u00c7a\u011flar Keyder ve Zafer Yenal, tar\u0131m sorununu ve k\u0131rsal yap\u0131lar\u0131n d\u00f6n\u00fc\u015f\u00fcm\u00fcn\u00fc, metala\u015fma, k\u00f6yl\u00fcn\u00fcn m\u00fclks\u00fczle\u015fmesi ve siyaset ba\u011flam\u0131nda tart\u0131\u015fmaya a\u00e7\u0131yor. D\u00fcnyada da T\u00fcrkiye\u2019de de yoksulluk, b\u00f6lgesel e\u015fitsizlikler, \u00e7evre, sosyal politikalar ve toplumsal hareketler gibi bir\u00e7ok \u00f6nemli meseleyi anlaml\u0131 bir \u015fekilde konu\u015fabilmek i\u00e7in tar\u0131mda ve k\u0131rda olup bitenleri hesaba katmamak imk\u00e2ns\u0131z. Bildi\u011fimiz Tar\u0131m\u0131n Sonu, organik pazar romantizmine ya da k\u00f6y nostaljisine hapsolmadan, tar\u0131m sorununu d\u00fc\u015f\u00fcnmenin ve tart\u0131\u015fman\u0131n bereketini anlat\u0131yor. \ufffcTan\u0131t\u0131m Metni<\/p>\n","protected":false},"excerpt":{"rendered":"<p>Tar\u0131m sorunu (die Agrarfrage), 20. y\u00fczy\u0131l\u0131n ba\u015f\u0131ndan itibaren siyasetin ve sosyal bilimlerin en \u00f6nemli tart\u0131\u015fma alanlar\u0131ndan biriydi. 1980\u2019lerin d\u00fc\u015f\u00fcnce ikliminde ivme kaybedip \u015fekil de\u011fi\u015ftirdi ve daha<span class=\"excerpt-hellip\"> [\u2026]<\/span><\/p>\n","protected":false},"featured_media":0,"template":"","meta":{"_monsterinsights_skip_tracking":false,"_monsterinsights_sitenote_active":false,"_monsterinsights_sitenote_note":"","_monsterinsights_sitenote_category":0},"product_brand":[],"product_cat":[12364],"product_tag":[],"class_list":{"0":"post-689426","1":"product","2":"type-product","3":"status-publish","5":"product_cat-genel-konular","6":"pa_cilt-ciltsiz","7":"pa_tur-kitap","8":"pa_yayinevi-iletisim-yayinlari","9":"pa_yazar-caglar-keyder","10":"pa_yazar-zafer-yenal","12":"first","13":"instock","14":"sale","15":"shipping-taxable","16":"purchasable","17":"product-type-simple"},"_links":{"self":[{"href":"https:\/\/roveyayinevi.com.tr\/index.php\/wp-json\/wp\/v2\/product\/689426","targetHints":{"allow":["GET"]}}],"collection":[{"href":"https:\/\/roveyayinevi.com.tr\/index.php\/wp-json\/wp\/v2\/product"}],"about":[{"href":"https:\/\/roveyayinevi.com.tr\/index.php\/wp-json\/wp\/v2\/types\/product"}],"wp:attachment":[{"href":"https:\/\/roveyayinevi.com.tr\/index.php\/wp-json\/wp\/v2\/media?parent=689426"}],"wp:term":[{"taxonomy":"product_brand","embeddable":true,"href":"https:\/\/roveyayinevi.com.tr\/index.php\/wp-json\/wp\/v2\/product_brand?post=689426"},{"taxonomy":"product_cat","embeddable":true,"href":"https:\/\/roveyayinevi.com.tr\/index.php\/wp-json\/wp\/v2\/product_cat?post=689426"},{"taxonomy":"product_tag","embeddable":true,"href":"https:\/\/roveyayinevi.com.tr\/index.php\/wp-json\/wp\/v2\/product_tag?post=689426"}],"curies":[{"name":"wp","href":"https:\/\/api.w.org\/{rel}","templated":true}]}}