{"id":689423,"date":"2025-08-27T13:11:17","date_gmt":"2025-08-27T10:11:17","guid":{"rendered":"https:\/\/roveyayinevi.com.tr\/index.php\/urun\/ispanyol-dili-ve-grameri\/"},"modified":"2026-04-16T01:59:15","modified_gmt":"2026-04-15T22:59:15","slug":"ispanyol-dili-ve-grameri","status":"publish","type":"product","link":"https:\/\/roveyayinevi.com.tr\/index.php\/urun\/ispanyol-dili-ve-grameri\/","title":{"rendered":"\u0130spanyol Dili ve Grameri"},"content":{"rendered":"<p>Latin kaynakl\u0131 dillerin en \u00f6nemlilerinden biri olan \u0130spanyolca, \u0130spanya&#8217;dan ba\u015fka Amerika k\u0131tas\u0131nda Brezilya d\u0131\u015f\u0131nda t\u00fcm g\u00fcney ve orta Amerika \u00fclkelerinde, Meksika&#8217;da ve A.B.D.&#8217;nin bir b\u00f6l\u00fcm\u00fcnde, \u0130spanya&#8217;n\u0131n Afrika&#8217;daki eski s\u00f6m\u00fcrgelerinde ve Kanarya Adalar\u0131&#8217;nda, Uzak Do\u011fu&#8217;da Filipinler&#8217;de konu\u015fulmaktad\u0131r. B\u00f6ylece \u0130spanyolca, XV. ve XVI. y\u00fczy\u0131llarda \u0130spanya&#8217;dan g\u00f6\u00e7edip Anadolu, Suriye ve Filistin&#8217;e yerle\u015fen Sefarditler de dahil olmak \u00fczere, d\u00fcnyada 200 milyondan fazla insan\u0131n ana dilidir. \u00c7ok zengin bir kelime hazinesine ve pek\u00e7ok \u00fclkede konu\u015fulmas\u0131 nedeniyle geni\u015f bir dil edebiyat\u0131na sahip olan bu dil, d\u00fcnya edebiyat\u0131na da say\u0131s\u0131z klasikler kazand\u0131rm\u0131\u015ft\u0131r. \ufffcTan\u0131t\u0131m Metni<\/p>\n","protected":false},"excerpt":{"rendered":"<p>Latin kaynakl\u0131 dillerin en \u00f6nemlilerinden biri olan \u0130spanyolca, \u0130spanya&#8217;dan ba\u015fka Amerika k\u0131tas\u0131nda Brezilya d\u0131\u015f\u0131nda t\u00fcm g\u00fcney ve orta Amerika \u00fclkelerinde, Meksika&#8217;da ve A.B.D.&#8217;nin bir b\u00f6l\u00fcm\u00fcnde, \u0130spanya&#8217;n\u0131n<span class=\"excerpt-hellip\"> [\u2026]<\/span><\/p>\n","protected":false},"featured_media":0,"template":"","meta":{"_monsterinsights_skip_tracking":false,"_monsterinsights_sitenote_active":false,"_monsterinsights_sitenote_note":"","_monsterinsights_sitenote_category":0},"product_brand":[],"product_cat":[14597,12566,14608],"product_tag":[],"class_list":{"0":"post-689423","1":"product","2":"type-product","3":"status-publish","5":"product_cat-dil-ogrenimi","6":"product_cat-egitim","7":"product_cat-ispanyolca","8":"pa_cilt-ciltsiz","9":"pa_tur-kitap","10":"pa_yayinevi-inkilap-kitabevi","11":"pa_yazar-inci-kut","13":"first","14":"instock","15":"sale","16":"shipping-taxable","17":"purchasable","18":"product-type-simple"},"_links":{"self":[{"href":"https:\/\/roveyayinevi.com.tr\/index.php\/wp-json\/wp\/v2\/product\/689423","targetHints":{"allow":["GET"]}}],"collection":[{"href":"https:\/\/roveyayinevi.com.tr\/index.php\/wp-json\/wp\/v2\/product"}],"about":[{"href":"https:\/\/roveyayinevi.com.tr\/index.php\/wp-json\/wp\/v2\/types\/product"}],"wp:attachment":[{"href":"https:\/\/roveyayinevi.com.tr\/index.php\/wp-json\/wp\/v2\/media?parent=689423"}],"wp:term":[{"taxonomy":"product_brand","embeddable":true,"href":"https:\/\/roveyayinevi.com.tr\/index.php\/wp-json\/wp\/v2\/product_brand?post=689423"},{"taxonomy":"product_cat","embeddable":true,"href":"https:\/\/roveyayinevi.com.tr\/index.php\/wp-json\/wp\/v2\/product_cat?post=689423"},{"taxonomy":"product_tag","embeddable":true,"href":"https:\/\/roveyayinevi.com.tr\/index.php\/wp-json\/wp\/v2\/product_tag?post=689423"}],"curies":[{"name":"wp","href":"https:\/\/api.w.org\/{rel}","templated":true}]}}