{"id":689421,"date":"2025-08-27T13:11:16","date_gmt":"2025-08-27T10:11:16","guid":{"rendered":"https:\/\/roveyayinevi.com.tr\/index.php\/urun\/international-buyuk-ispanyolca-turkce-sozluk\/"},"modified":"2026-04-16T01:59:15","modified_gmt":"2026-04-15T22:59:15","slug":"international-buyuk-ispanyolca-turkce-sozluk","status":"publish","type":"product","link":"https:\/\/roveyayinevi.com.tr\/index.php\/urun\/international-buyuk-ispanyolca-turkce-sozluk\/","title":{"rendered":"International B\u00fcy\u00fck \u0130spanyolca T\u00fcrk\u00e7e S\u00f6zl\u00fck"},"content":{"rendered":"<p>International B\u00fcy\u00fck \u0130spanyolca T\u00fcrk\u00e7e S\u00f6zl\u00fck \ufffcTan\u0131t\u0131m Metni<\/p>\n","protected":false},"excerpt":{"rendered":"<p>International B\u00fcy\u00fck \u0130spanyolca T\u00fcrk\u00e7e S\u00f6zl\u00fck \ufffcTan\u0131t\u0131m Metni<\/p>\n","protected":false},"featured_media":0,"template":"","meta":{"_monsterinsights_skip_tracking":false,"_monsterinsights_sitenote_active":false,"_monsterinsights_sitenote_note":"","_monsterinsights_sitenote_category":0},"product_brand":[],"product_cat":[14597,12566,14608],"product_tag":[],"class_list":{"0":"post-689421","1":"product","2":"type-product","3":"status-publish","5":"product_cat-dil-ogrenimi","6":"product_cat-egitim","7":"product_cat-ispanyolca","8":"pa_cilt-ciltli","9":"pa_tur-kitap","10":"pa_yayinevi-inkilap-kitabevi","11":"pa_yazar-gungor-kut","13":"first","14":"instock","15":"sale","16":"shipping-taxable","17":"purchasable","18":"product-type-simple"},"_links":{"self":[{"href":"https:\/\/roveyayinevi.com.tr\/index.php\/wp-json\/wp\/v2\/product\/689421","targetHints":{"allow":["GET"]}}],"collection":[{"href":"https:\/\/roveyayinevi.com.tr\/index.php\/wp-json\/wp\/v2\/product"}],"about":[{"href":"https:\/\/roveyayinevi.com.tr\/index.php\/wp-json\/wp\/v2\/types\/product"}],"wp:attachment":[{"href":"https:\/\/roveyayinevi.com.tr\/index.php\/wp-json\/wp\/v2\/media?parent=689421"}],"wp:term":[{"taxonomy":"product_brand","embeddable":true,"href":"https:\/\/roveyayinevi.com.tr\/index.php\/wp-json\/wp\/v2\/product_brand?post=689421"},{"taxonomy":"product_cat","embeddable":true,"href":"https:\/\/roveyayinevi.com.tr\/index.php\/wp-json\/wp\/v2\/product_cat?post=689421"},{"taxonomy":"product_tag","embeddable":true,"href":"https:\/\/roveyayinevi.com.tr\/index.php\/wp-json\/wp\/v2\/product_tag?post=689421"}],"curies":[{"name":"wp","href":"https:\/\/api.w.org\/{rel}","templated":true}]}}