{"id":689415,"date":"2025-08-27T13:11:15","date_gmt":"2025-08-27T10:11:15","guid":{"rendered":"https:\/\/roveyayinevi.com.tr\/index.php\/urun\/insan-isterse-azmin-zaferi-oykuleri-4\/"},"modified":"2026-04-08T01:59:04","modified_gmt":"2026-04-07T22:59:04","slug":"insan-isterse-azmin-zaferi-oykuleri-4","status":"publish","type":"product","link":"https:\/\/roveyayinevi.com.tr\/index.php\/urun\/insan-isterse-azmin-zaferi-oykuleri-4\/","title":{"rendered":"\u0130nsan \u0130sterse Azmin Zaferi \u00d6yk\u00fcleri 4"},"content":{"rendered":"<p>Baz\u0131lar\u0131 asi ama azimli do\u011far. Kal\u0131plara s\u0131\u011fmaz, s\u0131ra d\u0131\u015f\u0131 ya\u015farlar. Alanlar\u0131nda \u00e7\u0131\u011f\u0131r a\u00e7ar, devrimci yenilikler yaparlar. Yerle\u015fik yarg\u0131lara meydan okurlar. \u00d6zg\u00fcn ve \u00f6zg\u00fcr ruhlar\u0131yla, yaln\u0131z kalsalar da ileri y\u00fcr\u00fcrler. \u00d6m\u00fcrleri m\u00fccadeleyle ge\u00e7er. \u00d6fkeyle kalk\u0131p ba\u015far\u0131yla oturanlar\u0131n hik\u00e2yeleri bu kitapta&#8230; Orta Asya bozk\u0131rlar\u0131nda do\u011fdu, \u00f6nce m\u00fclteci, sonra bek\u00e7i, sonunda NATO\u2019ya VIP y\u00f6netici oldu! T\u00fcrkistan-Hindistan-T\u00fcrkiye \u00fc\u00e7geninde ya\u015fanan g\u00f6rkemli bir ser\u00fcven. Kazak kurdu \u015eerizat\u2019\u0131n film gibi hikayesi ilk kez \u0130nsan \u0130sterse\u2019de&#8230; Tabelac\u0131 babas\u0131n\u0131n ald\u0131\u011f\u0131 bisikleti \u00e7alan \u00e7ocu\u011fu yakalasayd\u0131 katil olacakt\u0131, yakalayamay\u0131nca d\u00fcnya a\u011f\u0131r siklet boks \u015fampiyonu oldu! Asi efsane Muhammed Ali\u2019nin hikayesi&#8230; Yoksul ve yaln\u0131z bir \u00e7ocuk nas\u0131l y\u0131lmaz bir sava\u015f\u00e7\u0131ya d\u00f6n\u00fc\u015ft\u00fc? G\u00f6zya\u015flar\u0131n\u0131 g\u00fclmeceye \u00e7eviren Aziz Nesin\u2019in insan\u0131 ba\u015far\u0131ya azmettiren hikayesi&#8230; \u0130lkokulu zor bitirdi ama balonu \u015fi\u015firip satarak d\u00fcnya markas\u0131 oldu! Zeki Ba\u015feskio\u011flu\u2019nun zekice y\u00fckseli\u015f \u00f6yk\u00fcs\u00fc&#8230; Emeklili\u011fine iki ay kala ordudan at\u0131l\u0131nca inat edip yazd\u0131\u011f\u0131 kitaplarla ordu kadar okuru oldu! \u0130skender Pala\u2019n\u0131n hikayesi&#8230; 2,5 ya\u015f\u0131nda babas\u0131n\u0131 kaybetti, sisteme inat dershaneye gitmeden Bo\u011fazi\u00e7i\u2019ni kazand\u0131: Teoman\u2019\u0131n azimli y\u00fcz\u00fc&#8230; \u00dcniversiteyi 6 ayda terk etti, evin garaj\u0131nda kurdu\u011fu \u015firketle efsane oldu: Steve Jobs\u2019un hikayesi&#8230; Erkeklere meydan okudu, Kad\u0131nca bir ba\u015far\u0131n\u0131n kahraman\u0131 oldu: Duygu Asena\u2019n\u0131n azmi nas\u0131l zaferine ula\u015ft\u0131? Babas\u0131na kar\u015f\u0131 \u00e7\u0131k\u0131nca, \u00f6nce be\u015f paras\u0131z kald\u0131, sonra my ba\u015far\u0131 sahibi oldu: Ali A\u011fao\u011flu\u2019nun hikayesi&#8230; Avukat patronuna k\u0131zd\u0131, hukuk okuyup New York\u2019ta kendi hukuk b\u00fcrosunu a\u00e7t\u0131: \u00c7i\u011fdem Acar\u2019\u0131n hikayesi&#8230; T\u00fcrkler ancak kebap\u00e7\u0131l\u0131ktan anlar, diyenlere inat, Londra ve Las Vegas\u2019ta \u0130ngilizce kursu a\u00e7t\u0131: Kaz\u0131m Kahraman\u2019\u0131n hikayesi&#8230; Heykeli hayattayken \u00fczerine at\u0131lan ta\u015flardan yap\u0131lan Soljenitsin\u2019in hikayesi&#8230; Bir amigonun \u2018Alen\u2019i ba\u015far\u0131 hikayesi: \u00c7ar\u015f\u0131 azimsizli\u011fe de kar\u015f\u0131! Bir grup \u00f6\u011frencinin imkans\u0131z\u0131n foto\u011fraf\u0131n\u0131 \u00e7ekme hikayesi&#8230; <\/p>\n","protected":false},"excerpt":{"rendered":"<p>Baz\u0131lar\u0131 asi ama azimli do\u011far. Kal\u0131plara s\u0131\u011fmaz, s\u0131ra d\u0131\u015f\u0131 ya\u015farlar. Alanlar\u0131nda \u00e7\u0131\u011f\u0131r a\u00e7ar, devrimci yenilikler yaparlar. Yerle\u015fik yarg\u0131lara meydan okurlar. \u00d6zg\u00fcn ve \u00f6zg\u00fcr ruhlar\u0131yla, yaln\u0131z kalsalar<span class=\"excerpt-hellip\"> [\u2026]<\/span><\/p>\n","protected":false},"featured_media":0,"template":"","meta":{"_monsterinsights_skip_tracking":false,"_monsterinsights_sitenote_active":false,"_monsterinsights_sitenote_note":"","_monsterinsights_sitenote_category":0},"product_brand":[],"product_cat":[12364,12376],"product_tag":[],"class_list":{"0":"post-689415","1":"product","2":"type-product","3":"status-publish","5":"product_cat-genel-konular","6":"product_cat-kisisel-gelisim","7":"pa_cilt-ciltsiz","8":"pa_tur-kitap","9":"pa_yayinevi-alfa-yayinlari","10":"pa_yazar-mumin-sekman","12":"first","13":"instock","14":"sale","15":"shipping-taxable","16":"purchasable","17":"product-type-simple"},"_links":{"self":[{"href":"https:\/\/roveyayinevi.com.tr\/index.php\/wp-json\/wp\/v2\/product\/689415","targetHints":{"allow":["GET"]}}],"collection":[{"href":"https:\/\/roveyayinevi.com.tr\/index.php\/wp-json\/wp\/v2\/product"}],"about":[{"href":"https:\/\/roveyayinevi.com.tr\/index.php\/wp-json\/wp\/v2\/types\/product"}],"wp:attachment":[{"href":"https:\/\/roveyayinevi.com.tr\/index.php\/wp-json\/wp\/v2\/media?parent=689415"}],"wp:term":[{"taxonomy":"product_brand","embeddable":true,"href":"https:\/\/roveyayinevi.com.tr\/index.php\/wp-json\/wp\/v2\/product_brand?post=689415"},{"taxonomy":"product_cat","embeddable":true,"href":"https:\/\/roveyayinevi.com.tr\/index.php\/wp-json\/wp\/v2\/product_cat?post=689415"},{"taxonomy":"product_tag","embeddable":true,"href":"https:\/\/roveyayinevi.com.tr\/index.php\/wp-json\/wp\/v2\/product_tag?post=689415"}],"curies":[{"name":"wp","href":"https:\/\/api.w.org\/{rel}","templated":true}]}}