{"id":689407,"date":"2025-08-27T13:11:14","date_gmt":"2025-08-27T10:11:14","guid":{"rendered":"https:\/\/roveyayinevi.com.tr\/index.php\/urun\/ey-vatan\/"},"modified":"2026-04-16T01:59:15","modified_gmt":"2026-04-15T22:59:15","slug":"ey-vatan","status":"publish","type":"product","link":"https:\/\/roveyayinevi.com.tr\/index.php\/urun\/ey-vatan\/","title":{"rendered":"Ey Vatan"},"content":{"rendered":"<p>Unutulanlar D\u0131\u015f\u0131nda Yeni Bir \u015eey Yok&#8217;un yazar\u0131 Osman Pamuko\u011flu, Ey Vatan&#8217;da Birinci D\u00fcnya Sava\u015f\u0131&#8217;ndan yenik \u00e7\u0131km\u0131\u015f bir ulusun yeniden do\u011fu\u015funu anlat\u0131yor. Vatan olgusunun uluslar\u0131n olu\u015fumunda ve vatana sahip \u00e7\u0131kman\u0131n uluslar\u0131n geli\u015fimindeki \u00f6nemini vurgulayan Pamuko\u011flu, T\u00fcrklerin asl\u0131nda bar\u0131\u015fsever bir ulus oldu\u011funu, sava\u015f\u0131n insanl\u0131\u011fa y\u0131k\u0131mdan ba\u015fka bir \u015fey getirmedi\u011fini ama ulusal varl\u0131\u011f\u0131m\u0131z\u0131 tehdit eden bir sald\u0131r\u0131 kar\u015f\u0131s\u0131nda T\u00fcrklerin nas\u0131l kahramanca vatanlar\u0131n\u0131 savunaca\u011f\u0131n\u0131 g\u00f6sterdi\u011fini anlat\u0131yor.ABD&#8217;nin Irak&#8217;a haks\u0131z m\u00fcdahalesi ve T\u00fcrkiye&#8217;nin tutumuyla ilgili d\u00fc\u015f\u00fcncelerini de a\u00e7\u0131klayan Pamuko\u011flu, Irak m\u00fcdahalesinin daha ilk g\u00fcnlerinde bu sava\u015f\u0131n kolay kolay bitmeyece\u011fini ve ABD&#8217;nin ikinci bir Vietnam&#8217;la kar\u015f\u0131la\u015faca\u011f\u0131n\u0131 s\u00f6yledi\u011finin ve durumun bug\u00fcn tam da s\u00f6yledi\u011fi gibi geli\u015fti\u011finin alt\u0131n\u0131 \u00e7iziyor.Ey Vatan, 30 y\u0131l\u0131 a\u015fk\u0131n bir s\u00fcre T\u00fcrk Ordusu&#8217;na hizmet vermi\u015f ve G\u00fcneydo\u011fu&#8217;da ate\u015fin i\u00e7inden ge\u00e7mi\u015f bir generalin, deneyimlerinden ortaya \u00e7\u0131kan Vatan, Sava\u015f ve Liderlik \u00fczerine g\u00f6r\u00fc\u015flerini i\u00e7eriyor. <\/p>\n","protected":false},"excerpt":{"rendered":"<p>Unutulanlar D\u0131\u015f\u0131nda Yeni Bir \u015eey Yok&#8217;un yazar\u0131 Osman Pamuko\u011flu, Ey Vatan&#8217;da Birinci D\u00fcnya Sava\u015f\u0131&#8217;ndan yenik \u00e7\u0131km\u0131\u015f bir ulusun yeniden do\u011fu\u015funu anlat\u0131yor. Vatan olgusunun uluslar\u0131n olu\u015fumunda ve<span class=\"excerpt-hellip\"> [\u2026]<\/span><\/p>\n","protected":false},"featured_media":0,"template":"","meta":{"_monsterinsights_skip_tracking":false,"_monsterinsights_sitenote_active":false,"_monsterinsights_sitenote_note":"","_monsterinsights_sitenote_category":0},"product_brand":[],"product_cat":[12274,14573],"product_tag":[],"class_list":{"0":"post-689407","1":"product","2":"type-product","3":"status-publish","5":"product_cat-cocuk-ve-genclik-kitaplari","6":"product_cat-referans-kitaplar-cocuk-ve-genclik-kitaplari","7":"pa_cilt-ciltsiz","8":"pa_tur-kitap","9":"pa_yayinevi-inkilap-kitabevi","10":"pa_yazar-osman-pamukoglu","12":"first","13":"instock","14":"sale","15":"shipping-taxable","16":"purchasable","17":"product-type-simple"},"_links":{"self":[{"href":"https:\/\/roveyayinevi.com.tr\/index.php\/wp-json\/wp\/v2\/product\/689407","targetHints":{"allow":["GET"]}}],"collection":[{"href":"https:\/\/roveyayinevi.com.tr\/index.php\/wp-json\/wp\/v2\/product"}],"about":[{"href":"https:\/\/roveyayinevi.com.tr\/index.php\/wp-json\/wp\/v2\/types\/product"}],"wp:attachment":[{"href":"https:\/\/roveyayinevi.com.tr\/index.php\/wp-json\/wp\/v2\/media?parent=689407"}],"wp:term":[{"taxonomy":"product_brand","embeddable":true,"href":"https:\/\/roveyayinevi.com.tr\/index.php\/wp-json\/wp\/v2\/product_brand?post=689407"},{"taxonomy":"product_cat","embeddable":true,"href":"https:\/\/roveyayinevi.com.tr\/index.php\/wp-json\/wp\/v2\/product_cat?post=689407"},{"taxonomy":"product_tag","embeddable":true,"href":"https:\/\/roveyayinevi.com.tr\/index.php\/wp-json\/wp\/v2\/product_tag?post=689407"}],"curies":[{"name":"wp","href":"https:\/\/api.w.org\/{rel}","templated":true}]}}