{"id":689406,"date":"2025-08-27T13:11:14","date_gmt":"2025-08-27T10:11:14","guid":{"rendered":"https:\/\/roveyayinevi.com.tr\/index.php\/urun\/efe-turk-yavuz-sultan-selim\/"},"modified":"2026-02-03T02:00:39","modified_gmt":"2026-02-02T23:00:39","slug":"efe-turk-yavuz-sultan-selim","status":"publish","type":"product","link":"https:\/\/roveyayinevi.com.tr\/index.php\/urun\/efe-turk-yavuz-sultan-selim\/","title":{"rendered":"Efe T\u00fcrk Yavuz Sultan Selim"},"content":{"rendered":"<p>Hakk\u0131nda ileri s\u00fcr\u00fclen \u00e7ok l\u00e2f aras\u0131nda, Yavuz Sultan Selim i\u00e7in en uygun s\u00f6z\u00fc; 10 ya\u015f\u0131na kadar yan\u0131nda b\u00fcy\u00fcyen torunu i\u00e7in Fatih Sultan Mehmet s\u00f6yleyip; Benden sonra tahta kim oturur bilmem de, bu Efe T\u00fcrk\u2019\u00fcn y\u00f6netiminde, Devlet-i Aliyye en az \u00fc\u00e7 misli b\u00fcy\u00fcy\u00fcp dev bir imparatorluk olur! ke\u015ffinde bulunmu\u015ftu. Sultan Yavuz, M\u0131s\u0131r fethinde kendine hediye edilen d\u00fcnya haritas\u0131n\u0131 avucunun i\u00e7ine al\u0131p, bu bize bile az! diyerek, dedesini do\u011frulad\u0131. B\u00fcy\u00fck ceng\u00e2verin ibret dolu hayat\u0131, t\u00fcm ya\u015fanm\u0131\u015flar\u0131yla. Ve o; g\u00f6zlerden ka\u00e7an t\u00fcm gizemiyle bu romanda! \ufffcTan\u0131t\u0131m Metni<\/p>\n","protected":false},"excerpt":{"rendered":"<p>Hakk\u0131nda ileri s\u00fcr\u00fclen \u00e7ok l\u00e2f aras\u0131nda, Yavuz Sultan Selim i\u00e7in en uygun s\u00f6z\u00fc; 10 ya\u015f\u0131na kadar yan\u0131nda b\u00fcy\u00fcyen torunu i\u00e7in Fatih Sultan Mehmet s\u00f6yleyip; Benden sonra<span class=\"excerpt-hellip\"> [\u2026]<\/span><\/p>\n","protected":false},"featured_media":0,"template":"","meta":{"_monsterinsights_skip_tracking":false,"_monsterinsights_sitenote_active":false,"_monsterinsights_sitenote_note":"","_monsterinsights_sitenote_category":0},"product_brand":[],"product_cat":[12291,12745],"product_tag":[],"class_list":{"0":"post-689406","1":"product","2":"type-product","3":"status-publish","5":"product_cat-edebiyat","6":"product_cat-tarihi-roman","7":"pa_tur-kitap","8":"pa_yayinevi-hayat-yayinlari","9":"pa_yazar-hasan-basri-bilgin","11":"first","12":"instock","13":"sale","14":"shipping-taxable","15":"purchasable","16":"product-type-simple"},"_links":{"self":[{"href":"https:\/\/roveyayinevi.com.tr\/index.php\/wp-json\/wp\/v2\/product\/689406","targetHints":{"allow":["GET"]}}],"collection":[{"href":"https:\/\/roveyayinevi.com.tr\/index.php\/wp-json\/wp\/v2\/product"}],"about":[{"href":"https:\/\/roveyayinevi.com.tr\/index.php\/wp-json\/wp\/v2\/types\/product"}],"wp:attachment":[{"href":"https:\/\/roveyayinevi.com.tr\/index.php\/wp-json\/wp\/v2\/media?parent=689406"}],"wp:term":[{"taxonomy":"product_brand","embeddable":true,"href":"https:\/\/roveyayinevi.com.tr\/index.php\/wp-json\/wp\/v2\/product_brand?post=689406"},{"taxonomy":"product_cat","embeddable":true,"href":"https:\/\/roveyayinevi.com.tr\/index.php\/wp-json\/wp\/v2\/product_cat?post=689406"},{"taxonomy":"product_tag","embeddable":true,"href":"https:\/\/roveyayinevi.com.tr\/index.php\/wp-json\/wp\/v2\/product_tag?post=689406"}],"curies":[{"name":"wp","href":"https:\/\/api.w.org\/{rel}","templated":true}]}}