{"id":689405,"date":"2025-08-27T13:11:13","date_gmt":"2025-08-27T10:11:13","guid":{"rendered":"https:\/\/roveyayinevi.com.tr\/index.php\/urun\/siyasi-gunluk-demokrat-partinin-kurulusu\/"},"modified":"2026-04-16T01:59:15","modified_gmt":"2026-04-15T22:59:15","slug":"siyasi-gunluk-demokrat-partinin-kurulusu","status":"publish","type":"product","link":"https:\/\/roveyayinevi.com.tr\/index.php\/urun\/siyasi-gunluk-demokrat-partinin-kurulusu\/","title":{"rendered":"Siyasi G\u00fcnl\u00fck \/ Demokrat Parti&#8217;nin Kurulu\u015fu"},"content":{"rendered":"<p>Samet A\u011fao\u011flu, sadece siyaset sahnemizin de\u011fil siyasi literat\u00fcr\u00fcm\u00fcz\u00fcn de en \u00f6zg\u00fcn ve en \u00f6nemli isimlerinden. A\u011fao\u011flu\u2019nun ilk kez g\u00fcn\u0131\u015f\u0131\u011f\u0131na \u00e7\u0131kan siyasi g\u00fcnl\u00fc\u011f\u00fc, yak\u0131n tarihimizin \u00f6nemli bir d\u00f6nemine ili\u015fkin \u00e7ok zengin bir eser niteli\u011finde.<\/p>\n","protected":false},"excerpt":{"rendered":"<p>Samet A\u011fao\u011flu, sadece siyaset sahnemizin de\u011fil siyasi literat\u00fcr\u00fcm\u00fcz\u00fcn de en \u00f6zg\u00fcn ve en \u00f6nemli isimlerinden. A\u011fao\u011flu\u2019nun ilk kez g\u00fcn\u0131\u015f\u0131\u011f\u0131na \u00e7\u0131kan siyasi g\u00fcnl\u00fc\u011f\u00fc, yak\u0131n tarihimizin \u00f6nemli bir<span class=\"excerpt-hellip\"> [\u2026]<\/span><\/p>\n","protected":false},"featured_media":0,"template":"","meta":{"_monsterinsights_skip_tracking":false,"_monsterinsights_sitenote_active":false,"_monsterinsights_sitenote_note":"","_monsterinsights_sitenote_category":0},"product_brand":[],"product_cat":[12312,12304],"product_tag":[],"class_list":{"0":"post-689405","1":"product","2":"type-product","3":"status-publish","5":"product_cat-diger","6":"product_cat-tarih","7":"pa_cilt-ciltsiz","8":"pa_tur-kitap","9":"pa_yayinevi-iletisim-yayinlari","10":"pa_yazar-samet-agaoglu","12":"first","13":"instock","14":"sale","15":"shipping-taxable","16":"purchasable","17":"product-type-simple"},"_links":{"self":[{"href":"https:\/\/roveyayinevi.com.tr\/index.php\/wp-json\/wp\/v2\/product\/689405","targetHints":{"allow":["GET"]}}],"collection":[{"href":"https:\/\/roveyayinevi.com.tr\/index.php\/wp-json\/wp\/v2\/product"}],"about":[{"href":"https:\/\/roveyayinevi.com.tr\/index.php\/wp-json\/wp\/v2\/types\/product"}],"wp:attachment":[{"href":"https:\/\/roveyayinevi.com.tr\/index.php\/wp-json\/wp\/v2\/media?parent=689405"}],"wp:term":[{"taxonomy":"product_brand","embeddable":true,"href":"https:\/\/roveyayinevi.com.tr\/index.php\/wp-json\/wp\/v2\/product_brand?post=689405"},{"taxonomy":"product_cat","embeddable":true,"href":"https:\/\/roveyayinevi.com.tr\/index.php\/wp-json\/wp\/v2\/product_cat?post=689405"},{"taxonomy":"product_tag","embeddable":true,"href":"https:\/\/roveyayinevi.com.tr\/index.php\/wp-json\/wp\/v2\/product_tag?post=689405"}],"curies":[{"name":"wp","href":"https:\/\/api.w.org\/{rel}","templated":true}]}}