{"id":689402,"date":"2025-08-27T13:11:13","date_gmt":"2025-08-27T10:11:13","guid":{"rendered":"https:\/\/roveyayinevi.com.tr\/index.php\/urun\/klasik-yunan-ve-roma-mitolojisi\/"},"modified":"2026-04-16T01:59:15","modified_gmt":"2026-04-15T22:59:15","slug":"klasik-yunan-ve-roma-mitolojisi","status":"publish","type":"product","link":"https:\/\/roveyayinevi.com.tr\/index.php\/urun\/klasik-yunan-ve-roma-mitolojisi\/","title":{"rendered":"Klasik Yunan ve Roma Mitolojisi"},"content":{"rendered":"<p>Yunan ve Roma mitolojisinin okurla en etkin bulu\u015fmas\u0131 1855\u2019te Thomas Bulfinch sayesinde olmu\u015ftur. Bulfinch\u2019in en b\u00fcy\u00fck dile\u011fi, \u00fcst\u00fcn bir yarat\u0131c\u0131l\u0131\u011f\u0131n eseri bu muhte\u015fem \u00f6yk\u00fcleri herkes i\u00e7in keyifli k\u0131lmakt\u0131, \u00e7\u00fcnk\u00fc ona g\u00f6re  mitoloji bilgisi olmadan, kendi dilimizdeki o zarif edebiyat\u0131n bile \u00e7o\u011fu ne anla\u015f\u0131l\u0131r, ne de takdir g\u00f6r\u00fcr.  Buradan hareketle, yazar\u0131n mitolojik hik\u00e2yeleri tutarl\u0131 bir b\u00fct\u00fcnl\u00fck i\u00e7inde, \u015fiir ve resim sanat\u0131ndan \u00f6rneklerle s\u00fcsleyerek ahenkli bir \u00fcslupla anlatmas\u0131, eserinin nesiller boyu geni\u015f kitlelerce kabul g\u00f6rmesinin en b\u00fcy\u00fck nedenidir. Klasik Yunan ve Roma Mitolojisi, Olympos tanr\u0131lar\u0131 hakk\u0131nda ayr\u0131nt\u0131l\u0131 ve ilgi \u00e7ekici bilgilerin yan\u0131 s\u0131ra Cupido ve Psykhe\u2019nin a\u015fk hik\u00e2yesi, Troya Sava\u015f\u0131 ve Odysseus\u2019un epik yolculu\u011fu gibi kahramanl\u0131k \u00f6yk\u00fcleri ile Homeros, Ovidius, Vergilius, Lord Byron ve Milton gibi klasik \u015fair-yazarlardan al\u0131nt\u0131lara da yer veren zengin bir i\u00e7erik sunuyor&#8230; <\/p>\n","protected":false},"excerpt":{"rendered":"<p>Yunan ve Roma mitolojisinin okurla en etkin bulu\u015fmas\u0131 1855\u2019te Thomas Bulfinch sayesinde olmu\u015ftur. Bulfinch\u2019in en b\u00fcy\u00fck dile\u011fi, \u00fcst\u00fcn bir yarat\u0131c\u0131l\u0131\u011f\u0131n eseri bu muhte\u015fem \u00f6yk\u00fcleri herkes i\u00e7in<span class=\"excerpt-hellip\"> [\u2026]<\/span><\/p>\n","protected":false},"featured_media":0,"template":"","meta":{"_monsterinsights_skip_tracking":false,"_monsterinsights_sitenote_active":false,"_monsterinsights_sitenote_note":"","_monsterinsights_sitenote_category":0},"product_brand":[],"product_cat":[12718,12858],"product_tag":[],"class_list":{"0":"post-689402","1":"product","2":"type-product","3":"status-publish","5":"product_cat-din","6":"product_cat-mitolojiler","7":"pa_cilt-ciltsiz","8":"pa_tur-kitap","9":"pa_yayinevi-inkilap-kitabevi","10":"pa_yazar-thomas-bulfinch","12":"first","13":"instock","14":"sale","15":"shipping-taxable","16":"purchasable","17":"product-type-simple"},"_links":{"self":[{"href":"https:\/\/roveyayinevi.com.tr\/index.php\/wp-json\/wp\/v2\/product\/689402","targetHints":{"allow":["GET"]}}],"collection":[{"href":"https:\/\/roveyayinevi.com.tr\/index.php\/wp-json\/wp\/v2\/product"}],"about":[{"href":"https:\/\/roveyayinevi.com.tr\/index.php\/wp-json\/wp\/v2\/types\/product"}],"wp:attachment":[{"href":"https:\/\/roveyayinevi.com.tr\/index.php\/wp-json\/wp\/v2\/media?parent=689402"}],"wp:term":[{"taxonomy":"product_brand","embeddable":true,"href":"https:\/\/roveyayinevi.com.tr\/index.php\/wp-json\/wp\/v2\/product_brand?post=689402"},{"taxonomy":"product_cat","embeddable":true,"href":"https:\/\/roveyayinevi.com.tr\/index.php\/wp-json\/wp\/v2\/product_cat?post=689402"},{"taxonomy":"product_tag","embeddable":true,"href":"https:\/\/roveyayinevi.com.tr\/index.php\/wp-json\/wp\/v2\/product_tag?post=689402"}],"curies":[{"name":"wp","href":"https:\/\/api.w.org\/{rel}","templated":true}]}}