{"id":689399,"date":"2025-08-27T13:11:12","date_gmt":"2025-08-27T10:11:12","guid":{"rendered":"https:\/\/roveyayinevi.com.tr\/index.php\/urun\/bir-bilim-adaminin-romani-butun-eserleri-5-mustafa-inan\/"},"modified":"2026-04-16T01:59:15","modified_gmt":"2026-04-15T22:59:15","slug":"bir-bilim-adaminin-romani-butun-eserleri-5-mustafa-inan","status":"publish","type":"product","link":"https:\/\/roveyayinevi.com.tr\/index.php\/urun\/bir-bilim-adaminin-romani-butun-eserleri-5-mustafa-inan\/","title":{"rendered":"Bir Bilim Adam\u0131n\u0131n Roman\u0131 &#8211; B\u00fct\u00fcn Eserleri 5 &#8211; Mustafa \u0130nan"},"content":{"rendered":"<p>\u00dclkemizde pek benimsenmemi\u015f bir dalda, biyografik roman t\u00fcr\u00fcnde, O\u011fuz Atay\u2019\u0131n, kendine \u00f6zg\u00fc \u00fcslubu ve kurgusuyla, kendi hocas\u0131 da olan Mustafa \u0130nan\u2019\u0131 anlat\u0131\u015f\u0131. Bir halk \u00e7ocu\u011funun uluslararas\u0131 \u00fcn sahibi bilim adam\u0131 olu\u015funun zorlu ser\u00fcveni sergilenirken toplumsal ele\u015ftiri kal\u0131plar\u0131n\u0131n da zorlan\u0131\u015f\u0131. \u0130nan\u2019\u0131n ya\u015fam\u0131ndan kesitler veren foto\u011fraf alb\u00fcm\u00fcyle birlikte. 1934\u2019te \u0130nebolu\u2019da do\u011fdu. Ankara Maarif Koleji\u2019ni, \u0130T\u00dc \u0130n\u015faat Fak\u00fcltesi\u2019ni bitirdi. 1960\u2019ta \u0130DMMA \u0130n\u015faat -B\u00f6l\u00fcm\u00fc\u2019nde \u00f6\u011fretim \u00fcyesi olarak \u00e7al\u0131\u015fmaya ba\u015flad\u0131. Tutunamayanlar\u2019\u0131 yay\u0131mlamas\u0131n\u0131n (1971-1972) ard\u0131ndan, \u00f6nemli bir tart\u0131\u015fman\u0131n oda\u011f\u0131na yer ald\u0131. TRT 1970 Roman \u00d6d\u00fcl\u00fc\u2019n\u00fc kazanan Tutunamayanlar\u2019\u0131 k\u0131sa bir s\u00fcre sonra, 1973 y\u0131l\u0131nda Tehlikeli Oyunlar adl\u0131 ikinci roman\u0131 izledi. Hik\u00e2yelerini Korkuyu Beklerken ba\u015fl\u0131\u011f\u0131 alt\u0131nda toplad\u0131. 1911-1967 aras\u0131nda ya\u015fam\u0131\u015f hocas\u0131 Prof. Mustafa \u0130nan\u2019\u0131n hayat\u0131n\u0131 romanla\u015ft\u0131rarak Bir Bilim Adam\u0131n\u0131n Roman\u0131\u2019n\u0131 yazd\u0131. Oyunlarla Ya\u015fayanlar adl\u0131 tiyatro eseri Devlet Tiyatrolar\u0131nda sahnelendi. Atay 13 Aral\u0131k 1977\u2019de, b\u00fcy\u00fck projesi `T\u00fcrkiye\u2019nin Ruhu`nu yazamadan hayata g\u00f6zlerini yumdu.<\/p>\n","protected":false},"excerpt":{"rendered":"<p>\u00dclkemizde pek benimsenmemi\u015f bir dalda, biyografik roman t\u00fcr\u00fcnde, O\u011fuz Atay\u2019\u0131n, kendine \u00f6zg\u00fc \u00fcslubu ve kurgusuyla, kendi hocas\u0131 da olan Mustafa \u0130nan\u2019\u0131 anlat\u0131\u015f\u0131. Bir halk \u00e7ocu\u011funun uluslararas\u0131<span class=\"excerpt-hellip\"> [\u2026]<\/span><\/p>\n","protected":false},"featured_media":0,"template":"","meta":{"_monsterinsights_skip_tracking":false,"_monsterinsights_sitenote_active":false,"_monsterinsights_sitenote_note":"","_monsterinsights_sitenote_category":0},"product_brand":[],"product_cat":[13946,12304],"product_tag":[],"class_list":{"0":"post-689399","1":"product","2":"type-product","3":"status-publish","5":"product_cat-biyografi-otobiyografi","6":"product_cat-tarih","7":"pa_cilt-ciltsiz","8":"pa_tur-kitap","9":"pa_yayinevi-iletisim-yayinlari","10":"pa_yazar-oguz-atay","12":"first","13":"instock","14":"sale","15":"shipping-taxable","16":"purchasable","17":"product-type-simple"},"_links":{"self":[{"href":"https:\/\/roveyayinevi.com.tr\/index.php\/wp-json\/wp\/v2\/product\/689399","targetHints":{"allow":["GET"]}}],"collection":[{"href":"https:\/\/roveyayinevi.com.tr\/index.php\/wp-json\/wp\/v2\/product"}],"about":[{"href":"https:\/\/roveyayinevi.com.tr\/index.php\/wp-json\/wp\/v2\/types\/product"}],"wp:attachment":[{"href":"https:\/\/roveyayinevi.com.tr\/index.php\/wp-json\/wp\/v2\/media?parent=689399"}],"wp:term":[{"taxonomy":"product_brand","embeddable":true,"href":"https:\/\/roveyayinevi.com.tr\/index.php\/wp-json\/wp\/v2\/product_brand?post=689399"},{"taxonomy":"product_cat","embeddable":true,"href":"https:\/\/roveyayinevi.com.tr\/index.php\/wp-json\/wp\/v2\/product_cat?post=689399"},{"taxonomy":"product_tag","embeddable":true,"href":"https:\/\/roveyayinevi.com.tr\/index.php\/wp-json\/wp\/v2\/product_tag?post=689399"}],"curies":[{"name":"wp","href":"https:\/\/api.w.org\/{rel}","templated":true}]}}