{"id":689398,"date":"2025-08-27T13:11:12","date_gmt":"2025-08-27T10:11:12","guid":{"rendered":"https:\/\/roveyayinevi.com.tr\/index.php\/urun\/bir-akdeniz-kedisinin-hatiralari\/"},"modified":"2025-11-22T02:03:27","modified_gmt":"2025-11-21T23:03:27","slug":"bir-akdeniz-kedisinin-hatiralari","status":"publish","type":"product","link":"https:\/\/roveyayinevi.com.tr\/index.php\/urun\/bir-akdeniz-kedisinin-hatiralari\/","title":{"rendered":"Bir Akdeniz Kedisinin Hat\u0131ralar\u0131"},"content":{"rendered":"<p>Doli bir delikanl\u0131. Doli Akdeniz\u2019li. Doli bir kedi. Hayrettin Amca, Dolores, Gizem, Pa\u00e7avra, \u00c7ikin, G\u00fczel Romedyos, Lale, Viyan, Ads\u0131z, K\u0131lark ve di\u011fer kedilerle ve biraz da insanlarla birlikte hayat\u0131n k\u00fc\u00e7\u00fck, ama b\u00fcy\u00fck s\u0131rlar\u0131n\u0131 \u00e7\u00f6zmeye \u00e7al\u0131\u015f\u0131yor. Elimizde Doli\u2019nin g\u00fcnl\u00fc\u011f\u00fc, arkam\u0131zda Ka\u015f g\u00fcne\u015fi, \u00f6n\u00fcm\u00fczde Akdeniz mavisi hayat dedektifli\u011fine do\u011fru sessiz, s\u0131cak ve mavi bir yolculu\u011fa \u00e7\u0131k\u0131yoruz. Bu yolculukta hareket var, a\u015fk var, h\u00fcz\u00fcn var, huzur var, arkada\u015fl\u0131k var, dostluk var, yaln\u0131zl\u0131k var, k\u0131skan\u00e7l\u0131k var, merak var. K\u0131saca, hayat\u0131n kendisi var. <\/p>\n","protected":false},"excerpt":{"rendered":"<p>Doli bir delikanl\u0131. Doli Akdeniz\u2019li. Doli bir kedi. Hayrettin Amca, Dolores, Gizem, Pa\u00e7avra, \u00c7ikin, G\u00fczel Romedyos, Lale, Viyan, Ads\u0131z, K\u0131lark ve di\u011fer kedilerle ve biraz da<span class=\"excerpt-hellip\"> [\u2026]<\/span><\/p>\n","protected":false},"featured_media":0,"template":"","meta":{"_monsterinsights_skip_tracking":false,"_monsterinsights_sitenote_active":false,"_monsterinsights_sitenote_note":"","_monsterinsights_sitenote_category":0},"product_brand":[],"product_cat":[12291,12292],"product_tag":[],"class_list":{"0":"post-689398","1":"product","2":"type-product","3":"status-publish","5":"product_cat-edebiyat","6":"product_cat-turk-edebiyati","7":"pa_cilt-ciltsiz","8":"pa_tur-kitap","9":"pa_yayinevi-iletisim-yayinlari","10":"pa_yazar-sukran-yigit","12":"first","13":"instock","14":"sale","15":"shipping-taxable","16":"purchasable","17":"product-type-simple"},"_links":{"self":[{"href":"https:\/\/roveyayinevi.com.tr\/index.php\/wp-json\/wp\/v2\/product\/689398","targetHints":{"allow":["GET"]}}],"collection":[{"href":"https:\/\/roveyayinevi.com.tr\/index.php\/wp-json\/wp\/v2\/product"}],"about":[{"href":"https:\/\/roveyayinevi.com.tr\/index.php\/wp-json\/wp\/v2\/types\/product"}],"wp:attachment":[{"href":"https:\/\/roveyayinevi.com.tr\/index.php\/wp-json\/wp\/v2\/media?parent=689398"}],"wp:term":[{"taxonomy":"product_brand","embeddable":true,"href":"https:\/\/roveyayinevi.com.tr\/index.php\/wp-json\/wp\/v2\/product_brand?post=689398"},{"taxonomy":"product_cat","embeddable":true,"href":"https:\/\/roveyayinevi.com.tr\/index.php\/wp-json\/wp\/v2\/product_cat?post=689398"},{"taxonomy":"product_tag","embeddable":true,"href":"https:\/\/roveyayinevi.com.tr\/index.php\/wp-json\/wp\/v2\/product_tag?post=689398"}],"curies":[{"name":"wp","href":"https:\/\/api.w.org\/{rel}","templated":true}]}}