{"id":689396,"date":"2025-08-27T13:11:12","date_gmt":"2025-08-27T10:11:12","guid":{"rendered":"https:\/\/roveyayinevi.com.tr\/index.php\/urun\/ben-buradayim\/"},"modified":"2026-04-06T12:19:03","modified_gmt":"2026-04-06T09:19:03","slug":"ben-buradayim","status":"publish","type":"product","link":"https:\/\/roveyayinevi.com.tr\/index.php\/urun\/ben-buradayim\/","title":{"rendered":"Ben Buraday\u0131m&#8230;"},"content":{"rendered":"<p>Edebiyat\u0131m\u0131z\u0131n kilometre ta\u015flar\u0131ndan olan O\u011fuz Atay \u00f6zellikle son yirmi y\u0131ldan bu yana b\u00fcy\u00fck bir okur kitlesine ula\u015ft\u0131 ve benimsendi. Yazar\u0131n gerek ya\u015fam\u0131 gerekse eserleri hakk\u0131nda yaz\u0131lanlar ise makalelerle s\u0131n\u0131rl\u0131 kald\u0131. Modern T\u00fcrk edebiyat\u0131 konusundaki ciddi ve kapsaml\u0131 ara\u015ft\u0131rmalar\u0131yla tan\u0131nan, ayn\u0131 zamanda \u00f6nemli bir O\u011fuz Atay uzman\u0131 olan Y\u0131ld\u0131z Ecevit, ilk defa O\u011fuz Atay\u2019\u0131n ya\u015fam\u0131n\u0131 ve eserlerini kitapla\u015ft\u0131rd\u0131. Ecevit bu kitab\u0131nda O\u011fuz Atay\u2019\u0131n ya\u015fam \u00f6yk\u00fcs\u00fcn\u00fc anlat\u0131rken eserleri ile ya\u015fam\u0131n\u0131n \u00f6rt\u00fc\u015ft\u00fc\u011f\u00fc yerleri ve hayat\u0131ndaki esin kaynaklar\u0131n\u0131 da ke\u015ffediyor. Ayn\u0131 zamanda eserlerin yetkin bir ele\u015ftirisini de yap\u0131yor. Tutkunlar\u0131n\u0131n O\u011fuz Atay romanc\u0131l\u0131\u011f\u0131n\u0131n t\u00fcm y\u00f6nlerini okuyabilecekleri m\u00fckemmel bir kitap ve edebiyat tarihimizde bir ilk&#8230;<\/p>\n","protected":false},"excerpt":{"rendered":"<p>Edebiyat\u0131m\u0131z\u0131n kilometre ta\u015flar\u0131ndan olan O\u011fuz Atay \u00f6zellikle son yirmi y\u0131ldan bu yana b\u00fcy\u00fck bir okur kitlesine ula\u015ft\u0131 ve benimsendi. Yazar\u0131n gerek ya\u015fam\u0131 gerekse eserleri hakk\u0131nda yaz\u0131lanlar<span class=\"excerpt-hellip\"> [\u2026]<\/span><\/p>\n","protected":false},"featured_media":0,"template":"","meta":{"_monsterinsights_skip_tracking":false,"_monsterinsights_sitenote_active":false,"_monsterinsights_sitenote_note":"","_monsterinsights_sitenote_category":0},"product_brand":[],"product_cat":[13701,12291],"product_tag":[],"class_list":{"0":"post-689396","1":"product","2":"type-product","3":"status-publish","5":"product_cat-ani-mektup-gunluk","6":"product_cat-edebiyat","7":"pa_cilt-ciltsiz","8":"pa_tur-kitap","9":"pa_yayinevi-iletisim-yayinlari","10":"pa_yazar-yildiz-ecevit","12":"first","13":"instock","14":"sale","15":"shipping-taxable","16":"purchasable","17":"product-type-simple"},"_links":{"self":[{"href":"https:\/\/roveyayinevi.com.tr\/index.php\/wp-json\/wp\/v2\/product\/689396","targetHints":{"allow":["GET"]}}],"collection":[{"href":"https:\/\/roveyayinevi.com.tr\/index.php\/wp-json\/wp\/v2\/product"}],"about":[{"href":"https:\/\/roveyayinevi.com.tr\/index.php\/wp-json\/wp\/v2\/types\/product"}],"wp:attachment":[{"href":"https:\/\/roveyayinevi.com.tr\/index.php\/wp-json\/wp\/v2\/media?parent=689396"}],"wp:term":[{"taxonomy":"product_brand","embeddable":true,"href":"https:\/\/roveyayinevi.com.tr\/index.php\/wp-json\/wp\/v2\/product_brand?post=689396"},{"taxonomy":"product_cat","embeddable":true,"href":"https:\/\/roveyayinevi.com.tr\/index.php\/wp-json\/wp\/v2\/product_cat?post=689396"},{"taxonomy":"product_tag","embeddable":true,"href":"https:\/\/roveyayinevi.com.tr\/index.php\/wp-json\/wp\/v2\/product_tag?post=689396"}],"curies":[{"name":"wp","href":"https:\/\/api.w.org\/{rel}","templated":true}]}}