{"id":689395,"date":"2025-08-27T13:11:12","date_gmt":"2025-08-27T10:11:12","guid":{"rendered":"https:\/\/roveyayinevi.com.tr\/index.php\/urun\/siyasal-ve-sosyal-bilimler-makaleler-2\/"},"modified":"2026-01-23T01:59:58","modified_gmt":"2026-01-22T22:59:58","slug":"siyasal-ve-sosyal-bilimler-makaleler-2","status":"publish","type":"product","link":"https:\/\/roveyayinevi.com.tr\/index.php\/urun\/siyasal-ve-sosyal-bilimler-makaleler-2\/","title":{"rendered":"Siyasal ve Sosyal Bilimler: Makaleler 2"},"content":{"rendered":"<p>\u015eerif Mardin\u2019in 1950\u2019lerden beri sosyal bilimlere ili\u015fkin olarak yazd\u0131\u011f\u0131 makalelerin ve kitap ele\u015ftirilerinin derlemesi. Derlemede y\u00f6nteme, metin analizine, ideolojik sembol tahliline, sosyolojik kavramlara v.b. dair, daha \u201cteknik\u201d \u00f6zellikli metinler yerald\u0131\u011f\u0131 gibi T\u00fcrkiye\u2019nin siyas\u00ee ve toplumsal k\u00fclt\u00fcr yap\u0131s\u0131n\u0131 yorumlayan ele\u015ftirel makaleler de var.\ufffc<\/p>\n","protected":false},"excerpt":{"rendered":"<p>\u015eerif Mardin\u2019in 1950\u2019lerden beri sosyal bilimlere ili\u015fkin olarak yazd\u0131\u011f\u0131 makalelerin ve kitap ele\u015ftirilerinin derlemesi. Derlemede y\u00f6nteme, metin analizine, ideolojik sembol tahliline, sosyolojik kavramlara v.b. dair, daha<span class=\"excerpt-hellip\"> [\u2026]<\/span><\/p>\n","protected":false},"featured_media":0,"template":"","meta":{"_monsterinsights_skip_tracking":false,"_monsterinsights_sitenote_active":false,"_monsterinsights_sitenote_note":"","_monsterinsights_sitenote_category":0},"product_brand":[],"product_cat":[12312,12304],"product_tag":[],"class_list":{"0":"post-689395","1":"product","2":"type-product","3":"status-publish","5":"product_cat-diger","6":"product_cat-tarih","7":"pa_cilt-ciltsiz","8":"pa_tur-kitap","9":"pa_yayinevi-iletisim-yayinlari","10":"pa_yazar-serif-mardin","12":"first","13":"instock","14":"sale","15":"shipping-taxable","16":"purchasable","17":"product-type-simple"},"_links":{"self":[{"href":"https:\/\/roveyayinevi.com.tr\/index.php\/wp-json\/wp\/v2\/product\/689395","targetHints":{"allow":["GET"]}}],"collection":[{"href":"https:\/\/roveyayinevi.com.tr\/index.php\/wp-json\/wp\/v2\/product"}],"about":[{"href":"https:\/\/roveyayinevi.com.tr\/index.php\/wp-json\/wp\/v2\/types\/product"}],"wp:attachment":[{"href":"https:\/\/roveyayinevi.com.tr\/index.php\/wp-json\/wp\/v2\/media?parent=689395"}],"wp:term":[{"taxonomy":"product_brand","embeddable":true,"href":"https:\/\/roveyayinevi.com.tr\/index.php\/wp-json\/wp\/v2\/product_brand?post=689395"},{"taxonomy":"product_cat","embeddable":true,"href":"https:\/\/roveyayinevi.com.tr\/index.php\/wp-json\/wp\/v2\/product_cat?post=689395"},{"taxonomy":"product_tag","embeddable":true,"href":"https:\/\/roveyayinevi.com.tr\/index.php\/wp-json\/wp\/v2\/product_tag?post=689395"}],"curies":[{"name":"wp","href":"https:\/\/api.w.org\/{rel}","templated":true}]}}