{"id":689393,"date":"2025-08-27T13:11:11","date_gmt":"2025-08-27T10:11:11","guid":{"rendered":"https:\/\/roveyayinevi.com.tr\/index.php\/urun\/osmanli-imparatorlugunda-yasamak\/"},"modified":"2026-02-03T02:00:39","modified_gmt":"2026-02-02T23:00:39","slug":"osmanli-imparatorlugunda-yasamak","status":"publish","type":"product","link":"https:\/\/roveyayinevi.com.tr\/index.php\/urun\/osmanli-imparatorlugunda-yasamak\/","title":{"rendered":"Osmanl\u0131 \u0130mparatorlu\u011fu&#8217;nda Ya\u015famak"},"content":{"rendered":"<p>Balkanlar\u2019dan Magrip\u2019e, Kafkas\u2019lardan Arabistan\u2019a kadar uzanan bir imparatorlukta ya\u015famak, mezheplerle dinlerin; \u015fivelerle dillerin; k\u00f6kenlerle halklar\u0131n ve t\u00f6relerle ya\u015fam bi\u00e7imlerinin ola\u011fan\u00fcst\u00fc farkl\u0131l\u0131k g\u00f6sterdi\u011fi karmakar\u0131\u015f\u0131k bir d\u00fcnyada ya\u015famakt\u0131r. Ve tabii, dinin a\u011f\u0131rl\u0131\u011f\u0131yla; aile, tarikat, lonca, cemaat gibi grupla\u015fmalar\u0131n ka\u00e7\u0131n\u0131lmaz \u00f6nemiyle; m\u00fcbadele, oyun, t\u00f6ren, bayram gibi yo\u011fun toplumsall\u0131k bi\u00e7imleriyle belirlenmi\u015f bir toplumun i\u00e7inde ya\u015famakt\u0131r. Osmanl\u0131\u2019da toplumsalla\u015fma, nerede, nas\u0131l ve kimler aras\u0131nnda olurdu? Neler konu\u015fulurdu? Ramazan e\u011flencelerine Yahudiler ya da H\u0131ristiyanlar kat\u0131l\u0131r m\u0131yd\u0131? Do\u011fu Anadolu\u2019daki Ermeni \u00e7ocuklar\u0131 hangi oyunlar\u0131 oynarlard\u0131? Nas\u0131l \u0130zmir\u2019de bir Frans\u0131z olunurdu? Kimler T\u00fcrk\u00e7e konu\u015furdu? 1900\u2019l\u00fc y\u0131llarda Selanik halk\u0131 hangi sporlarla u\u011fra\u015f\u0131rd\u0131? Kabaday\u0131lar\u0131n, k\u00fclhanbeylerinin toplumdaki i\u015flevleri nelerdi? Elinizdeki kitap bu sorulara cevap vermeye \u00e7al\u0131\u015f\u0131yor. Bir yandan da, Osmanl\u0131 hayat\u0131 son iki y\u00fczy\u0131lda Bat\u0131\u2019n\u0131n ve milliyet\u00e7iliklerin etkisiyle nas\u0131l evrildi? Bireyin yeri neydi? Farkl\u0131 halklar g\u00fcndelik hayata uyum sa\u011flayabildiler mi? Osmanl\u0131lar ger\u00e7ekten birlikte mi ya\u015fad\u0131lar, yoksa sadece yan yana m\u0131 ya\u015fad\u0131lar? gibi sorular\u0131 akla getiriyor. Son iki y\u00fczy\u0131lda Osmanl\u0131\u2019da toplumsal hayat\u0131n ak\u0131\u015f\u0131n\u0131 kitab\u0131n ak\u0131\u015f\u0131n\u0131 izleyerek yakalayabilirsiniz. <\/p>\n","protected":false},"excerpt":{"rendered":"<p>Balkanlar\u2019dan Magrip\u2019e, Kafkas\u2019lardan Arabistan\u2019a kadar uzanan bir imparatorlukta ya\u015famak, mezheplerle dinlerin; \u015fivelerle dillerin; k\u00f6kenlerle halklar\u0131n ve t\u00f6relerle ya\u015fam bi\u00e7imlerinin ola\u011fan\u00fcst\u00fc farkl\u0131l\u0131k g\u00f6sterdi\u011fi karmakar\u0131\u015f\u0131k bir d\u00fcnyada ya\u015famakt\u0131r.<span class=\"excerpt-hellip\"> [\u2026]<\/span><\/p>\n","protected":false},"featured_media":0,"template":"","meta":{"_monsterinsights_skip_tracking":false,"_monsterinsights_sitenote_active":false,"_monsterinsights_sitenote_note":"","_monsterinsights_sitenote_category":0},"product_brand":[],"product_cat":[13517,12304],"product_tag":[],"class_list":{"0":"post-689393","1":"product","2":"type-product","3":"status-publish","5":"product_cat-osmanli-tarihi","6":"product_cat-tarih","7":"pa_cilt-ciltsiz","8":"pa_tur-kitap","9":"pa_yayinevi-iletisim-yayinlari","10":"pa_yazar-francois-georgeon","11":"pa_yazar-paul-dumont","13":"first","14":"instock","15":"sale","16":"shipping-taxable","17":"purchasable","18":"product-type-simple"},"_links":{"self":[{"href":"https:\/\/roveyayinevi.com.tr\/index.php\/wp-json\/wp\/v2\/product\/689393","targetHints":{"allow":["GET"]}}],"collection":[{"href":"https:\/\/roveyayinevi.com.tr\/index.php\/wp-json\/wp\/v2\/product"}],"about":[{"href":"https:\/\/roveyayinevi.com.tr\/index.php\/wp-json\/wp\/v2\/types\/product"}],"wp:attachment":[{"href":"https:\/\/roveyayinevi.com.tr\/index.php\/wp-json\/wp\/v2\/media?parent=689393"}],"wp:term":[{"taxonomy":"product_brand","embeddable":true,"href":"https:\/\/roveyayinevi.com.tr\/index.php\/wp-json\/wp\/v2\/product_brand?post=689393"},{"taxonomy":"product_cat","embeddable":true,"href":"https:\/\/roveyayinevi.com.tr\/index.php\/wp-json\/wp\/v2\/product_cat?post=689393"},{"taxonomy":"product_tag","embeddable":true,"href":"https:\/\/roveyayinevi.com.tr\/index.php\/wp-json\/wp\/v2\/product_tag?post=689393"}],"curies":[{"name":"wp","href":"https:\/\/api.w.org\/{rel}","templated":true}]}}