{"id":689388,"date":"2025-08-27T13:11:11","date_gmt":"2025-08-27T10:11:11","guid":{"rendered":"https:\/\/roveyayinevi.com.tr\/index.php\/urun\/para-pul-oldu-osmanlida-kagit-para-maliye-ve-toplum\/"},"modified":"2026-04-16T01:59:15","modified_gmt":"2026-04-15T22:59:15","slug":"para-pul-oldu-osmanlida-kagit-para-maliye-ve-toplum","status":"publish","type":"product","link":"https:\/\/roveyayinevi.com.tr\/index.php\/urun\/para-pul-oldu-osmanlida-kagit-para-maliye-ve-toplum\/","title":{"rendered":"Para Pul Oldu: Osmanl\u0131&#8217;da Ka\u011f\u0131t Para, Maliye ve Toplum"},"content":{"rendered":"<p>Osmanl\u0131 \u0130mparatorlu\u011fu\u2019nda ka\u011f\u0131t paran\u0131n (kaime) kullan\u0131m\u0131 imparatorlu\u011fun ya\u015fad\u0131\u011f\u0131 uzun modernle\u015fme s\u00fcrecinde dikkat \u00e7ekici bir deneyimdir. Kapitalizmin kendi  imkanlar\u0131  ile geli\u015fmedi\u011fi bir  piyasada , ka\u011f\u0131t paran\u0131n devletin c\u00e2ri giderlerini finanse edece\u011fi bir araca d\u00f6n\u00fc\u015fmesi ise ka\u00e7\u0131n\u0131lmazd\u0131r. Ali Aky\u0131ld\u0131z Para Pul Oldu: Osmanl\u0131\u2019da Ka\u011f\u0131t Para, Maliye ve Toplum ile, mal\u00ee bunal\u0131m d\u00f6nemlerinde devletin kendi ihtiya\u00e7lar\u0131n\u0131 kar\u015f\u0131lamak \u00fczere \u00e7\u0131kard\u0131\u011f\u0131 kaimenin tarihini incelerken, toplumun ka\u011f\u0131t para ile kurdu\u011fu ili\u015fkiyi, ona kar\u015f\u0131 g\u00f6sterdi\u011fi g\u00fcvensizli\u011fi ve kendini paradan koruma mekanizmalar\u0131yla ka\u011f\u0131t paran\u0131n devlet i\u00e7in yaratt\u0131\u011f\u0131 sorunlar\u0131 uzun ve me\u015fakkatli bir ar\u015fiv \u00e7al\u0131\u015fmas\u0131n\u0131n \u00fcr\u00fcn\u00fc olarak sunuyor.  Para pul oldu  deyi\u015finden, kalpazanlar\u0131n i\u015flerini m\u00fckemmel yapmalar\u0131n\u0131 k\u0131s\u0131tlayan cezalara ve bunlar\u0131 g\u00f6steren belgelere; ka\u011f\u0131t paray\u0131 basan devletle, sahte paralarla ve k\u00e2\u011f\u0131t paran\u0131n yaratt\u0131\u011f\u0131 sorunlarla ba\u015fa \u00e7\u0131kamay\u0131nca bunlar\u0131 toplamak i\u00e7in halktan tekrar  zorunlu yard\u0131m  toplayan devletin ayn\u0131l\u0131\u011f\u0131 noktas\u0131na dikkat \u00e7eken bu \u00e7al\u0131\u015fma, ayn\u0131 zamanda Osmanl\u0131\u2019n\u0131n kapitalizm ile kurdu\u011fu ili\u015fkinin devlet ve piyasa aras\u0131nda nas\u0131l bir d\u00f6n\u00fc\u015f\u00fcme u\u011frad\u0131\u011f\u0131n\u0131 anlamak i\u00e7in de kar\u015f\u0131m\u0131za olduk\u00e7a canl\u0131 ve renkli bir tablo koyuyor. <\/p>\n","protected":false},"excerpt":{"rendered":"<p>Osmanl\u0131 \u0130mparatorlu\u011fu\u2019nda ka\u011f\u0131t paran\u0131n (kaime) kullan\u0131m\u0131 imparatorlu\u011fun ya\u015fad\u0131\u011f\u0131 uzun modernle\u015fme s\u00fcrecinde dikkat \u00e7ekici bir deneyimdir. Kapitalizmin kendi imkanlar\u0131 ile geli\u015fmedi\u011fi bir piyasada , ka\u011f\u0131t paran\u0131n devletin<span class=\"excerpt-hellip\"> [\u2026]<\/span><\/p>\n","protected":false},"featured_media":0,"template":"","meta":{"_monsterinsights_skip_tracking":false,"_monsterinsights_sitenote_active":false,"_monsterinsights_sitenote_note":"","_monsterinsights_sitenote_category":0},"product_brand":[],"product_cat":[13517,12304],"product_tag":[],"class_list":{"0":"post-689388","1":"product","2":"type-product","3":"status-publish","5":"product_cat-osmanli-tarihi","6":"product_cat-tarih","7":"pa_cilt-ciltsiz","8":"pa_tur-kitap","9":"pa_yayinevi-iletisim-yayinlari","10":"pa_yazar-ali-akyildiz","12":"first","13":"instock","14":"sale","15":"shipping-taxable","16":"purchasable","17":"product-type-simple"},"_links":{"self":[{"href":"https:\/\/roveyayinevi.com.tr\/index.php\/wp-json\/wp\/v2\/product\/689388","targetHints":{"allow":["GET"]}}],"collection":[{"href":"https:\/\/roveyayinevi.com.tr\/index.php\/wp-json\/wp\/v2\/product"}],"about":[{"href":"https:\/\/roveyayinevi.com.tr\/index.php\/wp-json\/wp\/v2\/types\/product"}],"wp:attachment":[{"href":"https:\/\/roveyayinevi.com.tr\/index.php\/wp-json\/wp\/v2\/media?parent=689388"}],"wp:term":[{"taxonomy":"product_brand","embeddable":true,"href":"https:\/\/roveyayinevi.com.tr\/index.php\/wp-json\/wp\/v2\/product_brand?post=689388"},{"taxonomy":"product_cat","embeddable":true,"href":"https:\/\/roveyayinevi.com.tr\/index.php\/wp-json\/wp\/v2\/product_cat?post=689388"},{"taxonomy":"product_tag","embeddable":true,"href":"https:\/\/roveyayinevi.com.tr\/index.php\/wp-json\/wp\/v2\/product_tag?post=689388"}],"curies":[{"name":"wp","href":"https:\/\/api.w.org\/{rel}","templated":true}]}}