{"id":689385,"date":"2025-08-27T13:11:10","date_gmt":"2025-08-27T10:11:10","guid":{"rendered":"https:\/\/roveyayinevi.com.tr\/index.php\/urun\/oyunlarla-yasayanlar\/"},"modified":"2026-04-16T01:59:15","modified_gmt":"2026-04-15T22:59:15","slug":"oyunlarla-yasayanlar","status":"publish","type":"product","link":"https:\/\/roveyayinevi.com.tr\/index.php\/urun\/oyunlarla-yasayanlar\/","title":{"rendered":"Oyunlarla Ya\u015fayanlar"},"content":{"rendered":"<p>Tanzimat\u2019tan bu yana s\u00fcrekli de\u011fi\u015fen politik ve toplumsal de\u011ferler kar\u015f\u0131s\u0131nda tutunmaya \u00e7al\u0131\u015fan T\u00fcrk okur-yazar\u0131n\u0131n kara g\u00fcld\u00fcr\u00fcs\u00fc. Eylemsizlikle ge\u00e7mi\u015f bir ya\u015fam\u0131n getirdi\u011fi beceriksizlik ve g\u00fcl\u00fcn\u00e7 olma korkusundan Atay s\u00fcr\u00fckleyici bir oyun \u00e7\u0131karm\u0131\u015f.<\/p>\n","protected":false},"excerpt":{"rendered":"<p>Tanzimat\u2019tan bu yana s\u00fcrekli de\u011fi\u015fen politik ve toplumsal de\u011ferler kar\u015f\u0131s\u0131nda tutunmaya \u00e7al\u0131\u015fan T\u00fcrk okur-yazar\u0131n\u0131n kara g\u00fcld\u00fcr\u00fcs\u00fc. Eylemsizlikle ge\u00e7mi\u015f bir ya\u015fam\u0131n getirdi\u011fi beceriksizlik ve g\u00fcl\u00fcn\u00e7 olma korkusundan<span class=\"excerpt-hellip\"> [\u2026]<\/span><\/p>\n","protected":false},"featured_media":0,"template":"","meta":{"_monsterinsights_skip_tracking":false,"_monsterinsights_sitenote_active":false,"_monsterinsights_sitenote_note":"","_monsterinsights_sitenote_category":0},"product_brand":[],"product_cat":[12291,14272],"product_tag":[],"class_list":{"0":"post-689385","1":"product","2":"type-product","3":"status-publish","5":"product_cat-edebiyat","6":"product_cat-tiyatro","7":"pa_cilt-ciltsiz","8":"pa_tur-kitap","9":"pa_yayinevi-iletisim-yayinlari","10":"pa_yazar-oguz-atay","12":"first","13":"instock","14":"sale","15":"shipping-taxable","16":"purchasable","17":"product-type-simple"},"_links":{"self":[{"href":"https:\/\/roveyayinevi.com.tr\/index.php\/wp-json\/wp\/v2\/product\/689385","targetHints":{"allow":["GET"]}}],"collection":[{"href":"https:\/\/roveyayinevi.com.tr\/index.php\/wp-json\/wp\/v2\/product"}],"about":[{"href":"https:\/\/roveyayinevi.com.tr\/index.php\/wp-json\/wp\/v2\/types\/product"}],"wp:attachment":[{"href":"https:\/\/roveyayinevi.com.tr\/index.php\/wp-json\/wp\/v2\/media?parent=689385"}],"wp:term":[{"taxonomy":"product_brand","embeddable":true,"href":"https:\/\/roveyayinevi.com.tr\/index.php\/wp-json\/wp\/v2\/product_brand?post=689385"},{"taxonomy":"product_cat","embeddable":true,"href":"https:\/\/roveyayinevi.com.tr\/index.php\/wp-json\/wp\/v2\/product_cat?post=689385"},{"taxonomy":"product_tag","embeddable":true,"href":"https:\/\/roveyayinevi.com.tr\/index.php\/wp-json\/wp\/v2\/product_tag?post=689385"}],"curies":[{"name":"wp","href":"https:\/\/api.w.org\/{rel}","templated":true}]}}