{"id":689384,"date":"2025-08-27T13:11:10","date_gmt":"2025-08-27T10:11:10","guid":{"rendered":"https:\/\/roveyayinevi.com.tr\/index.php\/urun\/osmanlida-isciler-1870-1922-calisma-hayati-orgutler-grevler\/"},"modified":"2025-11-22T02:03:22","modified_gmt":"2025-11-21T23:03:22","slug":"osmanlida-isciler-1870-1922-calisma-hayati-orgutler-grevler","status":"publish","type":"product","link":"https:\/\/roveyayinevi.com.tr\/index.php\/urun\/osmanlida-isciler-1870-1922-calisma-hayati-orgutler-grevler\/","title":{"rendered":"Osmanl\u0131&#8217;da \u0130\u015f\u00e7iler: 1870-1922 \u00c7al\u0131\u015fma Hayat\u0131, \u00d6rg\u00fctler, Grevler"},"content":{"rendered":"<p>Osmanl\u0131 \u0130mparatorlu\u011fu\u2019nda i\u015f\u00e7ilerin niteli\u011fi, bir s\u0131n\u0131f olarak varl\u0131klar\u0131 ve eylemleri, tarih ara\u015ft\u0131rmalar\u0131nda \u00e7e\u015fitli tart\u0131\u015fmalara konu olmu\u015ftur. \u0130\u015f\u00e7i s\u0131n\u0131f\u0131n\u0131n sendika, sand\u0131k, komite gibi kendi \u00f6rg\u00fctlerine de\u011fil de a\u011f\u0131rl\u0131kl\u0131 olarak partilerin ve lider kadrolar\u0131n hik\u00e2yelerine odaklanan tart\u0131\u015fmalard\u0131r bunlar. Kadir Y\u0131ld\u0131r\u0131m Osmanl\u0131\u2019da \u0130\u015f\u00e7iler (1870-1922)\u2019de bu perspektifi de i\u00e7ererek ama as\u0131l \u2018Osmanl\u0131 proletaryas\u0131\u2019n\u0131n kendi pratiklerine odaklanarak Osmanl\u0131 i\u015f\u00e7i s\u0131n\u0131f\u0131 tarihinin yaz\u0131m\u0131na yeni bir katk\u0131 sa\u011fl\u0131yor. Y\u0131ld\u0131r\u0131m, \u00f6nce Osmanl\u0131\u2019da \u00e7al\u0131\u015fma hayat\u0131n\u0131n genel yap\u0131s\u0131n\u0131 \u00e7iziyor, i\u015f\u00e7i \u00f6rg\u00fctlenmelerine ve i\u015f\u00e7i hareketlerine bak\u0131yor; i\u015f\u00e7ilerin hangi sekt\u00f6rlerde \u00e7al\u0131\u015ft\u0131klar\u0131n\u0131, i\u015fg\u00fcc\u00fcn\u00fcn yap\u0131s\u0131n\u0131 mercek alt\u0131na al\u0131yor. Ard\u0131ndan \u00e7al\u0131\u015fma hayat\u0131ndaki yasal d\u00fczenlemeleri boykot, grev, i\u015f b\u0131rakma gibi i\u015f\u00e7i direni\u015fleri a\u00e7\u0131s\u0131ndan kapsaml\u0131 bir \u015fekilde inceliyor. B\u00f6ylece kar\u015f\u0131m\u0131za, yap\u0131s\u0131, niteli\u011fi, \u00e7al\u0131\u015fma ko\u015fullar\u0131, \u00f6rg\u00fctleri ve grevleriyle de\u011ferlendirilmi\u015f, kapsaml\u0131 bir Osmanl\u0131 i\u015f\u00e7i s\u0131n\u0131f\u0131 resmi \u00e7\u0131kar\u0131yor. Osmanl\u0131\u2019da \u0130\u015f\u00e7iler (1870-1922), alan\u0131ndaki \u00f6nc\u00fc ara\u015ft\u0131rmalar\u0131n hakk\u0131n\u0131 veren, ele ald\u0131\u011f\u0131 konuyu yeni katk\u0131larla zenginle\u015ftiren, titiz bir ara\u015ft\u0131rma. <\/p>\n","protected":false},"excerpt":{"rendered":"<p>Osmanl\u0131 \u0130mparatorlu\u011fu\u2019nda i\u015f\u00e7ilerin niteli\u011fi, bir s\u0131n\u0131f olarak varl\u0131klar\u0131 ve eylemleri, tarih ara\u015ft\u0131rmalar\u0131nda \u00e7e\u015fitli tart\u0131\u015fmalara konu olmu\u015ftur. \u0130\u015f\u00e7i s\u0131n\u0131f\u0131n\u0131n sendika, sand\u0131k, komite gibi kendi \u00f6rg\u00fctlerine de\u011fil de<span class=\"excerpt-hellip\"> [\u2026]<\/span><\/p>\n","protected":false},"featured_media":0,"template":"","meta":{"_monsterinsights_skip_tracking":false,"_monsterinsights_sitenote_active":false,"_monsterinsights_sitenote_note":"","_monsterinsights_sitenote_category":0},"product_brand":[],"product_cat":[13590,12337],"product_tag":[],"class_list":{"0":"post-689384","1":"product","2":"type-product","3":"status-publish","5":"product_cat-arastirma-inceleme-politika-siyaset","6":"product_cat-politika-siyaset","7":"pa_cilt-ciltsiz","8":"pa_tur-kitap","9":"pa_yayinevi-iletisim-yayinlari","10":"pa_yazar-kadir-yildirim","12":"first","13":"instock","14":"sale","15":"shipping-taxable","16":"purchasable","17":"product-type-simple"},"_links":{"self":[{"href":"https:\/\/roveyayinevi.com.tr\/index.php\/wp-json\/wp\/v2\/product\/689384","targetHints":{"allow":["GET"]}}],"collection":[{"href":"https:\/\/roveyayinevi.com.tr\/index.php\/wp-json\/wp\/v2\/product"}],"about":[{"href":"https:\/\/roveyayinevi.com.tr\/index.php\/wp-json\/wp\/v2\/types\/product"}],"wp:attachment":[{"href":"https:\/\/roveyayinevi.com.tr\/index.php\/wp-json\/wp\/v2\/media?parent=689384"}],"wp:term":[{"taxonomy":"product_brand","embeddable":true,"href":"https:\/\/roveyayinevi.com.tr\/index.php\/wp-json\/wp\/v2\/product_brand?post=689384"},{"taxonomy":"product_cat","embeddable":true,"href":"https:\/\/roveyayinevi.com.tr\/index.php\/wp-json\/wp\/v2\/product_cat?post=689384"},{"taxonomy":"product_tag","embeddable":true,"href":"https:\/\/roveyayinevi.com.tr\/index.php\/wp-json\/wp\/v2\/product_tag?post=689384"}],"curies":[{"name":"wp","href":"https:\/\/api.w.org\/{rel}","templated":true}]}}