{"id":689383,"date":"2025-08-27T13:11:10","date_gmt":"2025-08-27T10:11:10","guid":{"rendered":"https:\/\/roveyayinevi.com.tr\/index.php\/urun\/osmanli-imparatorlugunda-sosyal-devlet-siyaset-iktidar-ve-mesrutiyet-1876-1914\/"},"modified":"2026-04-16T01:59:15","modified_gmt":"2026-04-15T22:59:15","slug":"osmanli-imparatorlugunda-sosyal-devlet-siyaset-iktidar-ve-mesrutiyet-1876-1914","status":"publish","type":"product","link":"https:\/\/roveyayinevi.com.tr\/index.php\/urun\/osmanli-imparatorlugunda-sosyal-devlet-siyaset-iktidar-ve-mesrutiyet-1876-1914\/","title":{"rendered":"Osmanl\u0131 \u0130mparatorlu\u011fu&#8217;nda Sosyal Devlet: Siyaset, \u0130ktidar ve Me\u015frutiyet 1876-1914"},"content":{"rendered":"<p>Son y\u0131llarda, refah devletinin krizi ve yoksulluk sorunu, d\u00fcnya g\u00fcndeminde \u00f6nemli bir yer tutuyor. Refah rejimi, sosyal devlet, sosyal siyaset, sosyal yard\u0131m vb. kavramlar yeniden daha geni\u015f bir tarihsel perspektifle ele al\u0131n\u0131yor. Osmanl\u0131 tarih\u00e7ili\u011finde ise bu meselelere odaklanan ve daha \u00e7ok monografik nitelik ta\u015f\u0131yan \u00e7al\u0131\u015fmalar, kuramsal ve kavramsal perspektif yoksunlu\u011fuyla malul. Nadir \u00d6zbek\u2019in \u0130kinci Abd\u00fclhamid ve \u0130kinci Me\u015frutiyet d\u00f6nemi sosyal devleti \u00fczerine olan \u00e7al\u0131\u015fmas\u0131 bu anlamda \u00f6nemli bir bo\u015flu\u011fu dolduruyor. Son d\u00f6nem Osmanl\u0131 refah sistemini modern devletin olu\u015fumu \u00e7er\u00e7evesinde de\u011ferlendiren \u00d6zbek, b\u00f6ylelikle Abd\u00fclhamid iktidar\u0131 ve \u0130kinci Me\u015frutiyet\u2019i tek bir paradigma i\u00e7inde b\u00fct\u00fcnle\u015ftirmi\u015f oluyor. Yazar, bu iki d\u00f6nemin farkl\u0131l\u0131\u011f\u0131n\u0131 ise refah sistemlerinin monar\u015fik ya da b\u00fcrokratik-sek\u00fcler olmas\u0131 noktas\u0131nda koyuyor. Abd\u00fclhamid d\u00f6neminin monar\u015fik refah sistemi, padi\u015fah\u0131n ki\u015fili\u011finde sembolle\u015fen geni\u015f bir paternal aileye aidiyet ve bu ailenin reisine ba\u011fl\u0131l\u0131k hissi yaratmak \u00fczere kurgulanm\u0131\u015f. Oysa belkemi\u011fini fukaraperver cemiyetleri ve yar\u0131-resmi cemiyetlerin olu\u015fturdu\u011fu Me\u015frutiyet d\u00f6neminin refah sistemi, devlete ve vatana ba\u011fl\u0131l\u0131k ve itaat fikrini g\u00fc\u00e7lendirmeyi esas al\u0131yor. \u00d6zbek, kapsaml\u0131 bir ar\u015fiv ve literat\u00fcr \u00e7al\u0131\u015fmas\u0131ndan derledi\u011fi bilgileri analitik bir s\u00fczgece tabi tutarak, Osmanl\u0131 \u0130mparatorlu\u011fu\u2019nda sosyal devletin olu\u015fum s\u00fcrecini tart\u0131\u015fmaya a\u00e7\u0131yor. <\/p>\n","protected":false},"excerpt":{"rendered":"<p>Son y\u0131llarda, refah devletinin krizi ve yoksulluk sorunu, d\u00fcnya g\u00fcndeminde \u00f6nemli bir yer tutuyor. Refah rejimi, sosyal devlet, sosyal siyaset, sosyal yard\u0131m vb. kavramlar yeniden daha<span class=\"excerpt-hellip\"> [\u2026]<\/span><\/p>\n","protected":false},"featured_media":0,"template":"","meta":{"_monsterinsights_skip_tracking":false,"_monsterinsights_sitenote_active":false,"_monsterinsights_sitenote_note":"","_monsterinsights_sitenote_category":0},"product_brand":[],"product_cat":[12304,13493],"product_tag":[],"class_list":{"0":"post-689383","1":"product","2":"type-product","3":"status-publish","5":"product_cat-tarih","6":"product_cat-turkiye-ve-cumhuriyet-tarihi","7":"pa_cilt-ciltsiz","8":"pa_tur-kitap","9":"pa_yayinevi-iletisim-yayinlari","10":"pa_yazar-nadir-ozbek","12":"first","13":"instock","14":"sale","15":"shipping-taxable","16":"purchasable","17":"product-type-simple"},"_links":{"self":[{"href":"https:\/\/roveyayinevi.com.tr\/index.php\/wp-json\/wp\/v2\/product\/689383","targetHints":{"allow":["GET"]}}],"collection":[{"href":"https:\/\/roveyayinevi.com.tr\/index.php\/wp-json\/wp\/v2\/product"}],"about":[{"href":"https:\/\/roveyayinevi.com.tr\/index.php\/wp-json\/wp\/v2\/types\/product"}],"wp:attachment":[{"href":"https:\/\/roveyayinevi.com.tr\/index.php\/wp-json\/wp\/v2\/media?parent=689383"}],"wp:term":[{"taxonomy":"product_brand","embeddable":true,"href":"https:\/\/roveyayinevi.com.tr\/index.php\/wp-json\/wp\/v2\/product_brand?post=689383"},{"taxonomy":"product_cat","embeddable":true,"href":"https:\/\/roveyayinevi.com.tr\/index.php\/wp-json\/wp\/v2\/product_cat?post=689383"},{"taxonomy":"product_tag","embeddable":true,"href":"https:\/\/roveyayinevi.com.tr\/index.php\/wp-json\/wp\/v2\/product_tag?post=689383"}],"curies":[{"name":"wp","href":"https:\/\/api.w.org\/{rel}","templated":true}]}}