{"id":689382,"date":"2025-08-27T13:11:10","date_gmt":"2025-08-27T10:11:10","guid":{"rendered":"https:\/\/roveyayinevi.com.tr\/index.php\/urun\/osmanli-imparatorlugunda-devlet-ve-koylu\/"},"modified":"2026-04-16T01:59:15","modified_gmt":"2026-04-15T22:59:15","slug":"osmanli-imparatorlugunda-devlet-ve-koylu","status":"publish","type":"product","link":"https:\/\/roveyayinevi.com.tr\/index.php\/urun\/osmanli-imparatorlugunda-devlet-ve-koylu\/","title":{"rendered":"Osmanl\u0131 \u0130mparatorlu\u011fu&#8217;nda Devlet ve K\u00f6yl\u00fc"},"content":{"rendered":"<p>Bat\u0131 d\u0131\u015f\u0131ndaki toplum ve ekonomilerin dura\u011fanl\u0131\u011f\u0131n\u0131 vurgulayan modernle\u015fme ve oryantalizm anlay\u0131\u015flar\u0131na ele\u015ftirel bir bak\u0131\u015f a\u00e7\u0131s\u0131yla yakla\u015fan Huricihan \u0130slamo\u011flu, Devlet ve K\u00f6yl\u00fc\u2019de ilk kaynaklara inerek yapt\u0131\u011f\u0131 kapsaml\u0131 ara\u015ft\u0131rmayla Osmanl\u0131\u2019n\u0131n erken modernitesine \u0131\u015f\u0131k tutuyor. 16. y\u00fczy\u0131l Osmanl\u0131 \u0130mparatorlu\u011fu\u2019nda, k\u0131rsalda ve kentlerde \u00fcretim ve n\u00fcfus e\u011filimlerinin, vergilendirme ili\u015fkilerinin ayr\u0131nt\u0131l\u0131 bir incelemesi olan Devlet ve K\u00f6yl\u00fc, sadece Osmanl\u0131 i\u00e7in de\u011fil, erken modern d\u00f6nemde di\u011fer Avrasya b\u00f6lgelerinin tarihlerine de \u0131\u015f\u0131k tutabilecek nitelikte bir toplumsal-iktisad\u00ee d\u00f6n\u00fc\u015f\u00fcm modeli ortaya koyuyor. Osmanl\u0131 iktisad\u00ee yap\u0131s\u0131nda i\u00e7 ticaretin \u00f6nemine dikkat \u00e7eken; ticari hayat\u0131n, tar\u0131msal faaliyetin belirlenmesinde siyas\u00ee tercihlerin etkisine vurgu yapan \u00e7al\u0131\u015fma, Osmanl\u0131 \u0130mparatorlu\u011fu\u2019ndaki iktisad\u00ee ve toplumsal yap\u0131y\u0131  \u015eark despotizmi  anlay\u0131\u015flar\u0131ndan farkl\u0131 bir \u015fekilde de\u011ferlendirmesiyle de dikkat \u00e7ekiyor. Yay\u0131mland\u0131\u011f\u0131 ilk g\u00fcnden beri referans kitap olma \u00f6zelli\u011fini koruyan Devlet ve K\u00f6yl\u00fc, g\u00f6zden ge\u00e7irilmi\u015f ve geni\u015fletilmi\u015f bask\u0131s\u0131yla ara\u015ft\u0131rmac\u0131lar ve \u00f6zellikle Osmanl\u0131\u2019n\u0131n iktisad\u00ee yap\u0131s\u0131n\u0131 daha iyi anlamak isteyenler i\u00e7in e\u015fsiz bir kaynak. <\/p>\n","protected":false},"excerpt":{"rendered":"<p>Bat\u0131 d\u0131\u015f\u0131ndaki toplum ve ekonomilerin dura\u011fanl\u0131\u011f\u0131n\u0131 vurgulayan modernle\u015fme ve oryantalizm anlay\u0131\u015flar\u0131na ele\u015ftirel bir bak\u0131\u015f a\u00e7\u0131s\u0131yla yakla\u015fan Huricihan \u0130slamo\u011flu, Devlet ve K\u00f6yl\u00fc\u2019de ilk kaynaklara inerek yapt\u0131\u011f\u0131 kapsaml\u0131<span class=\"excerpt-hellip\"> [\u2026]<\/span><\/p>\n","protected":false},"featured_media":0,"template":"","meta":{"_monsterinsights_skip_tracking":false,"_monsterinsights_sitenote_active":false,"_monsterinsights_sitenote_note":"","_monsterinsights_sitenote_category":0},"product_brand":[],"product_cat":[13517,12304],"product_tag":[],"class_list":{"0":"post-689382","1":"product","2":"type-product","3":"status-publish","5":"product_cat-osmanli-tarihi","6":"product_cat-tarih","7":"pa_cilt-ciltsiz","8":"pa_tur-kitap","9":"pa_yayinevi-iletisim-yayinlari","10":"pa_yazar-huricihan-islamoglu","12":"first","13":"instock","14":"sale","15":"shipping-taxable","16":"purchasable","17":"product-type-simple"},"_links":{"self":[{"href":"https:\/\/roveyayinevi.com.tr\/index.php\/wp-json\/wp\/v2\/product\/689382","targetHints":{"allow":["GET"]}}],"collection":[{"href":"https:\/\/roveyayinevi.com.tr\/index.php\/wp-json\/wp\/v2\/product"}],"about":[{"href":"https:\/\/roveyayinevi.com.tr\/index.php\/wp-json\/wp\/v2\/types\/product"}],"wp:attachment":[{"href":"https:\/\/roveyayinevi.com.tr\/index.php\/wp-json\/wp\/v2\/media?parent=689382"}],"wp:term":[{"taxonomy":"product_brand","embeddable":true,"href":"https:\/\/roveyayinevi.com.tr\/index.php\/wp-json\/wp\/v2\/product_brand?post=689382"},{"taxonomy":"product_cat","embeddable":true,"href":"https:\/\/roveyayinevi.com.tr\/index.php\/wp-json\/wp\/v2\/product_cat?post=689382"},{"taxonomy":"product_tag","embeddable":true,"href":"https:\/\/roveyayinevi.com.tr\/index.php\/wp-json\/wp\/v2\/product_tag?post=689382"}],"curies":[{"name":"wp","href":"https:\/\/api.w.org\/{rel}","templated":true}]}}