{"id":689379,"date":"2025-08-27T13:11:09","date_gmt":"2025-08-27T10:11:09","guid":{"rendered":"https:\/\/roveyayinevi.com.tr\/index.php\/urun\/simon-bolivar-latin-amerikayi-ozgurluge-kavusturan-adamin-hayat-hikayesi\/"},"modified":"2026-01-20T02:00:06","modified_gmt":"2026-01-19T23:00:06","slug":"simon-bolivar-latin-amerikayi-ozgurluge-kavusturan-adamin-hayat-hikayesi","status":"publish","type":"product","link":"https:\/\/roveyayinevi.com.tr\/index.php\/urun\/simon-bolivar-latin-amerikayi-ozgurluge-kavusturan-adamin-hayat-hikayesi\/","title":{"rendered":"Simon Bolivar: Latin Amerika&#8217;y\u0131 \u00d6zg\u00fcrl\u00fc\u011fe Kavu\u015fturan Adam\u0131n Hayat Hikayesi"},"content":{"rendered":"<p>G\u00fcney Amerika\u2019da \u00fc\u00e7 y\u00fcz y\u0131l kadar mutlak egemen olan \u0130spanyol kolonyalizmine kar\u015f\u0131 giri\u015fti\u011fi m\u00fccadeleyi zaferle ta\u00e7land\u0131rm\u0131\u015f muzaffer bir general&#8230; G\u00fcney Amerika\u2019n\u0131n yar\u0131s\u0131n\u0131n  kurtar\u0131c\u0131s\u0131  ve siyasi mimar\u0131, birka\u00e7 \u00fclkenin devlet ba\u015fkan\u0131&#8230; Say\u0131s\u0131z siyasi risale, c\u00fcretk\u00e2r anayasalar, zekice denemeler yazan, parlak bir \u00fcsluba sahip, e\u015fsiz bir konu\u015fmac\u0131&#8230; Kitaplarla aras\u0131 her zaman \u00e7ok iyi olmu\u015f, hem antik \u00e7a\u011flarda ya\u015fam\u0131\u015f hem de \u00e7a\u011fda\u015f\u0131 filozoflar\u0131 \u00e7ok iyi tan\u0131yan, m\u00fccadele arkada\u015flar\u0131n\u0131n yan\u0131na bile yakla\u015famad\u0131klar\u0131 bir entelekt\u00fcel&#8230; \u00d6te yandan diktat\u00f6rce y\u00f6ntemleri uygulamaktan ka\u00e7\u0131nmayan, keyfine d\u00fc\u015fk\u00fcn, bitmez t\u00fckenmez bi\u00e7imde \u015fan ve \u015f\u00f6hret pe\u015finde ko\u015fan, say\u0131s\u0131z sevgilinin ve g\u00fcn\u00fcbirlik ili\u015fkilerin kahraman\u0131 olan, nefret edilen bir fig\u00fcr&#8230; \u0130spanyollara kar\u015f\u0131 verdi\u011fi y\u0131llarca s\u00fcren m\u00fccadele sonunda d\u00fcnyay\u0131 de\u011fi\u015ftiren devasa bir eser yaratan Simon Bolivar, Norbert Rehrmann\u2019\u0131n kaleminde b\u00fct\u00fcn y\u00f6nleriyle ortaya \u00e7\u0131k\u0131yor. Bak\u0131ld\u0131\u011f\u0131 yere g\u00f6re muhafazak\u00e2r, liberal, antiemperyalist, sosyalist, dindar, se\u00e7kinci, halk\u0131n dostu, k\u00f6lelik kar\u015f\u0131t\u0131, demokrat, otoriter, her t\u00fcrl\u00fc forma girebilen bir ikonu yaratan tarihsel, k\u00fclt\u00fcrel ve sosyolojik olgulara kapsaml\u0131 bir bak\u0131\u015f sunuyor. <\/p>\n","protected":false},"excerpt":{"rendered":"<p>G\u00fcney Amerika\u2019da \u00fc\u00e7 y\u00fcz y\u0131l kadar mutlak egemen olan \u0130spanyol kolonyalizmine kar\u015f\u0131 giri\u015fti\u011fi m\u00fccadeleyi zaferle ta\u00e7land\u0131rm\u0131\u015f muzaffer bir general&#8230; G\u00fcney Amerika\u2019n\u0131n yar\u0131s\u0131n\u0131n kurtar\u0131c\u0131s\u0131 ve siyasi mimar\u0131,<span class=\"excerpt-hellip\"> [\u2026]<\/span><\/p>\n","protected":false},"featured_media":0,"template":"","meta":{"_monsterinsights_skip_tracking":false,"_monsterinsights_sitenote_active":false,"_monsterinsights_sitenote_note":"","_monsterinsights_sitenote_category":0},"product_brand":[],"product_cat":[13946,12304],"product_tag":[],"class_list":{"0":"post-689379","1":"product","2":"type-product","3":"status-publish","5":"product_cat-biyografi-otobiyografi","6":"product_cat-tarih","7":"pa_cilt-ciltsiz","8":"pa_tur-kitap","9":"pa_yayinevi-iletisim-yayinlari","10":"pa_yazar-norbert-rehrmann","12":"first","13":"instock","14":"sale","15":"shipping-taxable","16":"purchasable","17":"product-type-simple"},"_links":{"self":[{"href":"https:\/\/roveyayinevi.com.tr\/index.php\/wp-json\/wp\/v2\/product\/689379","targetHints":{"allow":["GET"]}}],"collection":[{"href":"https:\/\/roveyayinevi.com.tr\/index.php\/wp-json\/wp\/v2\/product"}],"about":[{"href":"https:\/\/roveyayinevi.com.tr\/index.php\/wp-json\/wp\/v2\/types\/product"}],"wp:attachment":[{"href":"https:\/\/roveyayinevi.com.tr\/index.php\/wp-json\/wp\/v2\/media?parent=689379"}],"wp:term":[{"taxonomy":"product_brand","embeddable":true,"href":"https:\/\/roveyayinevi.com.tr\/index.php\/wp-json\/wp\/v2\/product_brand?post=689379"},{"taxonomy":"product_cat","embeddable":true,"href":"https:\/\/roveyayinevi.com.tr\/index.php\/wp-json\/wp\/v2\/product_cat?post=689379"},{"taxonomy":"product_tag","embeddable":true,"href":"https:\/\/roveyayinevi.com.tr\/index.php\/wp-json\/wp\/v2\/product_tag?post=689379"}],"curies":[{"name":"wp","href":"https:\/\/api.w.org\/{rel}","templated":true}]}}