{"id":689378,"date":"2025-08-27T13:11:09","date_gmt":"2025-08-27T10:11:09","guid":{"rendered":"https:\/\/roveyayinevi.com.tr\/index.php\/urun\/turkiyede-sekularizm-ve-modernlik-hermenotik-bir-yeniden-degerlendirme\/"},"modified":"2026-02-03T02:00:39","modified_gmt":"2026-02-02T23:00:39","slug":"turkiyede-sekularizm-ve-modernlik-hermenotik-bir-yeniden-degerlendirme","status":"publish","type":"product","link":"https:\/\/roveyayinevi.com.tr\/index.php\/urun\/turkiyede-sekularizm-ve-modernlik-hermenotik-bir-yeniden-degerlendirme\/","title":{"rendered":"T\u00fcrkiye&#8217;de Sek\u00fclarizm Ve Modernlik &#8211; Hermen\u00f6tik Bir Yeniden De\u011ferlendirme"},"content":{"rendered":"<p>T\u00fcrkiye\u2019nin modernle\u015fme s\u00fcrecinin kilit a\u015famalar\u0131n\u0131 ele alan bu kitapta, Andrew Davison siyaset biliminde hermen\u00f6tik yakla\u015f\u0131m\u0131n ne denli yararl\u0131 oldu\u011funu ortaya koyuyor. T\u00fcrkiye\u2019de Sek\u00fclarizm ve Modernlik\u2019te, \u00f6nce hermen\u00f6tik analizin teorik temellerine ve uygulama alanlar\u0131na a\u00e7\u0131kl\u0131k getiriliyor, ard\u0131ndan T\u00fcrkiye\u2019nin deneyimi alternatif modernlikler \u00e7er\u00e7evesine yerle\u015ftiriliyor. Davison, yorumlay\u0131c\u0131 yakla\u015f\u0131m\u0131n toplumsal geli\u015fmeleri yaln\u0131zca anlamak de\u011fil, a\u00e7\u0131klamak a\u00e7\u0131s\u0131ndan da i\u015fe yarar oldu\u011funu vurguluyor. Daha sonra T\u00fcrkiye\u2019nin \u00e7a\u011fda\u015fla\u015fma ideolojisinin billurla\u015fmas\u0131nda \u00e7ok \u00f6nemli bir yeri olan Ziya G\u00f6kalp\u2019in fikirlerini derinlemesine inceliyor. Yazar, ayr\u0131ca, T\u00fcrkiye\u2019deki modern ve laik modelin geli\u015fim s\u00fcrecini, Bat\u0131\u2019daki sek\u00fclarizm uygulamalar\u0131nda farklar\u0131n\u0131 ve Kemalist elitin politikalar\u0131n\u0131 de\u011ferlendiriyor. Bu kitap, sosyal bilimler ba\u011flam\u0131nda hermen\u00f6tik yorumun ne anlama geldi\u011fini m\u00fckemmel bir \u015fekilde ortaya koyman\u0131n yan\u0131 s\u0131ra, bu yorumun kullan\u0131m\u0131na dair ola\u011fan\u00fcst\u00fc bir \u00f6rnek olu\u015fturuyor. -Clifford Geertz \ufffcTan\u0131t\u0131m Metni<\/p>\n","protected":false},"excerpt":{"rendered":"<p>T\u00fcrkiye\u2019nin modernle\u015fme s\u00fcrecinin kilit a\u015famalar\u0131n\u0131 ele alan bu kitapta, Andrew Davison siyaset biliminde hermen\u00f6tik yakla\u015f\u0131m\u0131n ne denli yararl\u0131 oldu\u011funu ortaya koyuyor. T\u00fcrkiye\u2019de Sek\u00fclarizm ve Modernlik\u2019te, \u00f6nce<span class=\"excerpt-hellip\"> [\u2026]<\/span><\/p>\n","protected":false},"featured_media":0,"template":"","meta":{"_monsterinsights_skip_tracking":false,"_monsterinsights_sitenote_active":false,"_monsterinsights_sitenote_note":"","_monsterinsights_sitenote_category":0},"product_brand":[],"product_cat":[12304,13493],"product_tag":[],"class_list":{"0":"post-689378","1":"product","2":"type-product","3":"status-publish","5":"product_cat-tarih","6":"product_cat-turkiye-ve-cumhuriyet-tarihi","7":"pa_cilt-ciltsiz","8":"pa_tur-kitap","9":"pa_yayinevi-iletisim-yayinlari","10":"pa_yazar-andrew-davison","12":"first","13":"instock","14":"sale","15":"shipping-taxable","16":"purchasable","17":"product-type-simple"},"_links":{"self":[{"href":"https:\/\/roveyayinevi.com.tr\/index.php\/wp-json\/wp\/v2\/product\/689378","targetHints":{"allow":["GET"]}}],"collection":[{"href":"https:\/\/roveyayinevi.com.tr\/index.php\/wp-json\/wp\/v2\/product"}],"about":[{"href":"https:\/\/roveyayinevi.com.tr\/index.php\/wp-json\/wp\/v2\/types\/product"}],"wp:attachment":[{"href":"https:\/\/roveyayinevi.com.tr\/index.php\/wp-json\/wp\/v2\/media?parent=689378"}],"wp:term":[{"taxonomy":"product_brand","embeddable":true,"href":"https:\/\/roveyayinevi.com.tr\/index.php\/wp-json\/wp\/v2\/product_brand?post=689378"},{"taxonomy":"product_cat","embeddable":true,"href":"https:\/\/roveyayinevi.com.tr\/index.php\/wp-json\/wp\/v2\/product_cat?post=689378"},{"taxonomy":"product_tag","embeddable":true,"href":"https:\/\/roveyayinevi.com.tr\/index.php\/wp-json\/wp\/v2\/product_tag?post=689378"}],"curies":[{"name":"wp","href":"https:\/\/api.w.org\/{rel}","templated":true}]}}