{"id":689375,"date":"2025-08-27T13:11:08","date_gmt":"2025-08-27T10:11:08","guid":{"rendered":"https:\/\/roveyayinevi.com.tr\/index.php\/urun\/simgeden-millete-ii-abdulhamidden-mustafa-kemale-devlet-ve-millet\/"},"modified":"2026-01-26T01:59:41","modified_gmt":"2026-01-25T22:59:41","slug":"simgeden-millete-ii-abdulhamidden-mustafa-kemale-devlet-ve-millet","status":"publish","type":"product","link":"https:\/\/roveyayinevi.com.tr\/index.php\/urun\/simgeden-millete-ii-abdulhamidden-mustafa-kemale-devlet-ve-millet\/","title":{"rendered":"Simgeden Millete: II. Abd\u00fclhamid&#8217;den Mustafa Kemal&#8217;e Devlet ve Millet"},"content":{"rendered":"<p>Osmanl\u0131 \u0130mparatorlu\u011fu\u2019nun son y\u00fczy\u0131l\u0131, bir yandan devletin uluslararas\u0131 arenada kendisini s\u00f6z sahibi bir akt\u00f6r olarak tan\u0131mlamaya \u00e7al\u0131\u015ft\u0131\u011f\u0131, di\u011fer yandan bu s\u00f6z sahibi akt\u00f6r\u00fcn art\u0131k t\u00f6renlere s\u0131k\u0131\u015fm\u0131\u015f ihti\u015fam\u0131n\u0131, devletlik vasf\u0131n\u0131 simgeler yoluyla yeniden \u00f6ne \u00e7\u0131karmaya gayret etti\u011fi bir d\u00f6nemdir. Farkl\u0131 etnik k\u00f6ken ve dinden insan\u0131 birarada tutan imparatorluk idaresi, 19. y\u00fczy\u0131l\u0131n son \u00e7eyre\u011finde tebaas\u0131na merkezi idareye ba\u011fl\u0131 homojen bir millet gibi davranmaya ba\u015flar, ama bu arada imparatorluk reflekslerinden de vazge\u00e7emez. \u0130hti\u015fam ve azamet, arma ve madalyalardan dile, Osmanl\u0131 devletinin h\u00fckmetti\u011fi co\u011frafya kavray\u0131\u015f\u0131ndan uluslararas\u0131 alandaki temsil edili\u015f bi\u00e7imlerine kadar geni\u015f bir \u00e7er\u00e7evede h\u00fck\u00fcm s\u00fcrer. Bu s\u00fcre\u00e7 zaman zaman s\u00f6m\u00fcrgeci y\u00f6netimlerin, s\u00f6m\u00fcrgele\u015ftirdikleri tebaaya g\u00f6sterdikleri davran\u0131\u015flara ve  medenile\u015ftirme  te\u015febb\u00fcslerine benzeyen us\u00fblleri de i\u00e7erir. Selim Deringil, bu kitapta biraraya getirilen uzun y\u0131llar\u0131n eme\u011fini yans\u0131tan makalelerinde, 19. y\u00fczy\u0131l imparatorluk tarihinin simgesel \u00fcretim ve yeniden-\u00fcretim alanlar\u0131n\u0131 ele al\u0131yor. Din, millet, devlet tan\u0131mlar\u0131n\u0131 ve bunlar\u0131n siyasal alandaki kullan\u0131mlar\u0131n\u0131, II. Abd\u00fclhamit d\u00f6neminden Mustafa Kemal\u2019e uzanan s\u00fcre\u00e7te,  devlet akl\u0131  ve pratiklerine bakarak inceliyor. <\/p>\n","protected":false},"excerpt":{"rendered":"<p>Osmanl\u0131 \u0130mparatorlu\u011fu\u2019nun son y\u00fczy\u0131l\u0131, bir yandan devletin uluslararas\u0131 arenada kendisini s\u00f6z sahibi bir akt\u00f6r olarak tan\u0131mlamaya \u00e7al\u0131\u015ft\u0131\u011f\u0131, di\u011fer yandan bu s\u00f6z sahibi akt\u00f6r\u00fcn art\u0131k t\u00f6renlere s\u0131k\u0131\u015fm\u0131\u015f<span class=\"excerpt-hellip\"> [\u2026]<\/span><\/p>\n","protected":false},"featured_media":0,"template":"","meta":{"_monsterinsights_skip_tracking":false,"_monsterinsights_sitenote_active":false,"_monsterinsights_sitenote_note":"","_monsterinsights_sitenote_category":0},"product_brand":[],"product_cat":[13517,12304],"product_tag":[],"class_list":{"0":"post-689375","1":"product","2":"type-product","3":"status-publish","5":"product_cat-osmanli-tarihi","6":"product_cat-tarih","7":"pa_cilt-ciltsiz","8":"pa_tur-kitap","9":"pa_yayinevi-iletisim-yayinlari","10":"pa_yazar-selim-deringil","12":"first","13":"instock","14":"sale","15":"shipping-taxable","16":"purchasable","17":"product-type-simple"},"_links":{"self":[{"href":"https:\/\/roveyayinevi.com.tr\/index.php\/wp-json\/wp\/v2\/product\/689375","targetHints":{"allow":["GET"]}}],"collection":[{"href":"https:\/\/roveyayinevi.com.tr\/index.php\/wp-json\/wp\/v2\/product"}],"about":[{"href":"https:\/\/roveyayinevi.com.tr\/index.php\/wp-json\/wp\/v2\/types\/product"}],"wp:attachment":[{"href":"https:\/\/roveyayinevi.com.tr\/index.php\/wp-json\/wp\/v2\/media?parent=689375"}],"wp:term":[{"taxonomy":"product_brand","embeddable":true,"href":"https:\/\/roveyayinevi.com.tr\/index.php\/wp-json\/wp\/v2\/product_brand?post=689375"},{"taxonomy":"product_cat","embeddable":true,"href":"https:\/\/roveyayinevi.com.tr\/index.php\/wp-json\/wp\/v2\/product_cat?post=689375"},{"taxonomy":"product_tag","embeddable":true,"href":"https:\/\/roveyayinevi.com.tr\/index.php\/wp-json\/wp\/v2\/product_tag?post=689375"}],"curies":[{"name":"wp","href":"https:\/\/api.w.org\/{rel}","templated":true}]}}