{"id":689374,"date":"2025-08-27T13:11:08","date_gmt":"2025-08-27T10:11:08","guid":{"rendered":"https:\/\/roveyayinevi.com.tr\/index.php\/urun\/turkiyede-sol-akimlar-1908-1925-cilt-1\/"},"modified":"2025-09-01T08:23:56","modified_gmt":"2025-09-01T05:23:56","slug":"turkiyede-sol-akimlar-1908-1925-cilt-1","status":"publish","type":"product","link":"https:\/\/roveyayinevi.com.tr\/index.php\/urun\/turkiyede-sol-akimlar-1908-1925-cilt-1\/","title":{"rendered":"T\u00fcrkiye&#8217;de Sol Ak\u0131mlar (1908-1925) Cilt 1"},"content":{"rendered":"<p>\u0130lk d\u00f6nem Osmanl\u0131-T\u00fcrkiye sol hareketi, 1908\u2019de kurulan me\u015fruti monar\u015finin verdi\u011fi s\u0131n\u0131rlar i\u00e7inde \u00e7e\u015fitli etnik-din\u00ee kimliklerin bir arada bulundu\u011fu,  enternasyonalist  bir ruhla bi\u00e7imlendi. Bu ruh,1908\u2019den \u0130ttihat ve Terakki iktidar\u0131na, milli iktisat politikalar\u0131ndan Birinci D\u00fcnya Sava\u015f\u0131\u2019na ve sava\u015f ko\u015fullar\u0131yla bi\u00e7imlendirilmi\u015f bir ulus-devletin kurulu\u015f evresine \u00e7e\u015fitli sars\u0131nt\u0131larla nakloldu. Bu s\u00fcre\u00e7te enternasyonalist i\u015f\u00e7i \u00f6rg\u00fctlerinden millici  kom\u00fcnist  \u00f6rg\u00fctlere ve partilere uzanan bir de\u011fi\u015fimden s\u00f6z edilebilir. Bu d\u00f6nemin tarihi bug\u00fcne kadar genellikle milli kom\u00fcnist hareketle, milli h\u00fck\u00fcmetin ili\u015fkileri ekseninde yaz\u0131lageldi. Mete Tun\u00e7ay bu ara\u015ft\u0131rmas\u0131nda,  sosyalizm cereyan\u0131 n\u0131n kendine \u00f6zg\u00fc refleks ve hareketlerini, imparatorluktan ulus-devlete ge\u00e7i\u015f s\u00fcrecinde ele al\u0131yor. Selanik \u0130\u015f\u00e7i Federasyonu\u2019ndan Osmanl\u0131 Sosyalist F\u0131rkas\u0131\u2019na, \u0130\u015ftirak\u00e7i Hilmi\u2019den Mustafa Suphi\u2019ye sol hareketin panoramas\u0131n\u0131 g\u00f6zler \u00f6n\u00fcne seriyor. G\u00fcnl\u00fck gazeteler, hat\u0131ralar, mektuplar, mahkeme kay\u0131tlar\u0131 ve parti ar\u015fivleri, yaln\u0131zca \u00f6rg\u00fct ve partilerin de\u011fil insanlar\u0131n da ger\u00e7ek birer akt\u00f6r olarak i\u00e7inde yer ald\u0131\u011f\u0131 bu ara\u015ft\u0131rman\u0131n zeminini olu\u015fturuyor. 1967\u2019deki ilk bas\u0131m\u0131ndan bug\u00fcne, gerek Osmanl\u0131\u2019n\u0131n son d\u00f6nemi gerek Cumhuriyet\u2019in ilk y\u0131llar\u0131ndaki tart\u0131\u015fmalar i\u00e7in kendi alan\u0131nda temel referans eser haline gelen T\u00fcrkiye\u2019de Sol Ak\u0131mlar 1908-1925\u2019i okurlar\u0131m\u0131za sunmaktan gurur duyuyoruz. <\/p>\n","protected":false},"excerpt":{"rendered":"<p>\u0130lk d\u00f6nem Osmanl\u0131-T\u00fcrkiye sol hareketi, 1908\u2019de kurulan me\u015fruti monar\u015finin verdi\u011fi s\u0131n\u0131rlar i\u00e7inde \u00e7e\u015fitli etnik-din\u00ee kimliklerin bir arada bulundu\u011fu, enternasyonalist bir ruhla bi\u00e7imlendi. Bu ruh,1908\u2019den \u0130ttihat ve<span class=\"excerpt-hellip\"> [\u2026]<\/span><\/p>\n","protected":false},"featured_media":0,"template":"","meta":{"_monsterinsights_skip_tracking":false,"_monsterinsights_sitenote_active":false,"_monsterinsights_sitenote_note":"","_monsterinsights_sitenote_category":0},"product_brand":[],"product_cat":[13590,12337],"product_tag":[],"class_list":{"0":"post-689374","1":"product","2":"type-product","3":"status-publish","5":"product_cat-arastirma-inceleme-politika-siyaset","6":"product_cat-politika-siyaset","7":"pa_cilt-ciltli","8":"pa_tur-kitap","9":"pa_yayinevi-iletisim-yayinlari","10":"pa_yazar-mete-tuncay","12":"first","13":"instock","14":"sale","15":"shipping-taxable","16":"purchasable","17":"product-type-simple"},"_links":{"self":[{"href":"https:\/\/roveyayinevi.com.tr\/index.php\/wp-json\/wp\/v2\/product\/689374","targetHints":{"allow":["GET"]}}],"collection":[{"href":"https:\/\/roveyayinevi.com.tr\/index.php\/wp-json\/wp\/v2\/product"}],"about":[{"href":"https:\/\/roveyayinevi.com.tr\/index.php\/wp-json\/wp\/v2\/types\/product"}],"wp:attachment":[{"href":"https:\/\/roveyayinevi.com.tr\/index.php\/wp-json\/wp\/v2\/media?parent=689374"}],"wp:term":[{"taxonomy":"product_brand","embeddable":true,"href":"https:\/\/roveyayinevi.com.tr\/index.php\/wp-json\/wp\/v2\/product_brand?post=689374"},{"taxonomy":"product_cat","embeddable":true,"href":"https:\/\/roveyayinevi.com.tr\/index.php\/wp-json\/wp\/v2\/product_cat?post=689374"},{"taxonomy":"product_tag","embeddable":true,"href":"https:\/\/roveyayinevi.com.tr\/index.php\/wp-json\/wp\/v2\/product_tag?post=689374"}],"curies":[{"name":"wp","href":"https:\/\/api.w.org\/{rel}","templated":true}]}}