{"id":689373,"date":"2025-08-27T13:11:08","date_gmt":"2025-08-27T10:11:08","guid":{"rendered":"https:\/\/roveyayinevi.com.tr\/index.php\/urun\/yediklerinizin-icinde-ne-var\/"},"modified":"2026-04-16T01:59:15","modified_gmt":"2026-04-15T22:59:15","slug":"yediklerinizin-icinde-ne-var","status":"publish","type":"product","link":"https:\/\/roveyayinevi.com.tr\/index.php\/urun\/yediklerinizin-icinde-ne-var\/","title":{"rendered":"Yediklerinizin \u0130\u00e7inde Ne Var?"},"content":{"rendered":"<p>Beslenme, \u015fefkatli anne ellerinden market raflar\u0131n\u0131 &#8216;s\u00fcsleyen&#8217; sentetik g\u0131dalar\u0131n insaf\u0131na terk edildi\u011finden beri sa\u011fl\u0131\u011f\u0131m\u0131z da bozuldu. G\u0131da sekt\u00f6r\u00fc son derece rasyonel: Daha \u00e7ok kazanmak i\u00e7in ne gerekiyorsa yap\u0131yor. Yiyeceklerin tabi\u00ee hallerine tahamm\u00fcl edemiyorlar! \u00c7\u00fcnk\u00fc bizim i\u00e7in sa\u011fl\u0131k demek olan bu tabi\u00eelik onlar nezdinde &#8216;para&#8217; etmiyor. B\u00fcy\u00fck \u00fcreticiler ve onlar\u0131n emrindeki m\u00fchendisler, g\u0131dalar\u0131n raf \u00f6mr\u00fcn\u00fc m\u00fcmk\u00fcn oldu\u011funca uzatmak, rengini cazip k\u0131lmak, tad\u0131n\u0131 de\u011fi\u015ftirmek, hacmini art\u0131rmak i\u00e7in gece g\u00fcnd\u00fcz \u00e7al\u0131\u015f\u0131yorlar. Bu &#8216;yapay&#8217; de\u011fi\u015fimi sa\u011flamak i\u00e7in de &#8216;katk\u0131 maddeleri&#8217; kullan\u0131yorlar. Ama &#8216;k\u00fc\u00e7\u00fck&#8217; bir sorun var: Bu katk\u0131 maddeleri hem sa\u011fl\u0131\u011f\u0131m\u0131z\u0131, hem de insanl\u0131\u011f\u0131n gelece\u011fini \u00e7ok ciddi \u015fekilde tehdit ediyor.Deccal Tabakta, \u015eeytan Ye Diyor! ve M\u00fcsl\u00fcman&#8217;\u0131n Diyeti kitaplar\u0131n\u0131n yazar\u0131, G\u0131da Hareketi Lideri Kemal \u00d6zer bu kitab\u0131nda, end\u00fcstriyel yiyeceklerin janjanl\u0131 paketlerinin \u00fczerinde mini minnac\u0131k puntolarla yaz\u0131lan E kodlu katk\u0131 maddelerini inceliyor. A&#8217;dan Z&#8217;ye t\u00fcm katk\u0131 maddelerinin hangi kaynaktan elde edildi\u011fini, hangi tip yiyeceklerde kullan\u0131ld\u0131\u011f\u0131n\u0131 ve risklerini anlat\u0131yor. Art\u0131k al\u0131\u015fveri\u015fe \u00e7\u0131karken bu kitab\u0131 da yan\u0131n\u0131za al\u0131n. Yiyeceklerin etiketlerini dikkatlice okuyun, i\u00e7indeki katk\u0131 maddesinin ne i\u015fe yarad\u0131\u011f\u0131n\u0131 (ya da hangi hastal\u0131klara yol a\u00e7t\u0131\u011f\u0131n\u0131) bu kitaptan \u00f6\u011frenin. Sonra bir an \u00e7ocu\u011funuzu, sevdiklerinizi ve sa\u011fl\u0131\u011f\u0131n\u0131z\u0131 d\u00fc\u015f\u00fcn\u00fcn. Vicdan\u0131n\u0131z el verirse al\u0131\u015fveri\u015fe devam edin! <\/p>\n","protected":false},"excerpt":{"rendered":"<p>Beslenme, \u015fefkatli anne ellerinden market raflar\u0131n\u0131 &#8216;s\u00fcsleyen&#8217; sentetik g\u0131dalar\u0131n insaf\u0131na terk edildi\u011finden beri sa\u011fl\u0131\u011f\u0131m\u0131z da bozuldu. G\u0131da sekt\u00f6r\u00fc son derece rasyonel: Daha \u00e7ok kazanmak i\u00e7in ne<span class=\"excerpt-hellip\"> [\u2026]<\/span><\/p>\n","protected":false},"featured_media":0,"template":"","meta":{"_monsterinsights_skip_tracking":false,"_monsterinsights_sitenote_active":false,"_monsterinsights_sitenote_note":"","_monsterinsights_sitenote_category":0},"product_brand":[],"product_cat":[13366,13365],"product_tag":[],"class_list":{"0":"post-689373","1":"product","2":"type-product","3":"status-publish","5":"product_cat-diger-saglik","6":"product_cat-saglik","7":"pa_cilt-ciltsiz","8":"pa_tur-kitap","9":"pa_yayinevi-hayykitap","10":"pa_yazar-kemal-ozer","12":"first","13":"instock","14":"sale","15":"shipping-taxable","16":"purchasable","17":"product-type-simple"},"_links":{"self":[{"href":"https:\/\/roveyayinevi.com.tr\/index.php\/wp-json\/wp\/v2\/product\/689373","targetHints":{"allow":["GET"]}}],"collection":[{"href":"https:\/\/roveyayinevi.com.tr\/index.php\/wp-json\/wp\/v2\/product"}],"about":[{"href":"https:\/\/roveyayinevi.com.tr\/index.php\/wp-json\/wp\/v2\/types\/product"}],"wp:attachment":[{"href":"https:\/\/roveyayinevi.com.tr\/index.php\/wp-json\/wp\/v2\/media?parent=689373"}],"wp:term":[{"taxonomy":"product_brand","embeddable":true,"href":"https:\/\/roveyayinevi.com.tr\/index.php\/wp-json\/wp\/v2\/product_brand?post=689373"},{"taxonomy":"product_cat","embeddable":true,"href":"https:\/\/roveyayinevi.com.tr\/index.php\/wp-json\/wp\/v2\/product_cat?post=689373"},{"taxonomy":"product_tag","embeddable":true,"href":"https:\/\/roveyayinevi.com.tr\/index.php\/wp-json\/wp\/v2\/product_tag?post=689373"}],"curies":[{"name":"wp","href":"https:\/\/api.w.org\/{rel}","templated":true}]}}