{"id":689362,"date":"2025-08-27T13:11:06","date_gmt":"2025-08-27T10:11:06","guid":{"rendered":"https:\/\/roveyayinevi.com.tr\/index.php\/urun\/kuresellesme-surecinde-turkiyede-kamu-kesimi\/"},"modified":"2026-04-16T01:59:14","modified_gmt":"2026-04-15T22:59:14","slug":"kuresellesme-surecinde-turkiyede-kamu-kesimi","status":"publish","type":"product","link":"https:\/\/roveyayinevi.com.tr\/index.php\/urun\/kuresellesme-surecinde-turkiyede-kamu-kesimi\/","title":{"rendered":"K\u00fcreselle\u015fme S\u00fcrecinde T\u00fcrkiye\u2019de Kamu Kesimi"},"content":{"rendered":"<p>Bu \u00e7al\u0131\u015fmada son y\u0131llarda yayg\u0131n bir s\u00f6ylem haline gelen devletin k\u00fc\u00e7\u00fclt\u00fclmesi tart\u0131\u015fmalar\u0131n\u0131n, k\u00fcreselle\u015fme ba\u011flam\u0131nda incelenmesi ve yap\u0131lan tart\u0131\u015fmalarla uygulama sonu\u00e7lar\u0131n\u0131n test edilmesi ama\u00e7 edinilmi\u015ftir. Devletin k\u00fc\u00e7\u00fclt\u00fclmesi veya kamu harcamalar\u0131n\u0131n milli gelirdeki pay\u0131n\u0131n azalt\u0131lmas\u0131, ba\u015fka bir deyi\u015fle devletin daha az harcama yapmas\u0131 teorik ve amprik olarak \u00f6nemli \u00f6l\u00e7\u00fcde tart\u0131\u015f\u0131lmal\u0131 bir aland\u0131r.\u00c7al\u0131\u015fma \u00fc\u00e7 b\u00f6l\u00fcmden olu\u015fmaktad\u0131r.Birinci b\u00f6l\u00fcmde k\u00fcreselle\u015fmeyle ilgili temel kavramlar, k\u00fcreselle\u015fmenin etkileri olumlu ve olumsuz y\u00f6nleriyle ele al\u0131nm\u0131\u015ft\u0131r.\u0130kinci b\u00f6l\u00fcmde ise, k\u00fcreselle\u015fme ve kamu sekt\u00f6r\u00fc ili\u015fkisi ele al\u0131nm\u0131\u015f ve kamu sekt\u00f6r\u00fcn\u00fcn yeni s\u00fcre\u00e7te yeni kavramlarla nas\u0131l bir de\u011fi\u015fim ya\u015fad\u0131\u011f\u0131 incelenmi\u015ftir. Kamu harcamalar\u0131n\u0131n milli gelir i\u00e7indeki pay\u0131 ve kamu sekt\u00f6r\u00fcn\u00fcn yeni rol\u00fcne ili\u015fkin etkinlik tart\u0131\u015fmalar\u0131 \u00e7er\u00e7evesindeki geli\u015fmelere yer verilmi\u015ftir.\u00dc\u00e7\u00fcnc\u00fc b\u00f6l\u00fcmde ise, T\u00fcrkiye&#8217;de kamu sekt\u00f6r\u00fcn\u00fcn etkinli\u011fi \u00e7e\u015fitli g\u00f6stergelere ba\u011fl\u0131 olarak incelenmeye \u00e7al\u0131\u015f\u0131lm\u0131\u015ft\u0131r. Bu b\u00f6l\u00fcmde k\u00fcreselle\u015fme s\u00fcrecinde kamu sekt\u00f6r\u00fcn\u00fcn performans\u0131n\u0131 \u00f6l\u00e7mek amac\u0131yla ve sosyo-ekonomik g\u00f6stergeleri esas alan &#8220;Afonso, Tanzi ve Schuknecht (2006)&#8217;in iki temel grup performans g\u00f6stergelerinden yararlan\u0131lm\u0131\u015f <\/p>\n","protected":false},"excerpt":{"rendered":"<p>Bu \u00e7al\u0131\u015fmada son y\u0131llarda yayg\u0131n bir s\u00f6ylem haline gelen devletin k\u00fc\u00e7\u00fclt\u00fclmesi tart\u0131\u015fmalar\u0131n\u0131n, k\u00fcreselle\u015fme ba\u011flam\u0131nda incelenmesi ve yap\u0131lan tart\u0131\u015fmalarla uygulama sonu\u00e7lar\u0131n\u0131n test edilmesi ama\u00e7 edinilmi\u015ftir. Devletin k\u00fc\u00e7\u00fclt\u00fclmesi<span class=\"excerpt-hellip\"> [\u2026]<\/span><\/p>\n","protected":false},"featured_media":0,"template":"","meta":{"_monsterinsights_skip_tracking":false,"_monsterinsights_sitenote_active":false,"_monsterinsights_sitenote_note":"","_monsterinsights_sitenote_category":0},"product_brand":[],"product_cat":[12573,12566],"product_tag":[],"class_list":{"0":"post-689362","1":"product","2":"type-product","3":"status-publish","5":"product_cat-akademik-kitaplar","6":"product_cat-egitim","7":"pa_cilt-ciltsiz","8":"pa_tur-kitap","9":"pa_yayinevi-gazi-kitabevi","10":"pa_yazar-birol-kovancilar","12":"first","13":"instock","14":"sale","15":"shipping-taxable","16":"purchasable","17":"product-type-simple"},"_links":{"self":[{"href":"https:\/\/roveyayinevi.com.tr\/index.php\/wp-json\/wp\/v2\/product\/689362","targetHints":{"allow":["GET"]}}],"collection":[{"href":"https:\/\/roveyayinevi.com.tr\/index.php\/wp-json\/wp\/v2\/product"}],"about":[{"href":"https:\/\/roveyayinevi.com.tr\/index.php\/wp-json\/wp\/v2\/types\/product"}],"wp:attachment":[{"href":"https:\/\/roveyayinevi.com.tr\/index.php\/wp-json\/wp\/v2\/media?parent=689362"}],"wp:term":[{"taxonomy":"product_brand","embeddable":true,"href":"https:\/\/roveyayinevi.com.tr\/index.php\/wp-json\/wp\/v2\/product_brand?post=689362"},{"taxonomy":"product_cat","embeddable":true,"href":"https:\/\/roveyayinevi.com.tr\/index.php\/wp-json\/wp\/v2\/product_cat?post=689362"},{"taxonomy":"product_tag","embeddable":true,"href":"https:\/\/roveyayinevi.com.tr\/index.php\/wp-json\/wp\/v2\/product_tag?post=689362"}],"curies":[{"name":"wp","href":"https:\/\/api.w.org\/{rel}","templated":true}]}}