{"id":689358,"date":"2025-08-27T13:11:05","date_gmt":"2025-08-27T10:11:05","guid":{"rendered":"https:\/\/roveyayinevi.com.tr\/index.php\/urun\/satilik-hastaliklar\/"},"modified":"2026-04-16T01:59:14","modified_gmt":"2026-04-15T22:59:14","slug":"satilik-hastaliklar","status":"publish","type":"product","link":"https:\/\/roveyayinevi.com.tr\/index.php\/urun\/satilik-hastaliklar\/","title":{"rendered":"Sat\u0131l\u0131k Hastal\u0131klar"},"content":{"rendered":"<p>Bu kitapta uydurma hastal\u0131klar\u0131n profesyonellerce yarat\u0131l\u0131p bu hayalin nas\u0131l topluma pazarland\u0131\u011f\u0131n\u0131 okuyacaks\u0131n\u0131z. Yalan hastal\u0131klar\u0131n tedavisi i\u00e7in yan etkileri bol kimyasallar\u0131n insanlara nas\u0131l milyar dolarlar kar\u015f\u0131l\u0131\u011f\u0131 i\u00e7irildi\u011fini g\u00f6receksiniz.Ve soracaks\u0131n\u0131z kendinize. Acaba ben de ila\u00e7 firmalar\u0131n\u0131n tuza\u011f\u0131na d\u00fc\u015fenlerden biri miyim?D\u00fcnyay\u0131 ila\u00e7 batakl\u0131\u011f\u0131na \u00e7evirmek isteyen profesyonel hastal\u0131k sat\u0131c\u0131lar\u0131 insanlar\u0131 zay\u0131f noktalar\u0131ndan vurmaya \u00e7al\u0131\u015f\u0131yor.G\u00fcnl\u00fck hayat\u0131n s\u0131radan ini\u015f \u00e7\u0131k\u0131\u015flar\u0131n\u0131 m\u0131 ya\u015f\u0131yorsunuz? Yafta haz\u0131r; psikiyatrik hastal\u0131\u011f\u0131n\u0131z var.Ya da \u00e7ocu\u011funuzda ergenlik \u00e7a\u011f\u0131n\u0131n basit gerilimleri mi var? \u0130la\u00e7 \u015firketlerine g\u00f6re bu da tedavi edilmesi gereken bir hastal\u0131k. \u00dcstelik insan\u0131 intihara bile s\u00fcr\u00fckleyecek yan etkilere sahip ila\u00e7lar\u0131 \u00f6m\u00fcr boyu kullanarak&#8230;Liste uzay\u0131p gidiyor&#8230; Okuduk\u00e7a \u015fa\u015f\u0131racaks\u0131n\u0131z ve sinirleneceksiniz. \u0130la\u00e7 end\u00fcstrisinin \u00fczerinde incelikle \u00e7al\u0131\u015ft\u0131\u011f\u0131 tuzaklar\u0131, hastal\u0131k uydurup k\u00f6\u015feyi d\u00f6nenleri yak\u0131ndan tan\u0131yacaks\u0131n\u0131z. <\/p>\n","protected":false},"excerpt":{"rendered":"<p>Bu kitapta uydurma hastal\u0131klar\u0131n profesyonellerce yarat\u0131l\u0131p bu hayalin nas\u0131l topluma pazarland\u0131\u011f\u0131n\u0131 okuyacaks\u0131n\u0131z. Yalan hastal\u0131klar\u0131n tedavisi i\u00e7in yan etkileri bol kimyasallar\u0131n insanlara nas\u0131l milyar dolarlar kar\u015f\u0131l\u0131\u011f\u0131 i\u00e7irildi\u011fini<span class=\"excerpt-hellip\"> [\u2026]<\/span><\/p>\n","protected":false},"featured_media":0,"template":"","meta":{"_monsterinsights_skip_tracking":false,"_monsterinsights_sitenote_active":false,"_monsterinsights_sitenote_note":"","_monsterinsights_sitenote_category":0},"product_brand":[],"product_cat":[12312,12304],"product_tag":[],"class_list":{"0":"post-689358","1":"product","2":"type-product","3":"status-publish","5":"product_cat-diger","6":"product_cat-tarih","7":"pa_cilt-ciltsiz","8":"pa_tur-kitap","9":"pa_yayinevi-hayykitap","10":"pa_yazar-alan-cassels","12":"first","13":"instock","14":"sale","15":"shipping-taxable","16":"purchasable","17":"product-type-simple"},"_links":{"self":[{"href":"https:\/\/roveyayinevi.com.tr\/index.php\/wp-json\/wp\/v2\/product\/689358","targetHints":{"allow":["GET"]}}],"collection":[{"href":"https:\/\/roveyayinevi.com.tr\/index.php\/wp-json\/wp\/v2\/product"}],"about":[{"href":"https:\/\/roveyayinevi.com.tr\/index.php\/wp-json\/wp\/v2\/types\/product"}],"wp:attachment":[{"href":"https:\/\/roveyayinevi.com.tr\/index.php\/wp-json\/wp\/v2\/media?parent=689358"}],"wp:term":[{"taxonomy":"product_brand","embeddable":true,"href":"https:\/\/roveyayinevi.com.tr\/index.php\/wp-json\/wp\/v2\/product_brand?post=689358"},{"taxonomy":"product_cat","embeddable":true,"href":"https:\/\/roveyayinevi.com.tr\/index.php\/wp-json\/wp\/v2\/product_cat?post=689358"},{"taxonomy":"product_tag","embeddable":true,"href":"https:\/\/roveyayinevi.com.tr\/index.php\/wp-json\/wp\/v2\/product_tag?post=689358"}],"curies":[{"name":"wp","href":"https:\/\/api.w.org\/{rel}","templated":true}]}}