{"id":689356,"date":"2025-08-27T13:11:05","date_gmt":"2025-08-27T10:11:05","guid":{"rendered":"https:\/\/roveyayinevi.com.tr\/index.php\/urun\/sevgili-ataturkcugum\/"},"modified":"2025-10-09T02:02:08","modified_gmt":"2025-10-08T23:02:08","slug":"sevgili-ataturkcugum","status":"publish","type":"product","link":"https:\/\/roveyayinevi.com.tr\/index.php\/urun\/sevgili-ataturkcugum\/","title":{"rendered":"Sevgili Atat\u00fcrk\u00e7\u00fc\u011f\u00fcm"},"content":{"rendered":"<p>Atat\u00fcrk\u2019\u00fcn ba\u015fak sa\u00e7lar\u0131, \u015fim\u015fek bak\u0131\u015flar\u0131, g\u00f6k mavisi g\u00f6zleri, size Yunan mitoloji tanr\u0131lar\u0131n\u0131 \u00e7a\u011fr\u0131\u015ft\u0131rd\u0131 m\u0131 hi\u00e7?  K\u00fc\u00e7\u00fckken kovalad\u0131\u011f\u0131 kargalar\u0131n Osmanl\u0131y\u0131, kara \u00e7ar\u015faf\u0131 simgeledi\u011fini d\u00fc\u015f\u00fcnd\u00fcn\u00fcz m\u00fc?  Ya Trablusgarp\u2019ta onu kur\u015funlardan koruyan saat&#8230; Atat\u00fcrk se\u00e7ilmi\u015f, matematiksel olarak kusursuz ve \u00f6l\u00fcms\u00fcz olabilir mi?  Bilgi \u00dcniversitesi\u2019nden Esra Elmas, Mustafa Kemal Atat\u00fcrk\u2019\u00fc \u00e7ocuklara sordu. Her g\u00fcn bronz Atat\u00fcrk b\u00fcst\u00fc \u00f6n\u00fcnde varl\u0131\u011f\u0131n\u0131 T\u00fcrk varl\u0131\u011f\u0131na arma\u011fan eden, \u00f6devini yapmad\u0131\u011f\u0131nda At\u00fct\u00fcrk\u2019\u00fcn ona k\u0131zg\u0131n k\u0131zg\u0131n bakt\u0131\u011f\u0131n\u0131 s\u00f6yleyen \u00e7ocuklara&#8230;  Atat\u00fcrk hayatta olsayd\u0131 Tayyip Erdo\u011fan ba\u015fbakan olmazd\u0131.. diyen \u00e7ocuklara&#8230;  \u0130lkokul \u00e7ocuklar\u0131yla y\u00fczy\u00fcze g\u00f6r\u00fc\u015fme y\u00f6ntemiyle ger\u00e7ekle\u015ftirilen ve T\u00fcrkiye\u2019de bir ilk niteli\u011fi ta\u015f\u0131yan bu ara\u015ft\u0131rman\u0131n sonu\u00e7lar\u0131n\u0131 ilgiyle okuyacaks\u0131n\u0131z. \u00c7ocuk-otorite \u00fczerine \u00e7al\u0131\u015fmalar\u0131yla tan\u0131nan K\u00fcr\u015fat Bumin\u2019in \u00f6ns\u00f6z\u00fcyle..  Neden \u00e7ocuklar\u0131 se\u00e7ti\u011fimize gelince. \u00c7ok basit \u00e7\u00fcnk\u00fc onlar &#8220;oyun oynamaya&#8221; ve &#8220;oyunlar\u0131 bozmaya&#8221; hepimizden daha hevesliler. <\/p>\n","protected":false},"excerpt":{"rendered":"<p>Atat\u00fcrk\u2019\u00fcn ba\u015fak sa\u00e7lar\u0131, \u015fim\u015fek bak\u0131\u015flar\u0131, g\u00f6k mavisi g\u00f6zleri, size Yunan mitoloji tanr\u0131lar\u0131n\u0131 \u00e7a\u011fr\u0131\u015ft\u0131rd\u0131 m\u0131 hi\u00e7? K\u00fc\u00e7\u00fckken kovalad\u0131\u011f\u0131 kargalar\u0131n Osmanl\u0131y\u0131, kara \u00e7ar\u015faf\u0131 simgeledi\u011fini d\u00fc\u015f\u00fcnd\u00fcn\u00fcz m\u00fc? Ya Trablusgarp\u2019ta<span class=\"excerpt-hellip\"> [\u2026]<\/span><\/p>\n","protected":false},"featured_media":0,"template":"","meta":{"_monsterinsights_skip_tracking":false,"_monsterinsights_sitenote_active":false,"_monsterinsights_sitenote_note":"","_monsterinsights_sitenote_category":0},"product_brand":[],"product_cat":[12530,12304],"product_tag":[],"class_list":{"0":"post-689356","1":"product","2":"type-product","3":"status-publish","5":"product_cat-mustafa-kemal-ataturk","6":"product_cat-tarih","7":"pa_cilt-ciltsiz","8":"pa_tur-kitap","9":"pa_yayinevi-hayykitap","10":"pa_yazar-esra-elmas","12":"first","13":"instock","14":"sale","15":"shipping-taxable","16":"purchasable","17":"product-type-simple"},"_links":{"self":[{"href":"https:\/\/roveyayinevi.com.tr\/index.php\/wp-json\/wp\/v2\/product\/689356","targetHints":{"allow":["GET"]}}],"collection":[{"href":"https:\/\/roveyayinevi.com.tr\/index.php\/wp-json\/wp\/v2\/product"}],"about":[{"href":"https:\/\/roveyayinevi.com.tr\/index.php\/wp-json\/wp\/v2\/types\/product"}],"wp:attachment":[{"href":"https:\/\/roveyayinevi.com.tr\/index.php\/wp-json\/wp\/v2\/media?parent=689356"}],"wp:term":[{"taxonomy":"product_brand","embeddable":true,"href":"https:\/\/roveyayinevi.com.tr\/index.php\/wp-json\/wp\/v2\/product_brand?post=689356"},{"taxonomy":"product_cat","embeddable":true,"href":"https:\/\/roveyayinevi.com.tr\/index.php\/wp-json\/wp\/v2\/product_cat?post=689356"},{"taxonomy":"product_tag","embeddable":true,"href":"https:\/\/roveyayinevi.com.tr\/index.php\/wp-json\/wp\/v2\/product_tag?post=689356"}],"curies":[{"name":"wp","href":"https:\/\/api.w.org\/{rel}","templated":true}]}}