{"id":689355,"date":"2025-08-27T13:11:05","date_gmt":"2025-08-27T10:11:05","guid":{"rendered":"https:\/\/roveyayinevi.com.tr\/index.php\/urun\/ozun-ozu-ibn-arabi\/"},"modified":"2026-04-16T01:59:14","modified_gmt":"2026-04-15T22:59:14","slug":"ozun-ozu-ibn-arabi","status":"publish","type":"product","link":"https:\/\/roveyayinevi.com.tr\/index.php\/urun\/ozun-ozu-ibn-arabi\/","title":{"rendered":"\u00d6z\u00fcn \u00d6z\u00fc \u0130bn Arabi"},"content":{"rendered":"<p>Bilinsin ki, bir g\u00fczel sevgilinin g\u00fczelli\u011fine bak\u0131lsa ve onun etraf\u0131na y\u00fcz binlerce ayna koyulsa o sevgili y\u00fcz binlerce g\u00f6r\u00fcn\u00fcr. G\u00f6r\u00fcnt\u00fcler, o aynalar\u0131n kendi kabiliyet ve istidatlar\u0131na farkl\u0131 farkl\u0131 olabilir. Sevgilinin bir aynada g\u00f6r\u00fcnen y\u00fcz\u00fcn\u00fc g\u00f6r\u00fcp di\u011fery\u00fczleri ink\u00e2r eden \u00e2rif de\u011fildir. \u00c2rif olan hepsini kabul eder. \u00c2rif sevgiliyi ayna ile de g\u00f6r\u00fcr ayna olmadan da. \u00c7\u00fcnk\u00fc o bir sevgili ve bir teky\u00fczd\u00fcr. Bu Hakk&#8217;\u0131n biry\u00fcz\u00fcd\u00fcr. \u0130l\u00e2h-\u0131 mutlak hi\u00e7bir \u015feye s\u0131\u011fmaz. G\u00f6nle de s\u0131\u011fmaz. Hem nas\u0131l s\u0131\u011fs\u0131n ki, O her \u015feyin ayn\u0131d\u0131r ve kendisinden ba\u015fka bir \u015fey yoktur. Bu anlamda g\u00f6nl\u00fcn de ayn\u0131d\u0131r. <\/p>\n","protected":false},"excerpt":{"rendered":"<p>Bilinsin ki, bir g\u00fczel sevgilinin g\u00fczelli\u011fine bak\u0131lsa ve onun etraf\u0131na y\u00fcz binlerce ayna koyulsa o sevgili y\u00fcz binlerce g\u00f6r\u00fcn\u00fcr. G\u00f6r\u00fcnt\u00fcler, o aynalar\u0131n kendi kabiliyet ve istidatlar\u0131na<span class=\"excerpt-hellip\"> [\u2026]<\/span><\/p>\n","protected":false},"featured_media":0,"template":"","meta":{"_monsterinsights_skip_tracking":false,"_monsterinsights_sitenote_active":false,"_monsterinsights_sitenote_note":"","_monsterinsights_sitenote_category":0},"product_brand":[],"product_cat":[12718,12719],"product_tag":[],"class_list":{"0":"post-689355","1":"product","2":"type-product","3":"status-publish","5":"product_cat-din","6":"product_cat-islam","7":"pa_cilt-ciltsiz","8":"pa_tur-kitap","9":"pa_yayinevi-hayykitap","10":"pa_yazar-muhyiddin-ibn-arabi","12":"first","13":"instock","14":"sale","15":"shipping-taxable","16":"purchasable","17":"product-type-simple"},"_links":{"self":[{"href":"https:\/\/roveyayinevi.com.tr\/index.php\/wp-json\/wp\/v2\/product\/689355","targetHints":{"allow":["GET"]}}],"collection":[{"href":"https:\/\/roveyayinevi.com.tr\/index.php\/wp-json\/wp\/v2\/product"}],"about":[{"href":"https:\/\/roveyayinevi.com.tr\/index.php\/wp-json\/wp\/v2\/types\/product"}],"wp:attachment":[{"href":"https:\/\/roveyayinevi.com.tr\/index.php\/wp-json\/wp\/v2\/media?parent=689355"}],"wp:term":[{"taxonomy":"product_brand","embeddable":true,"href":"https:\/\/roveyayinevi.com.tr\/index.php\/wp-json\/wp\/v2\/product_brand?post=689355"},{"taxonomy":"product_cat","embeddable":true,"href":"https:\/\/roveyayinevi.com.tr\/index.php\/wp-json\/wp\/v2\/product_cat?post=689355"},{"taxonomy":"product_tag","embeddable":true,"href":"https:\/\/roveyayinevi.com.tr\/index.php\/wp-json\/wp\/v2\/product_tag?post=689355"}],"curies":[{"name":"wp","href":"https:\/\/api.w.org\/{rel}","templated":true}]}}