{"id":689354,"date":"2025-08-27T13:11:05","date_gmt":"2025-08-27T10:11:05","guid":{"rendered":"https:\/\/roveyayinevi.com.tr\/index.php\/urun\/tursu\/"},"modified":"2025-12-30T09:35:34","modified_gmt":"2025-12-30T06:35:34","slug":"tursu","status":"publish","type":"product","link":"https:\/\/roveyayinevi.com.tr\/index.php\/urun\/tursu\/","title":{"rendered":"Tur\u015fu"},"content":{"rendered":"<p>Tur\u015fu atalar\u0131m\u0131zdan bize kalan en de\u011ferli miraslardan\u2026 Nesiller boyunca mutfaklar\u0131n vazge\u00e7ilmezi olmu\u015f, sofralarda ba\u015f tac\u0131 edilmi\u015f, kendi k\u00fclt\u00fcr\u00fcn\u00fc de beraberinde getirmi\u015f.Sema Temizkan bu k\u00fclt\u00fcr\u00fcn i\u00e7inde b\u00fcy\u00fcd\u00fc, uzun y\u0131llar \u2018aile b\u00fcy\u00fcklerinin\u2019 yan\u0131nda pi\u015fti. Dile kolay, annesi Markiz, Lebon ve \u0130nci gibi m\u00fcstesna pastanelerin usta \u015fekerlemecisi, kay\u0131nvalidesi ise Eski\u015fehir d\u00fc\u011f\u00fcnlerinin ba\u015f a\u015f\u00e7\u0131s\u0131!Yazar geleneksel usulle yap\u0131lan tur\u015fu re\u00e7etelerini, bu Anadolu k\u00fclt\u00fcr\u00fcn\u00fc ya\u015fatmak ve gelecek nesillere aktarmak i\u00e7in bizlerle payla\u015f\u0131yor. Kitapta, d\u00f6rt mevsim tur\u015fu keyfini s\u00fcrebilmeniz i\u00e7in, kolayl\u0131kla yapabilece\u011finiz birbirinden lezzetli 60 farkl\u0131 tarif bulunuyor. Tabii bu tariflerin yan\u0131nda, en \u00fcnl\u00fc tur\u015fu ustalar\u0131n\u0131n \u00e7ok \u00f6zel tur\u015fu s\u0131rlar\u0131 da yer al\u0131yor&#8230;Otlar, meyveler ve sebzelerle, mis kokulu ve g\u00f6z al\u0131c\u0131 renkte tur\u015fular\u0131 kurmak i\u00e7in ne bekliyoruz?Kitab\u0131n B\u00f6l\u00fcmleri:Anadolu Tur\u015fu K\u00fclt\u00fcr\u00fc\u2022 Nedir Bu \u2018Tur\u015fu\u2019 Dedi\u011fimiz?\u2022 Pulya Ku\u015fu Tur\u015fusu\u2022 Anadolu\u2019da Binlerce Y\u0131ld\u0131r Tur\u015fu Kuruluyor\u2022 Osmanl\u0131\u2019da Tur\u015fu\u2022 Tur\u015fu-y\u0131 Mahlut\u2022 \u015ealgam Tur\u015fusu\u2022 Nane Tur\u015fusu\u2022 Bal\u0131k Tur\u015fusu\u2022 \u00dcz\u00fcm Tur\u015fusu\u2022 \u00c7a\u011fla Tur\u015fusu\u2022 Mahlut Tur\u015fusu\u2022 Tur\u015fucuzade Ahmet Muhtar Efendi\u2022 Tur\u015fucu H\u00fcseyin \u00c7elebiOnlar Olmadan Tur\u015fu Olmaz!\u2022 Tuzun \u00d6nemi\u2022 Sirkenin G\u00fcc\u00fc\u2022 Sirke Nas\u0131l Olu\u015fur?\u2022 Elma SirkesiT\u00fcrkiye\u2019nin \u00dcnl\u00fc Tur\u015fucular\u0131\u2022 \u00c7ubuk Tur\u015fusu\u2022 \u00c7ubuk Salatal\u0131k Tur\u015fusu\u2022 Gedelek K\u00f6y\u00fc\u2022 Kozalak Tur\u015fusu\u2022 Asri Tur\u015fucu\u2022 Hac\u0131 Salih Demir (Kemerburgaz)\u2022 Vonal\u0131 CelalTur\u015fular\u0131n\u0131n Tad\u0131 Unutulmayan Lokantalar\u2022 Asitane (\u0130stanbul)\u2022 Pekmezli Pancar Tur\u015fusu\u2022 Kanaat Lokantas\u0131 (\u0130stanbul)\u2022 Kar\u0131\u015f\u0131k Tur\u015fu\u2022 Hayat Lokantas\u0131 (Bursa)\u2022 Bal\u0131k\u00e7\u0131 Fevzi (Dat\u00e7a)\u2022 Yer Elmas\u0131 Tur\u015fusu (Bal\u0131k\u00e7\u0131 Fevzi Usul\u00fc)Tur\u015fuseverlerin S\u0131rlar\u0131\u2022 Bir \u2018Merakl\u0131n\u0131n\u2019 Tur\u015fu Maceras\u0131 (M\u00fcnevver Alt\u0131nba\u015f)\u2022 Patl\u0131can Tur\u015fusu\u2022 \u00c7engelk\u00f6y Salatal\u0131\u011f\u0131\u2022 Tatiana Sorosko\u2019nun Salatal\u0131k Tur\u015fusu (Babaannesinin Usul\u00fc)\u2022 Pratik Tur\u015fu Yeme\u011fi\u2022 Gizemli Korni\u015fon (\u00d6zg\u00fcr Temizkan)\u2022 Korni\u015fon Tur\u015fusu\u2022 Almanlar da Salatal\u0131k Tur\u015fusu Yapar (\u00d6zlem Serpil Temizkan)\u2022 Her Mevsime \u00d6zel Tur\u015fu S\u0131rlar\u0131 (G\u00f6k\u00e7en Adar)\u2022 K\u0131\u015f Tur\u015fular\u0131\u2022 Yaz Tur\u015fular\u0131 (Limonlular)\u2022 Gelin Tur\u015fular\u0131\u2022 Ege\u2019nin Tur\u015fu K\u00fclt\u00fcr\u00fc (A. Nedim Atilla)\u2022 Dal\u0131nda Ba\u015flayan Bir Kapari Tur\u015fusu Hik\u00e2yesi (Maria Ekmek\u00e7io\u011flu) <\/p>\n","protected":false},"excerpt":{"rendered":"<p>Tur\u015fu atalar\u0131m\u0131zdan bize kalan en de\u011ferli miraslardan\u2026 Nesiller boyunca mutfaklar\u0131n vazge\u00e7ilmezi olmu\u015f, sofralarda ba\u015f tac\u0131 edilmi\u015f, kendi k\u00fclt\u00fcr\u00fcn\u00fc de beraberinde getirmi\u015f.Sema Temizkan bu k\u00fclt\u00fcr\u00fcn i\u00e7inde b\u00fcy\u00fcd\u00fc,<span class=\"excerpt-hellip\"> [\u2026]<\/span><\/p>\n","protected":false},"featured_media":0,"template":"","meta":{"_monsterinsights_skip_tracking":false,"_monsterinsights_sitenote_active":false,"_monsterinsights_sitenote_note":"","_monsterinsights_sitenote_category":0},"product_brand":[],"product_cat":[12457],"product_tag":[],"class_list":{"0":"post-689354","1":"product","2":"type-product","3":"status-publish","5":"product_cat-yemek-kitaplari","6":"pa_cilt-ciltsiz","7":"pa_tur-kitap","8":"pa_yayinevi-hayykitap","9":"pa_yazar-sema-temizkan","11":"first","12":"instock","13":"sale","14":"shipping-taxable","15":"purchasable","16":"product-type-simple"},"_links":{"self":[{"href":"https:\/\/roveyayinevi.com.tr\/index.php\/wp-json\/wp\/v2\/product\/689354","targetHints":{"allow":["GET"]}}],"collection":[{"href":"https:\/\/roveyayinevi.com.tr\/index.php\/wp-json\/wp\/v2\/product"}],"about":[{"href":"https:\/\/roveyayinevi.com.tr\/index.php\/wp-json\/wp\/v2\/types\/product"}],"wp:attachment":[{"href":"https:\/\/roveyayinevi.com.tr\/index.php\/wp-json\/wp\/v2\/media?parent=689354"}],"wp:term":[{"taxonomy":"product_brand","embeddable":true,"href":"https:\/\/roveyayinevi.com.tr\/index.php\/wp-json\/wp\/v2\/product_brand?post=689354"},{"taxonomy":"product_cat","embeddable":true,"href":"https:\/\/roveyayinevi.com.tr\/index.php\/wp-json\/wp\/v2\/product_cat?post=689354"},{"taxonomy":"product_tag","embeddable":true,"href":"https:\/\/roveyayinevi.com.tr\/index.php\/wp-json\/wp\/v2\/product_tag?post=689354"}],"curies":[{"name":"wp","href":"https:\/\/api.w.org\/{rel}","templated":true}]}}