{"id":689353,"date":"2025-08-27T13:11:05","date_gmt":"2025-08-27T10:11:05","guid":{"rendered":"https:\/\/roveyayinevi.com.tr\/index.php\/urun\/tibbi-bitkileri-dogru-kullanma-rehberi\/"},"modified":"2026-04-16T01:59:14","modified_gmt":"2026-04-15T22:59:14","slug":"tibbi-bitkileri-dogru-kullanma-rehberi","status":"publish","type":"product","link":"https:\/\/roveyayinevi.com.tr\/index.php\/urun\/tibbi-bitkileri-dogru-kullanma-rehberi\/","title":{"rendered":"T\u0131bbi Bitkileri Do\u011fru Kullanma Rehberi"},"content":{"rendered":"<p>\u0130la\u00e7 firmalar\u0131n\u0131n s\u00f6z\u00fcnden \u00e7\u0131kmayan bir kesim, g\u00fczelim t\u0131bbi bitkileri \u2018ot-\u00e7\u00f6p\u2019 diye a\u015fa\u011f\u0131lamaya \u00e7al\u0131\u015f\u0131rken, bir k\u0131s\u0131m \u2018uyan\u0131k\u2019 pazarlamac\u0131lar da bunlar\u0131 \u2018mucize, her derde deva, kesin \u00e7\u00f6z\u00fcm\u2019 olarak lanse ediyor. Bitkileri kullanman\u0131n \u2018\u00e7ok zor\u2019 oldu\u011fu y\u00f6n\u00fcnde bir intiba yaratmak isteyenler de var. Hepsi yan\u0131l\u0131yor!Bu kitap, t\u0131bbi bitkilerle ilgili zihinlerde yer etmi\u015f yanl\u0131\u015flar\u0131 d\u00fczeltmek i\u00e7in yaz\u0131ld\u0131. \u2018T\u0131bbi ve Aromatik Bitkiler\u2019 e\u011fitimi g\u00f6rm\u00fc\u015f ve \u00e7ocuklu\u011fundan beri i\u015fin mutfa\u011f\u0131nda yer alm\u0131\u015f Naz\u0131m Tanr\u0131kulu, bitki ger\u00e7e\u011fini pratik form\u00fcllerle a\u00e7\u0131kl\u0131yor.Kitap, bitkileri yeti\u015ftirmeden toplamaya, kurutmadan saklamaya, hangi bitkinin hangi k\u0131s\u0131mlar\u0131n\u0131n kullan\u0131laca\u011f\u0131na kadar yararl\u0131 ipu\u00e7lar\u0131 i\u00e7eriyor. Farkl\u0131 \u00e7ay yap\u0131mlar\u0131ndan \u015furup kaynatmaya, tent\u00fcrden macuna, kremden merheme, bu\u011fudan losyona, gargaradan banyoya, aromaterapiden do\u011fal boyamaya kadar t\u0131bbi bitkilerle ev ortam\u0131nda yapabileceklerinizi toplam 89 re\u00e7ete e\u015fli\u011finde anlat\u0131yor. <\/p>\n","protected":false},"excerpt":{"rendered":"<p>\u0130la\u00e7 firmalar\u0131n\u0131n s\u00f6z\u00fcnden \u00e7\u0131kmayan bir kesim, g\u00fczelim t\u0131bbi bitkileri \u2018ot-\u00e7\u00f6p\u2019 diye a\u015fa\u011f\u0131lamaya \u00e7al\u0131\u015f\u0131rken, bir k\u0131s\u0131m \u2018uyan\u0131k\u2019 pazarlamac\u0131lar da bunlar\u0131 \u2018mucize, her derde deva, kesin \u00e7\u00f6z\u00fcm\u2019 olarak<span class=\"excerpt-hellip\"> [\u2026]<\/span><\/p>\n","protected":false},"featured_media":0,"template":"","meta":{"_monsterinsights_skip_tracking":false,"_monsterinsights_sitenote_active":false,"_monsterinsights_sitenote_note":"","_monsterinsights_sitenote_category":0},"product_brand":[],"product_cat":[13397,13365],"product_tag":[],"class_list":{"0":"post-689353","1":"product","2":"type-product","3":"status-publish","5":"product_cat-alternatif-tip-sifali-bitkiler","6":"product_cat-saglik","7":"pa_cilt-ciltsiz","8":"pa_tur-kitap","9":"pa_yayinevi-hayykitap","10":"pa_yazar-nazim-tanrikulu","12":"first","13":"instock","14":"sale","15":"shipping-taxable","16":"purchasable","17":"product-type-simple"},"_links":{"self":[{"href":"https:\/\/roveyayinevi.com.tr\/index.php\/wp-json\/wp\/v2\/product\/689353","targetHints":{"allow":["GET"]}}],"collection":[{"href":"https:\/\/roveyayinevi.com.tr\/index.php\/wp-json\/wp\/v2\/product"}],"about":[{"href":"https:\/\/roveyayinevi.com.tr\/index.php\/wp-json\/wp\/v2\/types\/product"}],"wp:attachment":[{"href":"https:\/\/roveyayinevi.com.tr\/index.php\/wp-json\/wp\/v2\/media?parent=689353"}],"wp:term":[{"taxonomy":"product_brand","embeddable":true,"href":"https:\/\/roveyayinevi.com.tr\/index.php\/wp-json\/wp\/v2\/product_brand?post=689353"},{"taxonomy":"product_cat","embeddable":true,"href":"https:\/\/roveyayinevi.com.tr\/index.php\/wp-json\/wp\/v2\/product_cat?post=689353"},{"taxonomy":"product_tag","embeddable":true,"href":"https:\/\/roveyayinevi.com.tr\/index.php\/wp-json\/wp\/v2\/product_tag?post=689353"}],"curies":[{"name":"wp","href":"https:\/\/api.w.org\/{rel}","templated":true}]}}