{"id":689352,"date":"2025-08-27T13:11:04","date_gmt":"2025-08-27T10:11:04","guid":{"rendered":"https:\/\/roveyayinevi.com.tr\/index.php\/urun\/turkiyede-folklor-ve-milliyetcilik\/"},"modified":"2026-04-16T01:59:14","modified_gmt":"2026-04-15T22:59:14","slug":"turkiyede-folklor-ve-milliyetcilik","status":"publish","type":"product","link":"https:\/\/roveyayinevi.com.tr\/index.php\/urun\/turkiyede-folklor-ve-milliyetcilik\/","title":{"rendered":"T\u00fcrkiye&#8217;de Folklor ve Milliyet\u00e7ilik"},"content":{"rendered":"<p>T\u00fcrkiye\u2019de Folklor ve Milliyet\u00e7ilik, son d\u00f6nem Osmanl\u0131 ayd\u0131nlar\u0131ndan Cumhuriyet d\u00f6nemine devredilen ve bug\u00fcne kadar devam eden bir aray\u0131\u015f\u0131 anlat\u0131yor. Folkloru milliyet\u00e7ilik potas\u0131nda yeniden \u201ci\u015flem\u201de sokma \u00e7abalar\u0131, folklorun \u201ctek ekol\u201d \u00e7er\u00e7evesine s\u0131\u011fd\u0131r\u0131lamay\u0131\u015f\u0131, halk k\u00fclt\u00fcr\u00fcn\u00fcn do\u011fal ve yapay yataklardaki kesintisiz ak\u0131\u015f\u0131: Osmanl\u0131 d\u00f6neminin T\u00fcrk\u00e7\u00fc ayd\u0131nlar\u0131ndan Halk Bilgisi Derne\u011fi\u2019ne, Halkevleri\u2019nden Pertev Naili Boratav ekol\u00fcne, Mill\u00ee Folklor Enstit\u00fcs\u00fc\u2019nden folklorun \u201cimaj\u201d\u0131na d\u00f6n\u00fc\u015fen halk oyunlar\u0131n\u0131n mill\u00ee sal\u0131n\u0131mlar\u0131na&#8230;<\/p>\n","protected":false},"excerpt":{"rendered":"<p>T\u00fcrkiye\u2019de Folklor ve Milliyet\u00e7ilik, son d\u00f6nem Osmanl\u0131 ayd\u0131nlar\u0131ndan Cumhuriyet d\u00f6nemine devredilen ve bug\u00fcne kadar devam eden bir aray\u0131\u015f\u0131 anlat\u0131yor. Folkloru milliyet\u00e7ilik potas\u0131nda yeniden \u201ci\u015flem\u201de sokma \u00e7abalar\u0131,<span class=\"excerpt-hellip\"> [\u2026]<\/span><\/p>\n","protected":false},"featured_media":0,"template":"","meta":{"_monsterinsights_skip_tracking":false,"_monsterinsights_sitenote_active":false,"_monsterinsights_sitenote_note":"","_monsterinsights_sitenote_category":0},"product_brand":[],"product_cat":[13633,12324],"product_tag":[],"class_list":{"0":"post-689352","1":"product","2":"type-product","3":"status-publish","5":"product_cat-kultur-ve-bilim","6":"product_cat-sosyoloji","7":"pa_cilt-ciltsiz","8":"pa_tur-kitap","9":"pa_yayinevi-iletisim-yayinlari","10":"pa_yazar-arzu-ozturkmen","12":"first","13":"instock","14":"sale","15":"shipping-taxable","16":"purchasable","17":"product-type-simple"},"_links":{"self":[{"href":"https:\/\/roveyayinevi.com.tr\/index.php\/wp-json\/wp\/v2\/product\/689352","targetHints":{"allow":["GET"]}}],"collection":[{"href":"https:\/\/roveyayinevi.com.tr\/index.php\/wp-json\/wp\/v2\/product"}],"about":[{"href":"https:\/\/roveyayinevi.com.tr\/index.php\/wp-json\/wp\/v2\/types\/product"}],"wp:attachment":[{"href":"https:\/\/roveyayinevi.com.tr\/index.php\/wp-json\/wp\/v2\/media?parent=689352"}],"wp:term":[{"taxonomy":"product_brand","embeddable":true,"href":"https:\/\/roveyayinevi.com.tr\/index.php\/wp-json\/wp\/v2\/product_brand?post=689352"},{"taxonomy":"product_cat","embeddable":true,"href":"https:\/\/roveyayinevi.com.tr\/index.php\/wp-json\/wp\/v2\/product_cat?post=689352"},{"taxonomy":"product_tag","embeddable":true,"href":"https:\/\/roveyayinevi.com.tr\/index.php\/wp-json\/wp\/v2\/product_tag?post=689352"}],"curies":[{"name":"wp","href":"https:\/\/api.w.org\/{rel}","templated":true}]}}