{"id":689351,"date":"2025-08-27T13:11:04","date_gmt":"2025-08-27T10:11:04","guid":{"rendered":"https:\/\/roveyayinevi.com.tr\/index.php\/urun\/turkiyede-devlet-ve-siniflar\/"},"modified":"2026-04-16T01:59:14","modified_gmt":"2026-04-15T22:59:14","slug":"turkiyede-devlet-ve-siniflar","status":"publish","type":"product","link":"https:\/\/roveyayinevi.com.tr\/index.php\/urun\/turkiyede-devlet-ve-siniflar\/","title":{"rendered":"T\u00fcrkiye&#8217;de Devlet ve S\u0131n\u0131flar"},"content":{"rendered":"<p>Keyder kapitalist geli\u015fmenin T\u00fcrkiye tarihinin \u00f6zg\u00fcll\u00fckleri \u00e7er\u00e7evesinde nas\u0131l \u015fekillendi\u011fini inceliyor. Osmanl\u0131 devlet ve toplum miras\u0131n\u0131n dolayl\u0131 ve karma\u015f\u0131k yollarla Cumhuriyet\u2019in s\u0131n\u0131f dengelerini olu\u015fturmas\u0131, T\u00fcrkiye devletinin toplumsal yap\u0131lanmadaki i\u015flevi, burjuvazinin olgunla\u015fmas\u0131 ve niteli\u011fi, s\u00fcrecin d\u00f6nemleri boyunca izleniyor.\ufffc<\/p>\n","protected":false},"excerpt":{"rendered":"<p>Keyder kapitalist geli\u015fmenin T\u00fcrkiye tarihinin \u00f6zg\u00fcll\u00fckleri \u00e7er\u00e7evesinde nas\u0131l \u015fekillendi\u011fini inceliyor. Osmanl\u0131 devlet ve toplum miras\u0131n\u0131n dolayl\u0131 ve karma\u015f\u0131k yollarla Cumhuriyet\u2019in s\u0131n\u0131f dengelerini olu\u015fturmas\u0131, T\u00fcrkiye devletinin toplumsal<span class=\"excerpt-hellip\"> [\u2026]<\/span><\/p>\n","protected":false},"featured_media":0,"template":"","meta":{"_monsterinsights_skip_tracking":false,"_monsterinsights_sitenote_active":false,"_monsterinsights_sitenote_note":"","_monsterinsights_sitenote_category":0},"product_brand":[],"product_cat":[12304,13493],"product_tag":[],"class_list":{"0":"post-689351","1":"product","2":"type-product","3":"status-publish","5":"product_cat-tarih","6":"product_cat-turkiye-ve-cumhuriyet-tarihi","7":"pa_cilt-ciltsiz","8":"pa_tur-kitap","9":"pa_yayinevi-iletisim-yayinlari","10":"pa_yazar-caglar-keyder","12":"first","13":"instock","14":"sale","15":"shipping-taxable","16":"purchasable","17":"product-type-simple"},"_links":{"self":[{"href":"https:\/\/roveyayinevi.com.tr\/index.php\/wp-json\/wp\/v2\/product\/689351","targetHints":{"allow":["GET"]}}],"collection":[{"href":"https:\/\/roveyayinevi.com.tr\/index.php\/wp-json\/wp\/v2\/product"}],"about":[{"href":"https:\/\/roveyayinevi.com.tr\/index.php\/wp-json\/wp\/v2\/types\/product"}],"wp:attachment":[{"href":"https:\/\/roveyayinevi.com.tr\/index.php\/wp-json\/wp\/v2\/media?parent=689351"}],"wp:term":[{"taxonomy":"product_brand","embeddable":true,"href":"https:\/\/roveyayinevi.com.tr\/index.php\/wp-json\/wp\/v2\/product_brand?post=689351"},{"taxonomy":"product_cat","embeddable":true,"href":"https:\/\/roveyayinevi.com.tr\/index.php\/wp-json\/wp\/v2\/product_cat?post=689351"},{"taxonomy":"product_tag","embeddable":true,"href":"https:\/\/roveyayinevi.com.tr\/index.php\/wp-json\/wp\/v2\/product_tag?post=689351"}],"curies":[{"name":"wp","href":"https:\/\/api.w.org\/{rel}","templated":true}]}}