{"id":689350,"date":"2025-08-27T13:11:04","date_gmt":"2025-08-27T10:11:04","guid":{"rendered":"https:\/\/roveyayinevi.com.tr\/index.php\/urun\/serbest-firka-hatiralari\/"},"modified":"2026-04-16T01:59:14","modified_gmt":"2026-04-15T22:59:14","slug":"serbest-firka-hatiralari","status":"publish","type":"product","link":"https:\/\/roveyayinevi.com.tr\/index.php\/urun\/serbest-firka-hatiralari\/","title":{"rendered":"Serbest F\u0131rka Hat\u0131ralar\u0131"},"content":{"rendered":"<p>Cumhuriyet d\u00f6neminin ilk g\u00fcd\u00fcml\u00fc muhalefet deneylerinden biri olan Serbest Cumhuriyet F\u0131rkas\u0131 \u00fczerine yaz\u0131lm\u0131\u015f eserlerin azl\u0131\u011f\u0131, yeni yeti\u015fen ku\u015faklar\u0131n, yak\u0131n tarihin bu yapay demokrasi giri\u015fiminin ilgin\u00e7 ser\u00fcveni hakk\u0131nda yeterli bilgi edinmesini engellemektedir. Serbest Cumhuriyet F\u0131rkas\u0131\u2019n\u0131n ba\u015fkan\u0131 Ali Fethi Okyar\u2019\u0131n Serbest Cumhuriyet F\u0131rkas\u0131 Nas\u0131l Do\u011fdu? Nas\u0131l Feshedildi? adl\u0131 an\u0131lar\u0131n\u0131n yan\u0131 s\u0131ra, Ahmet A\u011fao\u011flu\u2019nun partinin kurulu\u015fu ve \u00e7ok k\u0131sa s\u00fcren \u00f6mr\u00fc hakk\u0131nda bilgileri i\u00e7eren Serbest F\u0131rka Hat\u0131ralar\u0131 birinci elden kaynaklar olarak bilinmektedir. D\u00fc\u015f\u00fcnce ve siyaset hayat\u0131m\u0131z\u0131n \u00f6nemli isimlerinden olan Ahmet A\u011fao\u011flu (Agayev) uzun y\u0131llar \u0130ttihat ve Terakki\u2019nin merkezi umumi \u00fcyeli\u011finde bulunmu\u015f, m\u00fctareke y\u0131llar\u0131nda Malta\u2019ya s\u00fcr\u00fclm\u00fc\u015f, T\u00fcrk Oca\u011f\u0131\u2019n\u0131n kurulu\u015funa kat\u0131lm\u0131\u015f ve T\u00fcrkiye\u2019de T\u00fcrk\u00e7\u00fcl\u00fck hareketinin \u00f6nc\u00fcl\u00fc\u011f\u00fcn\u00fc yapm\u0131\u015ft\u0131r. 1930\u2019da Atat\u00fcrk\u2019\u00fcn emriyle Fethi Okyar, Nuri Conker ve Tahsin Uzer gibi ki\u015filerle Serbest Cumhuriyet F\u0131rkas\u0131\u2019n\u0131n kurucular\u0131 aras\u0131nda yer alan Ahmet A\u011fao\u011flu, Serbest F\u0131rka Hat\u0131ralar\u0131\u2019nda yak\u0131n dostu Fethi Bey\u2019le partinin kurulu\u015f a\u015famalar\u0131n\u0131, tart\u0131\u015fmalar\u0131n\u0131, Gazi\u2019nin kurulu\u015fa ili\u015fkin \u00e7abalar\u0131n\u0131, parti \u00fczerinde yap\u0131lan b\u00fct\u00fcn hesaplar\u0131 alt\u00fcst eden \u00fcnl\u00fc \u0130zmir Hadiseleri ni, \u0130n\u00f6n\u00fc ve \u00e7evresinin oyunlar\u0131n\u0131, TBMM\u2019de SCF\u2019ye yap\u0131lan h\u00fccumlar\u0131 ve partinin feshini anlatmaktad\u0131r. O\u011flu Samet A\u011fao\u011flu\u2019nun \u00f6ns\u00f6zleriyle birlikte yay\u0131mlanan bu hat\u0131ralar, yak\u0131n tarihimizin sakl\u0131 kalm\u0131\u015f ger\u00e7eklerini \u00f6\u011frenme konusunda \u00f6nemli bir kaynak say\u0131lmaktad\u0131r. \ufffcTan\u0131t\u0131m Metni<\/p>\n","protected":false},"excerpt":{"rendered":"<p>Cumhuriyet d\u00f6neminin ilk g\u00fcd\u00fcml\u00fc muhalefet deneylerinden biri olan Serbest Cumhuriyet F\u0131rkas\u0131 \u00fczerine yaz\u0131lm\u0131\u015f eserlerin azl\u0131\u011f\u0131, yeni yeti\u015fen ku\u015faklar\u0131n, yak\u0131n tarihin bu yapay demokrasi giri\u015fiminin ilgin\u00e7 ser\u00fcveni<span class=\"excerpt-hellip\"> [\u2026]<\/span><\/p>\n","protected":false},"featured_media":0,"template":"","meta":{"_monsterinsights_skip_tracking":false,"_monsterinsights_sitenote_active":false,"_monsterinsights_sitenote_note":"","_monsterinsights_sitenote_category":0},"product_brand":[],"product_cat":[12312,12304],"product_tag":[],"class_list":{"0":"post-689350","1":"product","2":"type-product","3":"status-publish","5":"product_cat-diger","6":"product_cat-tarih","7":"pa_cilt-ciltsiz","8":"pa_tur-kitap","9":"pa_yayinevi-iletisim-yayinlari","10":"pa_yazar-ahmet-agaoglu","12":"first","13":"instock","14":"sale","15":"shipping-taxable","16":"purchasable","17":"product-type-simple"},"_links":{"self":[{"href":"https:\/\/roveyayinevi.com.tr\/index.php\/wp-json\/wp\/v2\/product\/689350","targetHints":{"allow":["GET"]}}],"collection":[{"href":"https:\/\/roveyayinevi.com.tr\/index.php\/wp-json\/wp\/v2\/product"}],"about":[{"href":"https:\/\/roveyayinevi.com.tr\/index.php\/wp-json\/wp\/v2\/types\/product"}],"wp:attachment":[{"href":"https:\/\/roveyayinevi.com.tr\/index.php\/wp-json\/wp\/v2\/media?parent=689350"}],"wp:term":[{"taxonomy":"product_brand","embeddable":true,"href":"https:\/\/roveyayinevi.com.tr\/index.php\/wp-json\/wp\/v2\/product_brand?post=689350"},{"taxonomy":"product_cat","embeddable":true,"href":"https:\/\/roveyayinevi.com.tr\/index.php\/wp-json\/wp\/v2\/product_cat?post=689350"},{"taxonomy":"product_tag","embeddable":true,"href":"https:\/\/roveyayinevi.com.tr\/index.php\/wp-json\/wp\/v2\/product_tag?post=689350"}],"curies":[{"name":"wp","href":"https:\/\/api.w.org\/{rel}","templated":true}]}}