{"id":689348,"date":"2025-08-27T13:11:04","date_gmt":"2025-08-27T10:11:04","guid":{"rendered":"https:\/\/roveyayinevi.com.tr\/index.php\/urun\/naturel-zayiflama\/"},"modified":"2026-04-16T01:59:14","modified_gmt":"2026-04-15T22:59:14","slug":"naturel-zayiflama","status":"publish","type":"product","link":"https:\/\/roveyayinevi.com.tr\/index.php\/urun\/naturel-zayiflama\/","title":{"rendered":"Naturel Zay\u0131flama"},"content":{"rendered":"<p>Hayykitap kilo problemi ve \u015fi\u015fmanl\u0131\u011fa ba\u011fl\u0131 hastal\u0131klarla bo\u011fu\u015fanlar i\u00e7in d\u00f6rt d\u00f6rtl\u00fck bir rehber kitap yay\u0131mlad\u0131: Naturel Zay\u0131flama. T\u00dcB\u0130TAK, Diyabet Vakf\u0131, \u0130stanbul \u00dcniversitesi gibi sayg\u0131n kurulu\u015flardan \u00e7ok say\u0131da \u00f6d\u00fcl alm\u0131\u015f Prof. Dr. Metin \u00d6zata y\u0131llar\u0131n deneyimini bu kitapta \u00f6zetledi. Naturel Zay\u0131flama asl\u0131nda bir \u2018diyet\u2019 kitab\u0131 de\u011fil. Size kilo alman\u0131n en \u00f6nemli nedeni olan ins\u00fclin direncinin nedenini ve beslenmede yap\u0131lacak \u00f6nemli de\u011fi\u015fikliklerle bu direnci nas\u0131l \u00e7\u00f6zebilece\u011finizi anlat\u0131yor.Hasta ve doktorlar kan \u015fekerinin normalin \u00fcst s\u0131n\u0131r\u0131nda olmas\u0131na \u00e7o\u011fu zaman pek \u00f6nem vermiyor. Oysa kan \u015fekerindeki y\u00fckselme ve d\u00fc\u015fmeler, sizin g\u00fcn i\u00e7inde at\u0131\u015ft\u0131rmalar\u0131n\u0131z\u0131 art\u0131rarak devaml\u0131 kilo alman\u0131za neden olabiliyor. E\u011fer buna zaman\u0131nda tan\u0131 konamazsa ins\u00fclin direnci sizi \u00f6nce gizli \u015feker ve obezite hastas\u0131 yap\u0131yor; daha sonra da tip 2 \u015feker hastas\u0131 olaca\u011f\u0131n\u0131z bir yola y\u00f6nlendiriyor. Daha sonraki ad\u0131mlar ise daha karanl\u0131k olabiliyor.\u0130ns\u00fclin direnci obezite, reaktif hipoglisemi, gizli \u015feker, \u015feker hastal\u0131\u011f\u0131, panik atak, hipertansiyon, karaci\u011fer ya\u011flanmas\u0131, polikistik over hastal\u0131\u011f\u0131, kan ya\u011flar\u0131nda y\u00fckseklik ve hatta kansere bile yol a\u00e7abilen bir durum.Prof. Dr. Metin \u00d6zata bu hastal\u0131klardan korunmak ve kurtulmak i\u00e7in \u0130ns\u00fclin Direnci Diyeti\u2019ni \u00f6neriyor. At\u0131\u015ft\u0131rma ataklar\u0131na son vermek isteyenlerin, kan \u015fekeri d\u00fc\u015f\u00fckl\u00fc\u011f\u00fc ya\u015fayanlar\u0131n, \u015feker hastalar\u0131n\u0131n ve metabolik sendromu olanlar\u0131n mutlaka hocam\u0131z\u0131n anla\u015f\u0131l\u0131r bir dille aktard\u0131\u011f\u0131 beslenme \u00f6nerilerine uymas\u0131 gerekiyor. \u00d6m\u00fcr boyu kolayca devam ettirebilece\u011finiz ve kal\u0131c\u0131 kilo vermenizi sa\u011flayacak bu metabolizma diyeti sizi kalp hastal\u0131\u011f\u0131, kanser, makula dejenerasyonu ve fel\u00e7ten de koruyor. <\/p>\n","protected":false},"excerpt":{"rendered":"<p>Hayykitap kilo problemi ve \u015fi\u015fmanl\u0131\u011fa ba\u011fl\u0131 hastal\u0131klarla bo\u011fu\u015fanlar i\u00e7in d\u00f6rt d\u00f6rtl\u00fck bir rehber kitap yay\u0131mlad\u0131: Naturel Zay\u0131flama. T\u00dcB\u0130TAK, Diyabet Vakf\u0131, \u0130stanbul \u00dcniversitesi gibi sayg\u0131n kurulu\u015flardan \u00e7ok<span class=\"excerpt-hellip\"> [\u2026]<\/span><\/p>\n","protected":false},"featured_media":0,"template":"","meta":{"_monsterinsights_skip_tracking":false,"_monsterinsights_sitenote_active":false,"_monsterinsights_sitenote_note":"","_monsterinsights_sitenote_category":0},"product_brand":[],"product_cat":[13402,13365],"product_tag":[],"class_list":{"0":"post-689348","1":"product","2":"type-product","3":"status-publish","5":"product_cat-beslenme-ve-diyet","6":"product_cat-saglik","7":"pa_cilt-ciltsiz","8":"pa_tur-kitap","9":"pa_yayinevi-hayykitap","10":"pa_yazar-metin-ozata","12":"first","13":"instock","14":"sale","15":"shipping-taxable","16":"purchasable","17":"product-type-simple"},"_links":{"self":[{"href":"https:\/\/roveyayinevi.com.tr\/index.php\/wp-json\/wp\/v2\/product\/689348","targetHints":{"allow":["GET"]}}],"collection":[{"href":"https:\/\/roveyayinevi.com.tr\/index.php\/wp-json\/wp\/v2\/product"}],"about":[{"href":"https:\/\/roveyayinevi.com.tr\/index.php\/wp-json\/wp\/v2\/types\/product"}],"wp:attachment":[{"href":"https:\/\/roveyayinevi.com.tr\/index.php\/wp-json\/wp\/v2\/media?parent=689348"}],"wp:term":[{"taxonomy":"product_brand","embeddable":true,"href":"https:\/\/roveyayinevi.com.tr\/index.php\/wp-json\/wp\/v2\/product_brand?post=689348"},{"taxonomy":"product_cat","embeddable":true,"href":"https:\/\/roveyayinevi.com.tr\/index.php\/wp-json\/wp\/v2\/product_cat?post=689348"},{"taxonomy":"product_tag","embeddable":true,"href":"https:\/\/roveyayinevi.com.tr\/index.php\/wp-json\/wp\/v2\/product_tag?post=689348"}],"curies":[{"name":"wp","href":"https:\/\/api.w.org\/{rel}","templated":true}]}}