{"id":689347,"date":"2025-08-27T13:11:04","date_gmt":"2025-08-27T10:11:04","guid":{"rendered":"https:\/\/roveyayinevi.com.tr\/index.php\/urun\/sade-guzellik\/"},"modified":"2026-04-16T01:59:14","modified_gmt":"2026-04-15T22:59:14","slug":"sade-guzellik","status":"publish","type":"product","link":"https:\/\/roveyayinevi.com.tr\/index.php\/urun\/sade-guzellik\/","title":{"rendered":"Sade G\u00fczellik"},"content":{"rendered":"<p>G\u00fczelle\u015fmek ad\u0131na bo\u015f yere fazla para harcama d\u00f6nemi art\u0131k bitiyor! Kimyasal kozmetiklerin v\u00fccudunuzu zehirleme riski ortadan kalk\u0131yor! Uzun y\u0131llar uzman olarak maky\u00f6zl\u00fck, sa\u00e7 tasar\u0131mc\u0131l\u0131\u011f\u0131 ve estetisyenlik yapan Seda Sakac\u0131, evde kolayl\u0131kla yap\u0131p uygulayabilece\u011finiz, cilt ve v\u00fccut bak\u0131m\u0131n\u0131z i\u00e7in gerekli t\u00fcm do\u011fal kozmetikleri size sunuyor. Do\u011fall\u0131\u011f\u0131 se\u00e7en kad\u0131nlar i\u00e7in gen\u00e7 ve g\u00fczel, erkekler i\u00e7in de ho\u015f ve yak\u0131\u015f\u0131kl\u0131 kalman\u0131n s\u0131rlar\u0131n\u0131 a\u00e7\u0131kl\u0131yor. S\u0131radan g\u00fczellik re\u00e7etelerinin yer ald\u0131\u011f\u0131 bir kitap de\u011fil bu! \u00d6yle ula\u015f\u0131lmas\u0131 zor, ad\u0131 duyulmam\u0131\u015f malzeme ya da uygulamalarla i\u015fi \u00e7\u0131kmaza s\u00fcr\u00fcklemiyor. Hem do\u011fal malzemeyi do\u011fru yerden alman\u0131n hem de form\u00fclleri pratik bir \u015fekilde uygulaman\u0131n yolunu g\u00f6steriyor. Cilt tipi nas\u0131l belirlenir? Hangi cilt tipine hangi ya\u011f kullan\u0131l\u0131r? Cildin erken ya\u015flanmas\u0131 ve k\u0131r\u0131\u015fmas\u0131 nas\u0131l engellenir? Beyazla\u015fm\u0131\u015f sa\u00e7lar nas\u0131l do\u011fal rengine d\u00f6nd\u00fcr\u00fcl\u00fcr? Akne derdinin derman\u0131 ne? Nas\u0131rdan nas\u0131l kurtulursunuz? Yumu\u015fak, bak\u0131ml\u0131 el ve ayaklara sahip olman\u0131n kolay form\u00fclleri neler? Bu ve g\u00fczelle\u015fmek i\u00e7in yan\u0131t arad\u0131\u011f\u0131n\u0131z pek \u00e7ok sorunun cevab\u0131 100 \u00f6zel form\u00fcl e\u015fli\u011finde bu kitapta&#8230; \u0130ster anti-aging tonikle gen\u00e7le\u015fin ister kremle sel\u00fclite son verin! Siz yeter ki do\u011fal olan\u0131 se\u00e7in! <\/p>\n","protected":false},"excerpt":{"rendered":"<p>G\u00fczelle\u015fmek ad\u0131na bo\u015f yere fazla para harcama d\u00f6nemi art\u0131k bitiyor! Kimyasal kozmetiklerin v\u00fccudunuzu zehirleme riski ortadan kalk\u0131yor! Uzun y\u0131llar uzman olarak maky\u00f6zl\u00fck, sa\u00e7 tasar\u0131mc\u0131l\u0131\u011f\u0131 ve estetisyenlik<span class=\"excerpt-hellip\"> [\u2026]<\/span><\/p>\n","protected":false},"featured_media":0,"template":"","meta":{"_monsterinsights_skip_tracking":false,"_monsterinsights_sitenote_active":false,"_monsterinsights_sitenote_note":"","_monsterinsights_sitenote_category":0},"product_brand":[],"product_cat":[13366,13365],"product_tag":[],"class_list":{"0":"post-689347","1":"product","2":"type-product","3":"status-publish","5":"product_cat-diger-saglik","6":"product_cat-saglik","7":"pa_cilt-ciltsiz","8":"pa_tur-kitap","9":"pa_yayinevi-hayykitap","10":"pa_yazar-seda-sakaci","12":"first","13":"instock","14":"sale","15":"shipping-taxable","16":"purchasable","17":"product-type-simple"},"_links":{"self":[{"href":"https:\/\/roveyayinevi.com.tr\/index.php\/wp-json\/wp\/v2\/product\/689347","targetHints":{"allow":["GET"]}}],"collection":[{"href":"https:\/\/roveyayinevi.com.tr\/index.php\/wp-json\/wp\/v2\/product"}],"about":[{"href":"https:\/\/roveyayinevi.com.tr\/index.php\/wp-json\/wp\/v2\/types\/product"}],"wp:attachment":[{"href":"https:\/\/roveyayinevi.com.tr\/index.php\/wp-json\/wp\/v2\/media?parent=689347"}],"wp:term":[{"taxonomy":"product_brand","embeddable":true,"href":"https:\/\/roveyayinevi.com.tr\/index.php\/wp-json\/wp\/v2\/product_brand?post=689347"},{"taxonomy":"product_cat","embeddable":true,"href":"https:\/\/roveyayinevi.com.tr\/index.php\/wp-json\/wp\/v2\/product_cat?post=689347"},{"taxonomy":"product_tag","embeddable":true,"href":"https:\/\/roveyayinevi.com.tr\/index.php\/wp-json\/wp\/v2\/product_tag?post=689347"}],"curies":[{"name":"wp","href":"https:\/\/api.w.org\/{rel}","templated":true}]}}