{"id":689345,"date":"2025-08-27T13:11:03","date_gmt":"2025-08-27T10:11:03","guid":{"rendered":"https:\/\/roveyayinevi.com.tr\/index.php\/urun\/tarih-boyunca-yemek-kulturu\/"},"modified":"2026-04-16T01:59:14","modified_gmt":"2026-04-15T22:59:14","slug":"tarih-boyunca-yemek-kulturu","status":"publish","type":"product","link":"https:\/\/roveyayinevi.com.tr\/index.php\/urun\/tarih-boyunca-yemek-kulturu\/","title":{"rendered":"Tarih Boyunca Yemek K\u00fclt\u00fcr\u00fc"},"content":{"rendered":"<p>Yemek yemek de ba\u015fl\u0131 ba\u015f\u0131na bir k\u00fclt\u00fcr, bir ya\u015fam bi\u00e7imi asl\u0131nda. Hani  Bana ne yedi\u011fini s\u00f6yle, sana kim oldu\u011funu s\u00f6yleyeyim  denecek kadar belirgin farkl\u0131l\u0131klar var her toplumun yemek k\u00fclt\u00fcr\u00fcnde. \u0130nsano\u011flu var olmaya ba\u015flad\u0131\u011f\u0131ndan itibaren do\u011fada g\u00f6rd\u00fc\u011f\u00fc her canl\u0131y\u0131 nas\u0131l yiyece\u011fe d\u00f6n\u00fc\u015ft\u00fcrebilece\u011finin hesab\u0131n\u0131 yapm\u0131\u015f sanki. Do\u011fal olan her \u015feyin ilk haliyle yenmesi m\u00fcmk\u00fcn de\u011fil muhakkak, d\u00fc\u015f\u00fcn\u00fcn ka\u00e7 ki\u015fi telef oldu o bal\u0131 almak i\u00e7in ar\u0131dan korunmay\u0131 \u00f6\u011frenene kadar. Zehirli bitkileri zehirlerinden ar\u0131nd\u0131r\u0131p yemenin yolunu bulmak i\u00e7in insano\u011flunun g\u00f6sterdi\u011fi inat da olas\u0131l\u0131kla b\u00fcy\u00fck zayiata sebep oldu. Ama sonu\u00e7ta, binbir yol deneyerek, her k\u00fclt\u00fcr bug\u00fcnk\u00fc zengin yemek yeme al\u0131\u015fkanl\u0131klar\u0131n\u0131 yaratt\u0131. \u015eimdi b\u00fct\u00fcn d\u00fcnyada birbirinden lezzetli, zengin yemek k\u00fclt\u00fcrleri var, ama kaynaklar art\u0131k o kadar zengin de\u011fil, bu da bizim a\u00e7g\u00f6zl\u00fcl\u00fc\u011f\u00fcm\u00fcz\u00fcn bir sonucu. Latif Demirci\u2019nin \u00e7izgileriyle zenginle\u015ftirdi\u011fi Tarih Boyunca Yemek K\u00fclt\u00fcr\u00fc bizi belli ba\u015fl\u0131 b\u00fct\u00fcn yemek k\u00fclt\u00fcrleri konusunda bilgilendirirken e\u011flendiriyor da. \u0130\u015ftah\u0131m\u0131z\u0131 a\u00e7t\u0131\u011f\u0131 da ayr\u0131 bir konu tabii. <\/p>\n","protected":false},"excerpt":{"rendered":"<p>Yemek yemek de ba\u015fl\u0131 ba\u015f\u0131na bir k\u00fclt\u00fcr, bir ya\u015fam bi\u00e7imi asl\u0131nda. Hani Bana ne yedi\u011fini s\u00f6yle, sana kim oldu\u011funu s\u00f6yleyeyim denecek kadar belirgin farkl\u0131l\u0131klar var her<span class=\"excerpt-hellip\"> [\u2026]<\/span><\/p>\n","protected":false},"featured_media":0,"template":"","meta":{"_monsterinsights_skip_tracking":false,"_monsterinsights_sitenote_active":false,"_monsterinsights_sitenote_note":"","_monsterinsights_sitenote_category":0},"product_brand":[],"product_cat":[12458,12457],"product_tag":[],"class_list":{"0":"post-689345","1":"product","2":"type-product","3":"status-publish","5":"product_cat-turk-mutfagi","6":"product_cat-yemek-kitaplari","7":"pa_cilt-ciltsiz","8":"pa_tur-kitap","9":"pa_yayinevi-iletisim-yayinlari","10":"pa_yazar-murat-belge","12":"first","13":"instock","14":"sale","15":"shipping-taxable","16":"purchasable","17":"product-type-simple"},"_links":{"self":[{"href":"https:\/\/roveyayinevi.com.tr\/index.php\/wp-json\/wp\/v2\/product\/689345","targetHints":{"allow":["GET"]}}],"collection":[{"href":"https:\/\/roveyayinevi.com.tr\/index.php\/wp-json\/wp\/v2\/product"}],"about":[{"href":"https:\/\/roveyayinevi.com.tr\/index.php\/wp-json\/wp\/v2\/types\/product"}],"wp:attachment":[{"href":"https:\/\/roveyayinevi.com.tr\/index.php\/wp-json\/wp\/v2\/media?parent=689345"}],"wp:term":[{"taxonomy":"product_brand","embeddable":true,"href":"https:\/\/roveyayinevi.com.tr\/index.php\/wp-json\/wp\/v2\/product_brand?post=689345"},{"taxonomy":"product_cat","embeddable":true,"href":"https:\/\/roveyayinevi.com.tr\/index.php\/wp-json\/wp\/v2\/product_cat?post=689345"},{"taxonomy":"product_tag","embeddable":true,"href":"https:\/\/roveyayinevi.com.tr\/index.php\/wp-json\/wp\/v2\/product_tag?post=689345"}],"curies":[{"name":"wp","href":"https:\/\/api.w.org\/{rel}","templated":true}]}}