{"id":689337,"date":"2025-08-27T13:11:02","date_gmt":"2025-08-27T10:11:02","guid":{"rendered":"https:\/\/roveyayinevi.com.tr\/index.php\/urun\/uluslararasi-pazarlamada-lojistik-ve-uygulamalar\/"},"modified":"2026-04-16T01:59:14","modified_gmt":"2026-04-15T22:59:14","slug":"uluslararasi-pazarlamada-lojistik-ve-uygulamalar","status":"publish","type":"product","link":"https:\/\/roveyayinevi.com.tr\/index.php\/urun\/uluslararasi-pazarlamada-lojistik-ve-uygulamalar\/","title":{"rendered":"Uluslararas\u0131 Pazarlamada Lojistik ve Uygulamalar"},"content":{"rendered":"<p>\u0130\u015fletme fonksiyonlar\u0131 a\u00e7\u0131s\u0131ndan g\u00fc\u00e7l\u00fc bir i\u015fletmenin varl\u0131\u011f\u0131, bu i\u015fletme i\u00e7in ba\u015far\u0131n\u0131n garantisi de\u011fildir. Mevcut ve potansiyel m\u00fc\u015fterilerin ihtiya\u00e7, istek ve tercihleri zaman\u0131nda belirlenerek, g\u00fc\u00e7l\u00fc ar-ge i\u015flevinin de deste\u011fiyle bu e\u011filimlere y\u00f6nelik mal ve hizmet \u00fcretimi de yap\u0131labilir. Yine g\u00fc\u00e7l\u00fc y\u00f6netim, pazarlama, tedarik ve finansman olanaklar\u0131 ile bu i\u015fletme k\u0131sa d\u00f6nemde hedefledi\u011fi pazarlara da girebilir. Ancak i\u015fletmenin temel i\u015flevleri kadar \u00f6nemli olan bir di\u011fer ger\u00e7ek de; hedef pazarlara her boyutta ula\u015fabilirlik ve pazarlamaya konu olan de\u011fi\u015fkenlerin uygun ko\u015fullarda, s\u00f6z konusu pazarlarda haz\u0131r halde bulunabilirli\u011fidir. Ayr\u0131ca i\u015fletmeler taraf\u0131ndan \u00fcretilen mallar\u0131n uluslararas\u0131nda alanda uygun pazar, kalite, miktar ve ambalajlarda bulunmas\u0131 kadar, s\u00f6z konusu mallara y\u00f6nelik temel giderlerin en uygun maliyetle, k\u0131sa zamanda etkin bir \u015fekilde tedarik edilmesi de \u00f6nemlidir. <\/p>\n","protected":false},"excerpt":{"rendered":"<p>\u0130\u015fletme fonksiyonlar\u0131 a\u00e7\u0131s\u0131ndan g\u00fc\u00e7l\u00fc bir i\u015fletmenin varl\u0131\u011f\u0131, bu i\u015fletme i\u00e7in ba\u015far\u0131n\u0131n garantisi de\u011fildir. Mevcut ve potansiyel m\u00fc\u015fterilerin ihtiya\u00e7, istek ve tercihleri zaman\u0131nda belirlenerek, g\u00fc\u00e7l\u00fc ar-ge i\u015flevinin<span class=\"excerpt-hellip\"> [\u2026]<\/span><\/p>\n","protected":false},"featured_media":0,"template":"","meta":{"_monsterinsights_skip_tracking":false,"_monsterinsights_sitenote_active":false,"_monsterinsights_sitenote_note":"","_monsterinsights_sitenote_category":0},"product_brand":[],"product_cat":[13043,14381],"product_tag":[],"class_list":{"0":"post-689337","1":"product","2":"type-product","3":"status-publish","5":"product_cat-ekonomi","6":"product_cat-isletme-muhasebe-maliye","7":"pa_cilt-ciltsiz","8":"pa_tur-kitap","9":"pa_yayinevi-gazi-kitabevi","10":"pa_yazar-murat-canitez","12":"first","13":"instock","14":"sale","15":"shipping-taxable","16":"purchasable","17":"product-type-simple"},"_links":{"self":[{"href":"https:\/\/roveyayinevi.com.tr\/index.php\/wp-json\/wp\/v2\/product\/689337","targetHints":{"allow":["GET"]}}],"collection":[{"href":"https:\/\/roveyayinevi.com.tr\/index.php\/wp-json\/wp\/v2\/product"}],"about":[{"href":"https:\/\/roveyayinevi.com.tr\/index.php\/wp-json\/wp\/v2\/types\/product"}],"wp:attachment":[{"href":"https:\/\/roveyayinevi.com.tr\/index.php\/wp-json\/wp\/v2\/media?parent=689337"}],"wp:term":[{"taxonomy":"product_brand","embeddable":true,"href":"https:\/\/roveyayinevi.com.tr\/index.php\/wp-json\/wp\/v2\/product_brand?post=689337"},{"taxonomy":"product_cat","embeddable":true,"href":"https:\/\/roveyayinevi.com.tr\/index.php\/wp-json\/wp\/v2\/product_cat?post=689337"},{"taxonomy":"product_tag","embeddable":true,"href":"https:\/\/roveyayinevi.com.tr\/index.php\/wp-json\/wp\/v2\/product_tag?post=689337"}],"curies":[{"name":"wp","href":"https:\/\/api.w.org\/{rel}","templated":true}]}}