{"id":689327,"date":"2025-08-27T13:11:00","date_gmt":"2025-08-27T10:11:00","guid":{"rendered":"https:\/\/roveyayinevi.com.tr\/index.php\/urun\/tarih-nedir\/"},"modified":"2026-04-16T01:59:14","modified_gmt":"2026-04-15T22:59:14","slug":"tarih-nedir","status":"publish","type":"product","link":"https:\/\/roveyayinevi.com.tr\/index.php\/urun\/tarih-nedir\/","title":{"rendered":"Tarih Nedir?"},"content":{"rendered":"<p>\u0130kinci D\u00fcnya Sava\u015f\u0131 \u00f6ncesi ve s\u0131ras\u0131nda diplomasi, tarihyaz\u0131m\u0131, Bol\u015fevik Devrimi, Sovyetler Birli\u011fi, planl\u0131 ekonomi, Dostoyevski, Herzen, Marx ve Bakunin biyografileri\u2026 Bu ba\u015fl\u0131klar Edward Hallett Carr\u2019\u0131n ilk akla gelen eserleri. Yaln\u0131zca kapsamlar\u0131n\u0131n geni\u015fli\u011fi ile de\u011fil ayn\u0131 zamanda y\u00f6ntem ve ara\u015ft\u0131rma s\u00fcre\u00e7leri konusunda da \u00e7\u0131\u011f\u0131r a\u00e7\u0131c\u0131 tarihyaz\u0131m\u0131 \u00f6rnekleri sunan eserler. Carr\u2019a g\u00f6re tarih\u00e7i, olgular\u0131 ya da ki\u015fisel yorumunu \u00f6ne \u00e7\u0131karmamal\u0131, tarih\u00e7i ile olgular aras\u0131ndaki kar\u015f\u0131l\u0131kl\u0131 ve kesintisiz etkile\u015fim s\u00fcrecinde, bug\u00fcn ile ge\u00e7mi\u015f aras\u0131ndaki diyalo\u011fu s\u00fcrekli k\u0131lmal\u0131d\u0131r. Bu nedenle tarih\u00e7i, sundu\u011fu olgular\u0131n do\u011frulu\u011funu kan\u0131tlaman\u0131n \u00f6tesinde, ara\u015ft\u0131rd\u0131\u011f\u0131 konuyla ilgili bilinen ya da bilinebilecek t\u00fcm verileri ele almak zorundad\u0131r. Tarih Nedir? b\u00fcy\u00fck bir tarih\u00e7inin meslekta\u015flar\u0131, \u00f6\u011frenciler, tarihin ne oldu\u011funu merak eden okurlar i\u00e7in kaleme ald\u0131\u011f\u0131 \u00e7arp\u0131c\u0131 bir eser.\u201c&#8230;kimi zaman s\u00f6ylendi\u011fi gibi olgular kendi adlar\u0131na konu\u015fmazlar, ya da konu\u015fsalar bile hangi olgular\u0131n konu\u015faca\u011f\u0131na karar veren tarih\u00e7idir \u2013 tarih\u00e7i meydan\u0131 t\u00fcm\u00fcyle onlara b\u0131rakamaz. Ve de en bilin\u00e7li tarih\u00e7inin karar\u0131 \u2013ne yapt\u0131\u011f\u0131n\u0131n \u00e7ok iyi bilincinde olan tarih\u00e7inin karar\u0131 \u2013 ba\u015fkalar\u0131n\u0131n yanl\u0131 olarak g\u00f6rebilece\u011fi bir bak\u0131\u015f a\u00e7\u0131s\u0131 taraf\u0131ndan belirlenir.\u201dEDWARD HALLETT CARR<\/p>\n","protected":false},"excerpt":{"rendered":"<p>\u0130kinci D\u00fcnya Sava\u015f\u0131 \u00f6ncesi ve s\u0131ras\u0131nda diplomasi, tarihyaz\u0131m\u0131, Bol\u015fevik Devrimi, Sovyetler Birli\u011fi, planl\u0131 ekonomi, Dostoyevski, Herzen, Marx ve Bakunin biyografileri\u2026 Bu ba\u015fl\u0131klar Edward Hallett Carr\u2019\u0131n ilk<span class=\"excerpt-hellip\"> [\u2026]<\/span><\/p>\n","protected":false},"featured_media":0,"template":"","meta":{"_monsterinsights_skip_tracking":false,"_monsterinsights_sitenote_active":false,"_monsterinsights_sitenote_note":"","_monsterinsights_sitenote_category":0},"product_brand":[],"product_cat":[13527,14356],"product_tag":[],"class_list":{"0":"post-689327","1":"product","2":"type-product","3":"status-publish","5":"product_cat-sureli-yayinlar","6":"product_cat-tarih-sureli-yayinlar","7":"pa_cilt-ciltsiz","8":"pa_tur-kitap","9":"pa_yayinevi-iletisim-yayinlari","10":"pa_yazar-edward-hallett-carr","12":"first","13":"instock","14":"sale","15":"shipping-taxable","16":"purchasable","17":"product-type-simple"},"_links":{"self":[{"href":"https:\/\/roveyayinevi.com.tr\/index.php\/wp-json\/wp\/v2\/product\/689327","targetHints":{"allow":["GET"]}}],"collection":[{"href":"https:\/\/roveyayinevi.com.tr\/index.php\/wp-json\/wp\/v2\/product"}],"about":[{"href":"https:\/\/roveyayinevi.com.tr\/index.php\/wp-json\/wp\/v2\/types\/product"}],"wp:attachment":[{"href":"https:\/\/roveyayinevi.com.tr\/index.php\/wp-json\/wp\/v2\/media?parent=689327"}],"wp:term":[{"taxonomy":"product_brand","embeddable":true,"href":"https:\/\/roveyayinevi.com.tr\/index.php\/wp-json\/wp\/v2\/product_brand?post=689327"},{"taxonomy":"product_cat","embeddable":true,"href":"https:\/\/roveyayinevi.com.tr\/index.php\/wp-json\/wp\/v2\/product_cat?post=689327"},{"taxonomy":"product_tag","embeddable":true,"href":"https:\/\/roveyayinevi.com.tr\/index.php\/wp-json\/wp\/v2\/product_tag?post=689327"}],"curies":[{"name":"wp","href":"https:\/\/api.w.org\/{rel}","templated":true}]}}