{"id":689323,"date":"2025-08-27T13:10:59","date_gmt":"2025-08-27T10:10:59","guid":{"rendered":"https:\/\/roveyayinevi.com.tr\/index.php\/urun\/isletme-ve-ekonomi-ogrencileri-icin-uygulamali-matematik\/"},"modified":"2026-04-16T01:59:13","modified_gmt":"2026-04-15T22:59:13","slug":"isletme-ve-ekonomi-ogrencileri-icin-uygulamali-matematik","status":"publish","type":"product","link":"https:\/\/roveyayinevi.com.tr\/index.php\/urun\/isletme-ve-ekonomi-ogrencileri-icin-uygulamali-matematik\/","title":{"rendered":"\u0130\u015fletme ve Ekonomi \u00d6\u011frencileri i\u00e7in Uygulamal\u0131 Matematik"},"content":{"rendered":"<p>B\u0130R\u0130NC\u0130 B\u00d6L\u00dcM TEMEL KAVRAMLAR   \u0130K\u0130NC\u0130 B\u00d6L\u00dcM TEK DE\u011e\u0130\u015eKENL\u0130 FONKS\u0130YONLAR   \u00dc\u00c7\u00dcNC\u00dc B\u00d6L\u00dcM FONKS\u0130YONLARDA T\u00dcREV   D\u00d6RD\u00dcNC\u00dc B\u00d6L\u00dcM \u00dcSTEL VE LOGAR\u0130TM\u0130K FONKS\u0130YONLAR   BE\u015e\u0130NC\u0130 B\u00d6L\u00dcM \u0130NTEGRAL ALTINCI B\u00d6L\u00dcM MATR\u0130SLER VE DETERM\u0130NANTLAR   YED\u0130NC\u0130 B\u00d6L\u00dcM DO\u011eRUSAL DENKLEM S\u0130STEMLER\u0130   SEK\u0130Z\u0130NC\u0130 B\u00d6L\u00dcM \u00c7OK DE\u011e\u0130\u015eKENL\u0130 FONKS\u0130YONLAR   DOKUZUNCU B\u00d6L\u00dcM D\u0130FERANS\u0130YEL DENKLEMLER <\/p>\n","protected":false},"excerpt":{"rendered":"<p>B\u0130R\u0130NC\u0130 B\u00d6L\u00dcM TEMEL KAVRAMLAR \u0130K\u0130NC\u0130 B\u00d6L\u00dcM TEK DE\u011e\u0130\u015eKENL\u0130 FONKS\u0130YONLAR \u00dc\u00c7\u00dcNC\u00dc B\u00d6L\u00dcM FONKS\u0130YONLARDA T\u00dcREV D\u00d6RD\u00dcNC\u00dc B\u00d6L\u00dcM \u00dcSTEL VE LOGAR\u0130TM\u0130K FONKS\u0130YONLAR BE\u015e\u0130NC\u0130 B\u00d6L\u00dcM \u0130NTEGRAL ALTINCI B\u00d6L\u00dcM MATR\u0130SLER VE<span class=\"excerpt-hellip\"> [\u2026]<\/span><\/p>\n","protected":false},"featured_media":0,"template":"","meta":{"_monsterinsights_skip_tracking":false,"_monsterinsights_sitenote_active":false,"_monsterinsights_sitenote_note":"","_monsterinsights_sitenote_category":0},"product_brand":[],"product_cat":[12573,12566],"product_tag":[],"class_list":{"0":"post-689323","1":"product","2":"type-product","3":"status-publish","5":"product_cat-akademik-kitaplar","6":"product_cat-egitim","7":"pa_cilt-ciltsiz","8":"pa_tur-kitap","9":"pa_yayinevi-gazi-kitabevi","10":"pa_yazar-ayse-kuruuzum-emre-ipekci-cetin","12":"first","13":"instock","14":"sale","15":"shipping-taxable","16":"purchasable","17":"product-type-simple"},"_links":{"self":[{"href":"https:\/\/roveyayinevi.com.tr\/index.php\/wp-json\/wp\/v2\/product\/689323","targetHints":{"allow":["GET"]}}],"collection":[{"href":"https:\/\/roveyayinevi.com.tr\/index.php\/wp-json\/wp\/v2\/product"}],"about":[{"href":"https:\/\/roveyayinevi.com.tr\/index.php\/wp-json\/wp\/v2\/types\/product"}],"wp:attachment":[{"href":"https:\/\/roveyayinevi.com.tr\/index.php\/wp-json\/wp\/v2\/media?parent=689323"}],"wp:term":[{"taxonomy":"product_brand","embeddable":true,"href":"https:\/\/roveyayinevi.com.tr\/index.php\/wp-json\/wp\/v2\/product_brand?post=689323"},{"taxonomy":"product_cat","embeddable":true,"href":"https:\/\/roveyayinevi.com.tr\/index.php\/wp-json\/wp\/v2\/product_cat?post=689323"},{"taxonomy":"product_tag","embeddable":true,"href":"https:\/\/roveyayinevi.com.tr\/index.php\/wp-json\/wp\/v2\/product_tag?post=689323"}],"curies":[{"name":"wp","href":"https:\/\/api.w.org\/{rel}","templated":true}]}}