{"id":689317,"date":"2025-08-27T13:10:58","date_gmt":"2025-08-27T10:10:58","guid":{"rendered":"https:\/\/roveyayinevi.com.tr\/index.php\/urun\/turkiye-1643-gosanin-gozleri\/"},"modified":"2026-04-16T01:59:13","modified_gmt":"2026-04-15T22:59:13","slug":"turkiye-1643-gosanin-gozleri","status":"publish","type":"product","link":"https:\/\/roveyayinevi.com.tr\/index.php\/urun\/turkiye-1643-gosanin-gozleri\/","title":{"rendered":"T\u00fcrkiye 1643 Go\u015fa&#8217;n\u0131n G\u00f6zleri"},"content":{"rendered":"<p>1641 y\u0131l\u0131nda R\u00fbm Vilayeti Defterdar\u0131 Mehemmed Murad Efendi vil\u00e2yetinin vergi n\u00fcfusunu saymakla g\u00f6revlendirilir. Yap\u0131lacak say\u0131ma g\u00f6re b\u00f6lgeden ne kadar vergi toplayabilece\u011fine karar verecektir Osmanl\u0131 Devleti. Bu kitap i\u015fte bu defterden yola \u00e7\u0131karak yap\u0131lan uzun bir soru\u015fturman\u0131n, i\u00e7ine girilen karma\u015f\u0131k bir yolculu\u011fun hik\u00e2yesi. 20. y\u00fczy\u0131l\u0131n sonlar\u0131nda, Oktay \u00d6zel bu a\u011fz\u0131 s\u0131k\u0131 defteri konu\u015fturmaya, \u00e7ok y\u00f6nl\u00fc sorgulamaya, i\u00e7inden \u00e7\u0131kt\u0131\u011f\u0131 d\u00f6nemin ola\u011fan\u00fcst\u00fc ko\u015fullar\u0131 ba\u011flam\u0131nda tarihselle\u015ftirmeye, anlamland\u0131rmaya giri\u015fiyor. T\u00fcrkiye 1643, tarih\u00e7i ile malzemesinin ili\u015fkisini i\u00e7 i\u00e7e giren paralel hik\u00e2yeler olarak ele alan bir deneme. Her ne kadar as\u0131l hik\u00e2ye 16. ve 17. y\u00fczy\u0131lda ge\u00e7iyorsa, kahramanlar\u0131 sahiciyse de, anlat\u0131lan son otuz y\u0131l\u0131n T\u00fcrkiye\u2019sinin de hik\u00e2yesi. Oktay \u00d6zel\u2019den sahiden acayip bir kitap. D\u00f6nemin b\u00fct\u00fcn kaynaklar\u0131n\u0131n a\u011f\u0131z birli\u011fi i\u00e7inde epeyce de dramatik bir dille y\u0131llard\u0131r dile getirdikleri, sultanlara ve vezirlere yazd\u0131klar\u0131 raporlarda \u2018reaya fukaras\u0131\u2019 tonunda ifadelerle s\u00fcrekli \u00fczerine dikkati \u00e7ektikleri k\u00f6yl\u00fcn\u00fcn peri\u015fanl\u0131\u011f\u0131, bu \u2018ka\u00e7gun\u2019 ya da \u2018cel\u00e2-y\u0131 vatan\u2019 durumu kar\u015f\u0131s\u0131nda Osmanl\u0131 y\u00f6netimi nihayet harekete ge\u00e7mi\u015f. Yanl\u0131\u015f anla\u015f\u0131lmas\u0131n, ama\u00e7 onlar\u0131n derdine derman olmak de\u011fil. Tersine tekrar zapt-\u00fc rapt ve kay\u0131t alt\u0131na al\u0131p devleti aliyyenin hazine-i h\u00fcm\u00e2yununun vergi gelirlerine \u2018k\u00fcll\u00ee ziyan\u2019 gelmesinin \u00f6n\u00fcne ge\u00e7mek. <\/p>\n","protected":false},"excerpt":{"rendered":"<p>1641 y\u0131l\u0131nda R\u00fbm Vilayeti Defterdar\u0131 Mehemmed Murad Efendi vil\u00e2yetinin vergi n\u00fcfusunu saymakla g\u00f6revlendirilir. Yap\u0131lacak say\u0131ma g\u00f6re b\u00f6lgeden ne kadar vergi toplayabilece\u011fine karar verecektir Osmanl\u0131 Devleti. Bu<span class=\"excerpt-hellip\"> [\u2026]<\/span><\/p>\n","protected":false},"featured_media":0,"template":"","meta":{"_monsterinsights_skip_tracking":false,"_monsterinsights_sitenote_active":false,"_monsterinsights_sitenote_note":"","_monsterinsights_sitenote_category":0},"product_brand":[],"product_cat":[13590,12337],"product_tag":[],"class_list":{"0":"post-689317","1":"product","2":"type-product","3":"status-publish","5":"product_cat-arastirma-inceleme-politika-siyaset","6":"product_cat-politika-siyaset","7":"pa_cilt-ciltsiz","8":"pa_tur-kitap","9":"pa_yayinevi-iletisim-yayinlari","10":"pa_yazar-oktay-ozel","12":"first","13":"instock","14":"sale","15":"shipping-taxable","16":"purchasable","17":"product-type-simple"},"_links":{"self":[{"href":"https:\/\/roveyayinevi.com.tr\/index.php\/wp-json\/wp\/v2\/product\/689317","targetHints":{"allow":["GET"]}}],"collection":[{"href":"https:\/\/roveyayinevi.com.tr\/index.php\/wp-json\/wp\/v2\/product"}],"about":[{"href":"https:\/\/roveyayinevi.com.tr\/index.php\/wp-json\/wp\/v2\/types\/product"}],"wp:attachment":[{"href":"https:\/\/roveyayinevi.com.tr\/index.php\/wp-json\/wp\/v2\/media?parent=689317"}],"wp:term":[{"taxonomy":"product_brand","embeddable":true,"href":"https:\/\/roveyayinevi.com.tr\/index.php\/wp-json\/wp\/v2\/product_brand?post=689317"},{"taxonomy":"product_cat","embeddable":true,"href":"https:\/\/roveyayinevi.com.tr\/index.php\/wp-json\/wp\/v2\/product_cat?post=689317"},{"taxonomy":"product_tag","embeddable":true,"href":"https:\/\/roveyayinevi.com.tr\/index.php\/wp-json\/wp\/v2\/product_tag?post=689317"}],"curies":[{"name":"wp","href":"https:\/\/api.w.org\/{rel}","templated":true}]}}