{"id":689316,"date":"2025-08-27T13:10:58","date_gmt":"2025-08-27T10:10:58","guid":{"rendered":"https:\/\/roveyayinevi.com.tr\/index.php\/urun\/turk-tiyatro-tarihi-baslangicindan-1983e\/"},"modified":"2026-04-16T01:59:13","modified_gmt":"2026-04-15T22:59:13","slug":"turk-tiyatro-tarihi-baslangicindan-1983e","status":"publish","type":"product","link":"https:\/\/roveyayinevi.com.tr\/index.php\/urun\/turk-tiyatro-tarihi-baslangicindan-1983e\/","title":{"rendered":"T\u00fcrk Tiyatro Tarihi: Ba\u015flang\u0131c\u0131ndan 1983&#8217;e"},"content":{"rendered":"<p>Dans, hareket ve mimiklerle bir olay\u0131n, bir \u00f6yk\u00fcn\u00fcn anlat\u0131lmas\u0131 insanl\u0131k tarihi kadar eskidir. Ama bu \u00f6gelerin s\u00f6zle birle\u015fmesi ve yap\u0131sal bir birlik kazanmas\u0131 Eski Yunan\u2019da ger\u00e7ekle\u015fmi\u015f ve tiyatro sanat\u0131 klasik \u00e7izgilerine kavu\u015fmu\u015ftur. Metin And bu yap\u0131t\u0131nda T\u00fcrk tiyatrosunun tarihini mercek alt\u0131na al\u0131rken, zamanda ve mek\u00e2nda birtak\u0131m s\u0131n\u0131rlamalara gitti\u011fini ve yaln\u0131z Anadolu\u2019ya yerle\u015fen T\u00fcrklerin tiyatrosunu ele ald\u0131\u011f\u0131n\u0131 \u00f6zellikle belirtir. Yazar bu \u00e7al\u0131\u015fmas\u0131nda, Geleneksel T\u00fcrk Tiyatrosu ba\u015fl\u0131\u011f\u0131 alt\u0131nda K\u00f6yl\u00fc (K\u0131z Ka\u00e7\u0131rma, Tar\u0131msal Oyunlar, \u00c7oban oyunlar\u0131 vb.) ve Halk Tiyatrosu (Hokkabaz, Meddah, Kukla, Karag\u00f6z vb.) geleneklerini ayr\u0131nt\u0131l\u0131 bir bi\u00e7imde betimledikten sonra, Bat\u0131 etkisindeki T\u00fcrk tiyatrosuna e\u011filerek, s\u0131ras\u0131yla, Tanzimat, Me\u015frutiyet ve Cumhuriyet d\u00f6nemlerinde sergilenen oyunlar\u0131, erkek ve kad\u0131n sanat\u00e7\u0131lar\u0131, tiyatro mek\u00e2nlar\u0131n\u0131, oyunlarda kullan\u0131lan dili, tiyatroyla ilgili yasalar\u0131 ve genel olarak halk\u0131n ve y\u00f6neticilerin tiyatroya bak\u0131\u015flar\u0131n\u0131 ara\u015ft\u0131r\u0131p yorumluyor. \ufffcTan\u0131t\u0131m Metni<\/p>\n","protected":false},"excerpt":{"rendered":"<p>Dans, hareket ve mimiklerle bir olay\u0131n, bir \u00f6yk\u00fcn\u00fcn anlat\u0131lmas\u0131 insanl\u0131k tarihi kadar eskidir. Ama bu \u00f6gelerin s\u00f6zle birle\u015fmesi ve yap\u0131sal bir birlik kazanmas\u0131 Eski Yunan\u2019da ger\u00e7ekle\u015fmi\u015f<span class=\"excerpt-hellip\"> [\u2026]<\/span><\/p>\n","protected":false},"featured_media":0,"template":"","meta":{"_monsterinsights_skip_tracking":false,"_monsterinsights_sitenote_active":false,"_monsterinsights_sitenote_note":"","_monsterinsights_sitenote_category":0},"product_brand":[],"product_cat":[12291,14272],"product_tag":[],"class_list":{"0":"post-689316","1":"product","2":"type-product","3":"status-publish","5":"product_cat-edebiyat","6":"product_cat-tiyatro","7":"pa_cilt-ciltsiz","8":"pa_tur-kitap","9":"pa_yayinevi-iletisim-yayinlari","10":"pa_yazar-metin-and","12":"first","13":"instock","14":"sale","15":"shipping-taxable","16":"purchasable","17":"product-type-simple"},"_links":{"self":[{"href":"https:\/\/roveyayinevi.com.tr\/index.php\/wp-json\/wp\/v2\/product\/689316","targetHints":{"allow":["GET"]}}],"collection":[{"href":"https:\/\/roveyayinevi.com.tr\/index.php\/wp-json\/wp\/v2\/product"}],"about":[{"href":"https:\/\/roveyayinevi.com.tr\/index.php\/wp-json\/wp\/v2\/types\/product"}],"wp:attachment":[{"href":"https:\/\/roveyayinevi.com.tr\/index.php\/wp-json\/wp\/v2\/media?parent=689316"}],"wp:term":[{"taxonomy":"product_brand","embeddable":true,"href":"https:\/\/roveyayinevi.com.tr\/index.php\/wp-json\/wp\/v2\/product_brand?post=689316"},{"taxonomy":"product_cat","embeddable":true,"href":"https:\/\/roveyayinevi.com.tr\/index.php\/wp-json\/wp\/v2\/product_cat?post=689316"},{"taxonomy":"product_tag","embeddable":true,"href":"https:\/\/roveyayinevi.com.tr\/index.php\/wp-json\/wp\/v2\/product_tag?post=689316"}],"curies":[{"name":"wp","href":"https:\/\/api.w.org\/{rel}","templated":true}]}}