{"id":689314,"date":"2025-08-27T13:10:58","date_gmt":"2025-08-27T10:10:58","guid":{"rendered":"https:\/\/roveyayinevi.com.tr\/index.php\/urun\/terakkiperver-cumhuriyet-firkasi-1924-1925-cumhuriyetin-ilk-yillarinda-siyasal-muhalefet\/"},"modified":"2026-04-16T01:59:13","modified_gmt":"2026-04-15T22:59:13","slug":"terakkiperver-cumhuriyet-firkasi-1924-1925-cumhuriyetin-ilk-yillarinda-siyasal-muhalefet","status":"publish","type":"product","link":"https:\/\/roveyayinevi.com.tr\/index.php\/urun\/terakkiperver-cumhuriyet-firkasi-1924-1925-cumhuriyetin-ilk-yillarinda-siyasal-muhalefet\/","title":{"rendered":"Terakkiperver Cumhuriyet F\u0131rkas\u0131 (1924-1925): Cumhuriyetin \u0130lk Y\u0131llar\u0131nda Siyasal Muhalefet"},"content":{"rendered":"<p>Terakkiperver Cumhuriyet F\u0131rkas\u0131 (1924-1925): Cumhuriyetin \u0130lk Y\u0131llar\u0131nda Siyasal Muhalefet \ufffcTan\u0131t\u0131m Metni<\/p>\n","protected":false},"excerpt":{"rendered":"<p>Terakkiperver Cumhuriyet F\u0131rkas\u0131 (1924-1925): Cumhuriyetin \u0130lk Y\u0131llar\u0131nda Siyasal Muhalefet \ufffcTan\u0131t\u0131m Metni<\/p>\n","protected":false},"featured_media":0,"template":"","meta":{"_monsterinsights_skip_tracking":false,"_monsterinsights_sitenote_active":false,"_monsterinsights_sitenote_note":"","_monsterinsights_sitenote_category":0},"product_brand":[],"product_cat":[12304,13493],"product_tag":[],"class_list":{"0":"post-689314","1":"product","2":"type-product","3":"status-publish","5":"product_cat-tarih","6":"product_cat-turkiye-ve-cumhuriyet-tarihi","7":"pa_cilt-ciltsiz","8":"pa_tur-kitap","9":"pa_yayinevi-iletisim-yayinlari","10":"pa_yazar-erik-jan-zurcher","12":"first","13":"instock","14":"sale","15":"shipping-taxable","16":"purchasable","17":"product-type-simple"},"_links":{"self":[{"href":"https:\/\/roveyayinevi.com.tr\/index.php\/wp-json\/wp\/v2\/product\/689314","targetHints":{"allow":["GET"]}}],"collection":[{"href":"https:\/\/roveyayinevi.com.tr\/index.php\/wp-json\/wp\/v2\/product"}],"about":[{"href":"https:\/\/roveyayinevi.com.tr\/index.php\/wp-json\/wp\/v2\/types\/product"}],"wp:attachment":[{"href":"https:\/\/roveyayinevi.com.tr\/index.php\/wp-json\/wp\/v2\/media?parent=689314"}],"wp:term":[{"taxonomy":"product_brand","embeddable":true,"href":"https:\/\/roveyayinevi.com.tr\/index.php\/wp-json\/wp\/v2\/product_brand?post=689314"},{"taxonomy":"product_cat","embeddable":true,"href":"https:\/\/roveyayinevi.com.tr\/index.php\/wp-json\/wp\/v2\/product_cat?post=689314"},{"taxonomy":"product_tag","embeddable":true,"href":"https:\/\/roveyayinevi.com.tr\/index.php\/wp-json\/wp\/v2\/product_tag?post=689314"}],"curies":[{"name":"wp","href":"https:\/\/api.w.org\/{rel}","templated":true}]}}