{"id":689312,"date":"2025-08-27T13:10:57","date_gmt":"2025-08-27T10:10:57","guid":{"rendered":"https:\/\/roveyayinevi.com.tr\/index.php\/urun\/sanat-mimarlik-kompleksi\/"},"modified":"2026-03-03T02:00:08","modified_gmt":"2026-03-02T23:00:08","slug":"sanat-mimarlik-kompleksi","status":"publish","type":"product","link":"https:\/\/roveyayinevi.com.tr\/index.php\/urun\/sanat-mimarlik-kompleksi\/","title":{"rendered":"Sanat Mimarl\u0131k Kompleksi"},"content":{"rendered":"<p>Ge\u00e7ti\u011fimiz yar\u0131m y\u00fczy\u0131l boyunca, sanat\u0131n mimarl\u0131k ve tasar\u0131mla kayna\u015fmas\u0131na tan\u0131k olduk: Sanat eserleri, al\u0131\u015f\u0131ld\u0131k galeri ve m\u00fcze mek\u00e2nlar\u0131n\u0131n s\u0131n\u0131rlar\u0131n\u0131 a\u015f\u0131p eski sanayi yap\u0131lar\u0131na, g\u00fcndelik hayat\u0131n mek\u00e2nlar\u0131na ve do\u011faya a\u00e7\u0131l\u0131rken, mimarl\u0131k da yap\u0131sal, tarihsel ve toplumsal \u00f6nceliklerini bir kenara b\u0131rakarak kendini gitgide bir g\u00f6rsel sanat olarak kurmaya ba\u015flad\u0131. Bunun sonucunda, bir yandan \u00f6l\u00e7e\u011fi ve kamusal alana m\u00fcdahalesi y\u00f6n\u00fcnden mimarl\u0131kla boy \u00f6l\u00e7\u00fc\u015fen bir sanat, di\u011fer yandan g\u00f6rsel k\u00fclt\u00fcr\u00fcm\u00fczde sanat\u00e7\u0131lar kadar derin izler b\u0131rakan y\u0131ld\u0131z mimarlar ortaya \u00e7\u0131kt\u0131. Bu birle\u015fme sonucunda \u015firketler ve h\u00fck\u00fcmetler, i\u00e7erdi\u011fi eserlerden \u00e7ok mimarisiyle \u00f6ne \u00e7\u0131kan ikonik m\u00fczelerle, festival ve bienal benzeri etkinliklerle \u015fehirleri markala\u015ft\u0131rmak ve i\u015f d\u00fcnyas\u0131n\u0131n yat\u0131r\u0131mlar\u0131n\u0131 \u00e7ekmek i\u00e7in g\u00f6zlerini sanat-mimarl\u0131k ikilisine \u00e7evirdiler. Ekonomi ile k\u00fclt\u00fcr\u00fcn ayr\u0131lmaz bi\u00e7imde i\u00e7 i\u00e7e ge\u00e7ti\u011fi bu s\u00fcre\u00e7te, her iki alan da, d\u00fcnya \u00e7ap\u0131nda yayg\u0131nla\u015fan g\u00f6steri k\u00fclt\u00fcr\u00fcne eklemlendi ve onu peki\u015ftirdi. Sanat da mimarl\u0131k da, neoliberal ekonomi politikalar\u0131n\u0131n k\u00fclt\u00fcr yoluyla hayata ge\u00e7irilmesinin arac\u0131 haline geldi. Hal Foster, y\u0131ld\u0131z mimarlar\u0131n \u00e7al\u0131\u015fmalar\u0131 ve sanat\u0131 yeni alanlara a\u00e7an sanat\u00e7\u0131lar\u0131n eserleri \u00fczerinden, sanat-mimarl\u0131k kompleksi ad\u0131n\u0131 verdi\u011fi bu kayna\u015fman\u0131n tarihini ve g\u00fcn\u00fcm\u00fczdeki etkilerini inceliyor. K\u00fcresel g\u00f6steri k\u00fclt\u00fcr\u00fcn\u00fcn yaratt\u0131\u011f\u0131 sahte \u00f6znelli\u011fe ve toplumsall\u0131\u011fa direnmenin yollar\u0131n\u0131 ara\u015ft\u0131r\u0131yor. \ufffcTan\u0131t\u0131m Metni<\/p>\n","protected":false},"excerpt":{"rendered":"<p>Ge\u00e7ti\u011fimiz yar\u0131m y\u00fczy\u0131l boyunca, sanat\u0131n mimarl\u0131k ve tasar\u0131mla kayna\u015fmas\u0131na tan\u0131k olduk: Sanat eserleri, al\u0131\u015f\u0131ld\u0131k galeri ve m\u00fcze mek\u00e2nlar\u0131n\u0131n s\u0131n\u0131rlar\u0131n\u0131 a\u015f\u0131p eski sanayi yap\u0131lar\u0131na, g\u00fcndelik hayat\u0131n mek\u00e2nlar\u0131na<span class=\"excerpt-hellip\"> [\u2026]<\/span><\/p>\n","protected":false},"featured_media":0,"template":"","meta":{"_monsterinsights_skip_tracking":false,"_monsterinsights_sitenote_active":false,"_monsterinsights_sitenote_note":"","_monsterinsights_sitenote_category":0},"product_brand":[],"product_cat":[13512,12408],"product_tag":[],"class_list":{"0":"post-689312","1":"product","2":"type-product","3":"status-publish","5":"product_cat-mimarlik","6":"product_cat-sanat","7":"pa_cilt-ciltsiz","8":"pa_tur-kitap","9":"pa_yayinevi-iletisim-yayinlari","10":"pa_yazar-hal-foster","12":"first","13":"instock","14":"sale","15":"shipping-taxable","16":"purchasable","17":"product-type-simple"},"_links":{"self":[{"href":"https:\/\/roveyayinevi.com.tr\/index.php\/wp-json\/wp\/v2\/product\/689312","targetHints":{"allow":["GET"]}}],"collection":[{"href":"https:\/\/roveyayinevi.com.tr\/index.php\/wp-json\/wp\/v2\/product"}],"about":[{"href":"https:\/\/roveyayinevi.com.tr\/index.php\/wp-json\/wp\/v2\/types\/product"}],"wp:attachment":[{"href":"https:\/\/roveyayinevi.com.tr\/index.php\/wp-json\/wp\/v2\/media?parent=689312"}],"wp:term":[{"taxonomy":"product_brand","embeddable":true,"href":"https:\/\/roveyayinevi.com.tr\/index.php\/wp-json\/wp\/v2\/product_brand?post=689312"},{"taxonomy":"product_cat","embeddable":true,"href":"https:\/\/roveyayinevi.com.tr\/index.php\/wp-json\/wp\/v2\/product_cat?post=689312"},{"taxonomy":"product_tag","embeddable":true,"href":"https:\/\/roveyayinevi.com.tr\/index.php\/wp-json\/wp\/v2\/product_tag?post=689312"}],"curies":[{"name":"wp","href":"https:\/\/api.w.org\/{rel}","templated":true}]}}