{"id":689311,"date":"2025-08-27T13:10:57","date_gmt":"2025-08-27T10:10:57","guid":{"rendered":"https:\/\/roveyayinevi.com.tr\/index.php\/urun\/serbest-cumhuriyet-firkasi-99-gunluk-muhalefet\/"},"modified":"2026-04-16T01:59:13","modified_gmt":"2026-04-15T22:59:13","slug":"serbest-cumhuriyet-firkasi-99-gunluk-muhalefet","status":"publish","type":"product","link":"https:\/\/roveyayinevi.com.tr\/index.php\/urun\/serbest-cumhuriyet-firkasi-99-gunluk-muhalefet\/","title":{"rendered":"Serbest Cumhuriyet F\u0131rkas\u0131: 99 G\u00fcnl\u00fck Muhalefet"},"content":{"rendered":"<p>Serbest Cumhuriyet F\u0131kras\u0131, cumhuriyet d\u00f6nemi siyasal alan\u0131n\u0131n olu\u015fumunda  iktidar daki partiye kar\u015f\u0131 \u00f6rg\u00fctlenmi\u015f bir toplumsal muhalefeti ifade eder. Siyasal partiler literat\u00fcr\u00fcnde a\u011f\u0131rl\u0131kl\u0131 olarak  gerici y\u0131\u011f\u0131nlar \u0131n bir kalk\u0131\u015fmas\u0131 olarak ele al\u0131nan, uygulanan modernle\u015fme projesine kar\u015f\u0131 geleneksel tutucu \u00e7izginin siyasal \u00f6rg\u00fct\u00fc olarak yaftalanan bir partidir. Cem Emrence, SCF\u2019nin parti \u00f6rg\u00fct\u00fc, t\u00fcz\u00fck ve program\u0131, partililerin talep ve beklentileri, g\u00fcnl\u00fck gazeteler, s\u0131n\u0131fsal ayr\u0131\u015fmalar ve bunlar\u0131n bir parti i\u00e7erisinde muhalefet yata\u011f\u0131na nas\u0131l akt\u0131\u011f\u0131n\u0131 derinlikli bir ara\u015ft\u0131rma ile ele al\u0131yor. Kolayc\u0131 ve \u00f6tekile\u015ftirici bak\u0131\u015f a\u00e7\u0131s\u0131na kar\u015f\u0131 SCF\u2019nin toplumsal dinamiklerini, var oldu\u011fu \u00f6nemin iktisadi s\u0131k\u0131nt\u0131 ve toplumsal kar\u015f\u0131l\u0131klar\u0131yla anlamaya \u00e7al\u0131\u015f\u0131yor. Tek, tek olmas\u0131 nedeniyle de mutlak \u015fekilde do\u011fru kabul edilen bir modernle\u015fme projesinin, yok saymaya \u00e7al\u0131\u015ft\u0131\u011f\u0131 alternatifler kar\u015f\u0131s\u0131nda siyasal alan\u0131 nas\u0131l muhasara alt\u0131na ald\u0131\u011f\u0131n\u0131 g\u00f6steriyor. <\/p>\n","protected":false},"excerpt":{"rendered":"<p>Serbest Cumhuriyet F\u0131kras\u0131, cumhuriyet d\u00f6nemi siyasal alan\u0131n\u0131n olu\u015fumunda iktidar daki partiye kar\u015f\u0131 \u00f6rg\u00fctlenmi\u015f bir toplumsal muhalefeti ifade eder. Siyasal partiler literat\u00fcr\u00fcnde a\u011f\u0131rl\u0131kl\u0131 olarak gerici y\u0131\u011f\u0131nlar \u0131n<span class=\"excerpt-hellip\"> [\u2026]<\/span><\/p>\n","protected":false},"featured_media":0,"template":"","meta":{"_monsterinsights_skip_tracking":false,"_monsterinsights_sitenote_active":false,"_monsterinsights_sitenote_note":"","_monsterinsights_sitenote_category":0},"product_brand":[],"product_cat":[12304,13493],"product_tag":[],"class_list":{"0":"post-689311","1":"product","2":"type-product","3":"status-publish","5":"product_cat-tarih","6":"product_cat-turkiye-ve-cumhuriyet-tarihi","7":"pa_cilt-ciltsiz","8":"pa_tur-kitap","9":"pa_yayinevi-iletisim-yayinlari","10":"pa_yazar-cem-emrence","12":"first","13":"instock","14":"sale","15":"shipping-taxable","16":"purchasable","17":"product-type-simple"},"_links":{"self":[{"href":"https:\/\/roveyayinevi.com.tr\/index.php\/wp-json\/wp\/v2\/product\/689311","targetHints":{"allow":["GET"]}}],"collection":[{"href":"https:\/\/roveyayinevi.com.tr\/index.php\/wp-json\/wp\/v2\/product"}],"about":[{"href":"https:\/\/roveyayinevi.com.tr\/index.php\/wp-json\/wp\/v2\/types\/product"}],"wp:attachment":[{"href":"https:\/\/roveyayinevi.com.tr\/index.php\/wp-json\/wp\/v2\/media?parent=689311"}],"wp:term":[{"taxonomy":"product_brand","embeddable":true,"href":"https:\/\/roveyayinevi.com.tr\/index.php\/wp-json\/wp\/v2\/product_brand?post=689311"},{"taxonomy":"product_cat","embeddable":true,"href":"https:\/\/roveyayinevi.com.tr\/index.php\/wp-json\/wp\/v2\/product_cat?post=689311"},{"taxonomy":"product_tag","embeddable":true,"href":"https:\/\/roveyayinevi.com.tr\/index.php\/wp-json\/wp\/v2\/product_tag?post=689311"}],"curies":[{"name":"wp","href":"https:\/\/api.w.org\/{rel}","templated":true}]}}