{"id":689308,"date":"2025-08-27T13:10:57","date_gmt":"2025-08-27T10:10:57","guid":{"rendered":"https:\/\/roveyayinevi.com.tr\/index.php\/urun\/sebastian-knightin-gercek-yasami-the-real-life-of-sebastian-knight\/"},"modified":"2026-04-16T01:59:13","modified_gmt":"2026-04-15T22:59:13","slug":"sebastian-knightin-gercek-yasami-the-real-life-of-sebastian-knight","status":"publish","type":"product","link":"https:\/\/roveyayinevi.com.tr\/index.php\/urun\/sebastian-knightin-gercek-yasami-the-real-life-of-sebastian-knight\/","title":{"rendered":"Sebastian Knight&#8217;\u0131n Ger\u00e7ek Ya\u015fam\u0131 (The Real Life of Sebastian Knight)"},"content":{"rendered":"<p>\u201cBen Sebastian\u2019\u0131m ya da Sebastian ben ya da belki ikimiz ikimizin de tan\u0131mad\u0131\u011f\u0131 bir ba\u015fkas\u0131y\u0131z.\u201d \u201c\u2018Sebastian Knight\u2019\u0131n Ger\u00e7ek Ya\u015fam\u0131\u2019, kaybolu\u015flar\u0131n, kaybedilenlerin, bir yere konulup sonra nereye kondu\u011fu unutulan mutlulu\u011fun roman\u0131.\u201dJOHN LANCASTER\u201cNabokov \u2018dayan\u0131lmaz\u0131n a\u011f\u0131rl\u0131\u011f\u0131n\u0131\u2019 b\u00f6l\u00fc\u015ft\u00fcr\u00fcyor; anlat\u0131c\u0131, anlat\u0131lan ki\u015fi ve metnin aras\u0131nda olu\u015fan \u00fc\u00e7gen (&#8230;) y\u00fczlere yap\u0131\u015fan maskelerin, kim taraf\u0131ndan ve nas\u0131l yap\u0131\u015ft\u0131\u011f\u0131n\u0131n, yap\u0131\u015ft\u0131r\u0131ld\u0131\u011f\u0131n\u0131n, yaln\u0131zca s\u00f6zc\u00fckleri ve bu yolla oyunlar\u0131 kurmakla kan\u0131ksanabilir oldu\u011funu \u00f6r\u00fcyor.\u201dNilg\u00fcn Marmara (K\u0131rm\u0131z\u0131 Mavi Defter) <\/p>\n","protected":false},"excerpt":{"rendered":"<p>\u201cBen Sebastian\u2019\u0131m ya da Sebastian ben ya da belki ikimiz ikimizin de tan\u0131mad\u0131\u011f\u0131 bir ba\u015fkas\u0131y\u0131z.\u201d \u201c\u2018Sebastian Knight\u2019\u0131n Ger\u00e7ek Ya\u015fam\u0131\u2019, kaybolu\u015flar\u0131n, kaybedilenlerin, bir yere konulup sonra nereye<span class=\"excerpt-hellip\"> [\u2026]<\/span><\/p>\n","protected":false},"featured_media":0,"template":"","meta":{"_monsterinsights_skip_tracking":false,"_monsterinsights_sitenote_active":false,"_monsterinsights_sitenote_note":"","_monsterinsights_sitenote_category":0},"product_brand":[],"product_cat":[12291,13570],"product_tag":[],"class_list":{"0":"post-689308","1":"product","2":"type-product","3":"status-publish","5":"product_cat-edebiyat","6":"product_cat-rus-edebiyati","7":"pa_cilt-ciltsiz","8":"pa_tur-kitap","9":"pa_yayinevi-iletisim-yayinlari","10":"pa_yazar-vladimir-nabokov","12":"first","13":"instock","14":"sale","15":"shipping-taxable","16":"purchasable","17":"product-type-simple"},"_links":{"self":[{"href":"https:\/\/roveyayinevi.com.tr\/index.php\/wp-json\/wp\/v2\/product\/689308","targetHints":{"allow":["GET"]}}],"collection":[{"href":"https:\/\/roveyayinevi.com.tr\/index.php\/wp-json\/wp\/v2\/product"}],"about":[{"href":"https:\/\/roveyayinevi.com.tr\/index.php\/wp-json\/wp\/v2\/types\/product"}],"wp:attachment":[{"href":"https:\/\/roveyayinevi.com.tr\/index.php\/wp-json\/wp\/v2\/media?parent=689308"}],"wp:term":[{"taxonomy":"product_brand","embeddable":true,"href":"https:\/\/roveyayinevi.com.tr\/index.php\/wp-json\/wp\/v2\/product_brand?post=689308"},{"taxonomy":"product_cat","embeddable":true,"href":"https:\/\/roveyayinevi.com.tr\/index.php\/wp-json\/wp\/v2\/product_cat?post=689308"},{"taxonomy":"product_tag","embeddable":true,"href":"https:\/\/roveyayinevi.com.tr\/index.php\/wp-json\/wp\/v2\/product_tag?post=689308"}],"curies":[{"name":"wp","href":"https:\/\/api.w.org\/{rel}","templated":true}]}}