{"id":689300,"date":"2025-08-27T13:10:55","date_gmt":"2025-08-27T10:10:55","guid":{"rendered":"https:\/\/roveyayinevi.com.tr\/index.php\/urun\/emek-kaybolma-yolunda-bir-deger-mi\/"},"modified":"2026-04-16T01:59:13","modified_gmt":"2026-04-15T22:59:13","slug":"emek-kaybolma-yolunda-bir-deger-mi","status":"publish","type":"product","link":"https:\/\/roveyayinevi.com.tr\/index.php\/urun\/emek-kaybolma-yolunda-bir-deger-mi\/","title":{"rendered":"Emek: Kaybolma Yolunda Bir De\u011fer mi?"},"content":{"rendered":"<p>\u00c7al\u0131\u015fma, hem s\u00f6ylemde hem ger\u00e7eklikte, ulus i\u00e7in \u00fcr\u00fcn zenginli\u011fini art\u0131rma, birey i\u00e7in gelir sa\u011flama, kapitalist s\u0131n\u0131f i\u00e7in de k\u00e2r etme yolu oldu hep. Maddeyi insan\u0131n kullanabilece\u011fi \u00fcr\u00fcnler haline getirmenin, do\u011fay\u0131 d\u00f6n\u00fc\u015ft\u00fcrmenin, d\u00fcnyay\u0131 insanla\u015ft\u0131rman\u0131n arac\u0131 olman\u0131n yan\u0131nda, emek, bireyi topluma ba\u011flayan en \u00f6nemli unsurlardan biridir. Dominique M\u00e9da, \u00e7al\u0131\u015fman\u0131n hakikaten insan\u0131n \u00f6z\u00fcne dair bir \u015fey olup olmad\u0131\u011f\u0131 sorusunu yeniden g\u00fcndeme getiriyor. M\u00e9da\u2019ya g\u00f6re, asl\u0131nda tarihsel olarak \u00e7al\u0131\u015fma toplumsal hayata bu kadar h\u00fckmeden bir olgu de\u011fildi. Ekonomik d\u00fc\u015f\u00fcncenin \u00f6n plana \u00e7\u0131kt\u0131\u011f\u0131 19. y\u00fczy\u0131ldan itibaren insanlar \u00fczerindeki etkisi giderek artt\u0131. Peki, \u00e7al\u0131\u015fma ger\u00e7ekten toplum ve birey i\u00e7in vazge\u00e7ilmez bir ya\u015fam bi\u00e7imi midir? Sosyalle\u015fmek ve kendini ger\u00e7ekle\u015ftirmek i\u00e7in insan\u0131n uymak zorunda oldu\u011fu tek faaliyet midir? Bu sorular\u0131 yan\u0131tlarken, aletlerin insan g\u00fcc\u00fcn\u00fcn yerini almas\u0131, hizmet sekt\u00f6r\u00fcn\u00fcn geli\u015fmesi, \u015firketlerin do\u011faya kar\u015f\u0131 sorumlulu\u011fu, her bireyin gelir sahibi olabilmesi gibi, emek ve \u00e7al\u0131\u015fmayla ilgili bir\u00e7ok ba\u015fka konuya da a\u00e7\u0131kl\u0131k getiriyor. <\/p>\n","protected":false},"excerpt":{"rendered":"<p>\u00c7al\u0131\u015fma, hem s\u00f6ylemde hem ger\u00e7eklikte, ulus i\u00e7in \u00fcr\u00fcn zenginli\u011fini art\u0131rma, birey i\u00e7in gelir sa\u011flama, kapitalist s\u0131n\u0131f i\u00e7in de k\u00e2r etme yolu oldu hep. Maddeyi insan\u0131n kullanabilece\u011fi<span class=\"excerpt-hellip\"> [\u2026]<\/span><\/p>\n","protected":false},"featured_media":0,"template":"","meta":{"_monsterinsights_skip_tracking":false,"_monsterinsights_sitenote_active":false,"_monsterinsights_sitenote_note":"","_monsterinsights_sitenote_category":0},"product_brand":[],"product_cat":[12338,12337],"product_tag":[],"class_list":{"0":"post-689300","1":"product","2":"type-product","3":"status-publish","5":"product_cat-dunya-siyaseti-ve-politikasi","6":"product_cat-politika-siyaset","7":"pa_cilt-ciltsiz","8":"pa_tur-kitap","9":"pa_yayinevi-iletisim-yayinlari","10":"pa_yazar-dominique-meda","12":"first","13":"instock","14":"sale","15":"shipping-taxable","16":"purchasable","17":"product-type-simple"},"_links":{"self":[{"href":"https:\/\/roveyayinevi.com.tr\/index.php\/wp-json\/wp\/v2\/product\/689300","targetHints":{"allow":["GET"]}}],"collection":[{"href":"https:\/\/roveyayinevi.com.tr\/index.php\/wp-json\/wp\/v2\/product"}],"about":[{"href":"https:\/\/roveyayinevi.com.tr\/index.php\/wp-json\/wp\/v2\/types\/product"}],"wp:attachment":[{"href":"https:\/\/roveyayinevi.com.tr\/index.php\/wp-json\/wp\/v2\/media?parent=689300"}],"wp:term":[{"taxonomy":"product_brand","embeddable":true,"href":"https:\/\/roveyayinevi.com.tr\/index.php\/wp-json\/wp\/v2\/product_brand?post=689300"},{"taxonomy":"product_cat","embeddable":true,"href":"https:\/\/roveyayinevi.com.tr\/index.php\/wp-json\/wp\/v2\/product_cat?post=689300"},{"taxonomy":"product_tag","embeddable":true,"href":"https:\/\/roveyayinevi.com.tr\/index.php\/wp-json\/wp\/v2\/product_tag?post=689300"}],"curies":[{"name":"wp","href":"https:\/\/api.w.org\/{rel}","templated":true}]}}