{"id":689299,"date":"2025-08-27T13:10:55","date_gmt":"2025-08-27T10:10:55","guid":{"rendered":"https:\/\/roveyayinevi.com.tr\/index.php\/urun\/tohum-ve-toprak\/"},"modified":"2026-01-29T01:59:49","modified_gmt":"2026-01-28T22:59:49","slug":"tohum-ve-toprak","status":"publish","type":"product","link":"https:\/\/roveyayinevi.com.tr\/index.php\/urun\/tohum-ve-toprak\/","title":{"rendered":"Tohum ve Toprak"},"content":{"rendered":"<p>Erke\u011fin rahme tohumu b\u0131rakan yarat\u0131c\u0131; kad\u0131n\u0131n da bunu besleyen toprak oldu\u011funa inan\u0131l\u0131r. Tohum ve toprak &#8211; g\u00f6r\u00fcn\u00fcrde masum iki imge. Oysa aralar\u0131nda bir hiyerar\u015fi var; erkeklere atfedilen yarat\u0131c\u0131l\u0131k ve hayat verme g\u00fcc\u00fc onlar\u0131 simgesel olarak Tanr\u0131\u2019ya yakla\u015ft\u0131r\u0131rken, kad\u0131nlar\u0131n besleyici rol\u00fc onlar\u0131 Tanr\u0131 taraf\u0131ndan yarat\u0131lan, yani d\u00fcnya ile e\u015fle\u015ftiriyor. Antropolog Carol Delaney, S\u00fcnni bir Orta Anadolu k\u00f6y\u00fcnde yapt\u0131\u011f\u0131 saha ara\u015ft\u0131rmas\u0131ndan yola \u00e7\u0131karak, yarat\u0131l\u0131\u015f la ilgili inan\u0131\u015f ve simgeleri, ve bunlar\u0131n k\u00f6yl\u00fclerin, beden, cinsellik, evlilik, yeme-i\u00e7me ve zaman-uzam alg\u0131lar\u0131 ile hanenin yeniden \u00fcretimindeki i\u015fb\u00f6l\u00fcm\u00fc ve milliyet\u00e7ilik retori\u011finin \u015fekillenmesindeki rol\u00fcn\u00fc inceliyor. Delaney\u2019in temel tezi, tekkaynakl\u0131 \u00fcreme teorisi ile teolojik tektanr\u0131c\u0131l\u0131k doktrininin birbirleriyle ili\u015fkili oldu\u011fu; dinin ve yeniden \u00fcretimin ayr\u0131 ayr\u0131 ele al\u0131namayaca\u011f\u0131. T\u00fcrkiye \u00fczerine yap\u0131lan \u00f6nemli antropolojik \u00e7al\u0131\u015fmalardan biri olan Tohum ve Toprak\u2019ta Delaney\u2019in \u00e7\u0131k\u0131\u015f noktas\u0131n\u0131 olu\u015fturan sorular ise \u015funlar: Neden tektanr\u0131l\u0131 \u00fc\u00e7 dinde de Tanr\u0131 a\u00e7\u0131k ya da kapal\u0131 bi\u00e7imde erkek olarak simgelenmektedir? ve Neden biyolojik yeniden \u00fcretim de\u011fersizle\u015ftirilmi\u015f ve b\u00f6ylece kad\u0131nlar d\u00fc\u015f\u00fck bir stat\u00fcye yerletirilmi\u015ftir?<\/p>\n","protected":false},"excerpt":{"rendered":"<p>Erke\u011fin rahme tohumu b\u0131rakan yarat\u0131c\u0131; kad\u0131n\u0131n da bunu besleyen toprak oldu\u011funa inan\u0131l\u0131r. Tohum ve toprak &#8211; g\u00f6r\u00fcn\u00fcrde masum iki imge. Oysa aralar\u0131nda bir hiyerar\u015fi var; erkeklere<span class=\"excerpt-hellip\"> [\u2026]<\/span><\/p>\n","protected":false},"featured_media":0,"template":"","meta":{"_monsterinsights_skip_tracking":false,"_monsterinsights_sitenote_active":false,"_monsterinsights_sitenote_note":"","_monsterinsights_sitenote_category":0},"product_brand":[],"product_cat":[13633,12324],"product_tag":[],"class_list":{"0":"post-689299","1":"product","2":"type-product","3":"status-publish","5":"product_cat-kultur-ve-bilim","6":"product_cat-sosyoloji","7":"pa_cilt-ciltsiz","8":"pa_tur-kitap","9":"pa_yayinevi-iletisim-yayinlari","10":"pa_yazar-carol-delaney","12":"first","13":"instock","14":"sale","15":"shipping-taxable","16":"purchasable","17":"product-type-simple"},"_links":{"self":[{"href":"https:\/\/roveyayinevi.com.tr\/index.php\/wp-json\/wp\/v2\/product\/689299","targetHints":{"allow":["GET"]}}],"collection":[{"href":"https:\/\/roveyayinevi.com.tr\/index.php\/wp-json\/wp\/v2\/product"}],"about":[{"href":"https:\/\/roveyayinevi.com.tr\/index.php\/wp-json\/wp\/v2\/types\/product"}],"wp:attachment":[{"href":"https:\/\/roveyayinevi.com.tr\/index.php\/wp-json\/wp\/v2\/media?parent=689299"}],"wp:term":[{"taxonomy":"product_brand","embeddable":true,"href":"https:\/\/roveyayinevi.com.tr\/index.php\/wp-json\/wp\/v2\/product_brand?post=689299"},{"taxonomy":"product_cat","embeddable":true,"href":"https:\/\/roveyayinevi.com.tr\/index.php\/wp-json\/wp\/v2\/product_cat?post=689299"},{"taxonomy":"product_tag","embeddable":true,"href":"https:\/\/roveyayinevi.com.tr\/index.php\/wp-json\/wp\/v2\/product_tag?post=689299"}],"curies":[{"name":"wp","href":"https:\/\/api.w.org\/{rel}","templated":true}]}}