{"id":689296,"date":"2025-08-27T13:10:55","date_gmt":"2025-08-27T10:10:55","guid":{"rendered":"https:\/\/roveyayinevi.com.tr\/index.php\/urun\/tek-partinin-yukselisi\/"},"modified":"2026-04-16T01:59:13","modified_gmt":"2026-04-15T22:59:13","slug":"tek-partinin-yukselisi","status":"publish","type":"product","link":"https:\/\/roveyayinevi.com.tr\/index.php\/urun\/tek-partinin-yukselisi\/","title":{"rendered":"Tek Partinin Y\u00fckseli\u015fi"},"content":{"rendered":"<p>Ahmet Demirel\u2019in makalelerini bir araya getiren Tek Partinin Y\u00fckseli\u015fi, Milli M\u00fccadele d\u00f6nemi ve Cumhuriyet\u2019in kurulu\u015f y\u0131llar\u0131ndaki se\u00e7imlere ve bu se\u00e7imler sonucu olu\u015fan Meclis\u2019in yap\u0131s\u0131na odaklan\u0131yor. Demirel, tek parti rejiminin yava\u015f yava\u015f kuruldu\u011fu bu s\u00fcre\u00e7te, milletvekili adaylar\u0131n\u0131n belirlenmesinden, Meclis\u2019in olu\u015fmas\u0131na kadar ge\u00e7en zaman i\u00e7erisinde neler ya\u015fand\u0131\u011f\u0131n\u0131 \u00e7arp\u0131c\u0131 ayr\u0131nt\u0131larla okuyucuya sunuyor. Fikr\u00ee ve ideolojik tart\u0131\u015fmalar kadar milletin vekillerinin se\u00e7ilmesine ve Meclis\u2019in olu\u015fmas\u0131na y\u00f6n veren pratiklere de dikkat \u00e7ekiyor. Milletvekili profillerinden, muhalefetin taleplerine, Do\u011fu ve G\u00fcneydo\u011fu b\u00f6lgelerinin Meclis\u2019teki temsilinden Atat\u00fcrk d\u00f6nemindeki Kemalizm anlay\u0131\u015f\u0131na kadar kapsaml\u0131 bir kurulu\u015f d\u00f6nemi tahlili yap\u0131yor. Tek Partinin Y\u00fckseli\u015fi, Milli M\u00fccadele\u2019den \u00e7ok partili siyasi hayata uzanan s\u00fcre\u00e7te ya\u015fananlar\u0131, Meclis ve vekillere odaklanan kapsaml\u0131 bir ara\u015ft\u0131rma, ayr\u0131nt\u0131l\u0131 istatistikler ve yetkin bir de\u011ferlendirmeyle inceliyor. \ufffcTan\u0131t\u0131m Metni<\/p>\n","protected":false},"excerpt":{"rendered":"<p>Ahmet Demirel\u2019in makalelerini bir araya getiren Tek Partinin Y\u00fckseli\u015fi, Milli M\u00fccadele d\u00f6nemi ve Cumhuriyet\u2019in kurulu\u015f y\u0131llar\u0131ndaki se\u00e7imlere ve bu se\u00e7imler sonucu olu\u015fan Meclis\u2019in yap\u0131s\u0131na odaklan\u0131yor. Demirel,<span class=\"excerpt-hellip\"> [\u2026]<\/span><\/p>\n","protected":false},"featured_media":0,"template":"","meta":{"_monsterinsights_skip_tracking":false,"_monsterinsights_sitenote_active":false,"_monsterinsights_sitenote_note":"","_monsterinsights_sitenote_category":0},"product_brand":[],"product_cat":[12312,12304],"product_tag":[],"class_list":{"0":"post-689296","1":"product","2":"type-product","3":"status-publish","5":"product_cat-diger","6":"product_cat-tarih","7":"pa_cilt-ciltsiz","8":"pa_tur-kitap","9":"pa_yayinevi-iletisim-yayinlari","10":"pa_yazar-ahmet-demirel","12":"first","13":"instock","14":"sale","15":"shipping-taxable","16":"purchasable","17":"product-type-simple"},"_links":{"self":[{"href":"https:\/\/roveyayinevi.com.tr\/index.php\/wp-json\/wp\/v2\/product\/689296","targetHints":{"allow":["GET"]}}],"collection":[{"href":"https:\/\/roveyayinevi.com.tr\/index.php\/wp-json\/wp\/v2\/product"}],"about":[{"href":"https:\/\/roveyayinevi.com.tr\/index.php\/wp-json\/wp\/v2\/types\/product"}],"wp:attachment":[{"href":"https:\/\/roveyayinevi.com.tr\/index.php\/wp-json\/wp\/v2\/media?parent=689296"}],"wp:term":[{"taxonomy":"product_brand","embeddable":true,"href":"https:\/\/roveyayinevi.com.tr\/index.php\/wp-json\/wp\/v2\/product_brand?post=689296"},{"taxonomy":"product_cat","embeddable":true,"href":"https:\/\/roveyayinevi.com.tr\/index.php\/wp-json\/wp\/v2\/product_cat?post=689296"},{"taxonomy":"product_tag","embeddable":true,"href":"https:\/\/roveyayinevi.com.tr\/index.php\/wp-json\/wp\/v2\/product_tag?post=689296"}],"curies":[{"name":"wp","href":"https:\/\/api.w.org\/{rel}","templated":true}]}}