{"id":689295,"date":"2025-08-27T13:10:55","date_gmt":"2025-08-27T10:10:55","guid":{"rendered":"https:\/\/roveyayinevi.com.tr\/index.php\/urun\/ortacag-kentleri-kokenleri-ve-ticaretin-canlanmasi\/"},"modified":"2026-04-16T01:59:13","modified_gmt":"2026-04-15T22:59:13","slug":"ortacag-kentleri-kokenleri-ve-ticaretin-canlanmasi","status":"publish","type":"product","link":"https:\/\/roveyayinevi.com.tr\/index.php\/urun\/ortacag-kentleri-kokenleri-ve-ticaretin-canlanmasi\/","title":{"rendered":"Orta\u00e7a\u011f Kentleri: K\u00f6kenleri ve Ticaretin Canlanmas\u0131"},"content":{"rendered":"<p>Bel\u00e7ika\u2019n\u0131n yeti\u015ftirdi\u011fi en b\u00fcy\u00fck tarih\u00e7i olan Henri Pirenne, Orta\u00e7a\u011f tarihi konusunda d\u00fcnyan\u0131n \u00f6ndegelen uzmanlar\u0131ndand\u0131r. Pirenne\u2019nin eserleri aras\u0131nda \u00f6zel bir yeri olan Orta\u00e7a\u011f Kentleri, tarih\u00e7inin 1922 y\u0131l\u0131nda davet edildi\u011fi ABD\u2019de verdi\u011fi konferanslar\u0131n notlar\u0131n\u0131 kapsamaktad\u0131r. Pirenne\u2019nin \u00f6zg\u00fcn tarih y\u00f6ntemi ve tarihe bak\u0131\u015f\u0131, bu kitab\u0131nda kendini belirgin bi\u00e7imde g\u00f6stermektedir. Orta\u00e7a\u011f Bat\u0131 Avrupa\u2019s\u0131nda ekonomik canlanma ve kent uygarl\u0131\u011f\u0131n\u0131n do\u011fu\u015funu ele al\u0131rken t\u00fcccar s\u0131n\u0131f\u0131n\u0131n olu\u015fumu, burjuvazinin do\u011fu\u015fu, toprak k\u00f6leli\u011finin ortadan kalk\u0131\u015f\u0131 ve belediye kurumlar\u0131n\u0131n ortaya \u00e7\u0131k\u0131\u015f\u0131 s\u00fcre\u00e7lerini yorumcu tarih anlay\u0131\u015f\u0131yla ele al\u0131r ve anlat\u0131r Pirenne. <\/p>\n","protected":false},"excerpt":{"rendered":"<p>Bel\u00e7ika\u2019n\u0131n yeti\u015ftirdi\u011fi en b\u00fcy\u00fck tarih\u00e7i olan Henri Pirenne, Orta\u00e7a\u011f tarihi konusunda d\u00fcnyan\u0131n \u00f6ndegelen uzmanlar\u0131ndand\u0131r. Pirenne\u2019nin eserleri aras\u0131nda \u00f6zel bir yeri olan Orta\u00e7a\u011f Kentleri, tarih\u00e7inin 1922 y\u0131l\u0131nda<span class=\"excerpt-hellip\"> [\u2026]<\/span><\/p>\n","protected":false},"featured_media":0,"template":"","meta":{"_monsterinsights_skip_tracking":false,"_monsterinsights_sitenote_active":false,"_monsterinsights_sitenote_note":"","_monsterinsights_sitenote_category":0},"product_brand":[],"product_cat":[12305,12304],"product_tag":[],"class_list":{"0":"post-689295","1":"product","2":"type-product","3":"status-publish","5":"product_cat-dunya-tarihi","6":"product_cat-tarih","7":"pa_cilt-ciltsiz","8":"pa_tur-kitap","9":"pa_yayinevi-iletisim-yayinlari","10":"pa_yazar-henri-pirenne","12":"first","13":"instock","14":"sale","15":"shipping-taxable","16":"purchasable","17":"product-type-simple"},"_links":{"self":[{"href":"https:\/\/roveyayinevi.com.tr\/index.php\/wp-json\/wp\/v2\/product\/689295","targetHints":{"allow":["GET"]}}],"collection":[{"href":"https:\/\/roveyayinevi.com.tr\/index.php\/wp-json\/wp\/v2\/product"}],"about":[{"href":"https:\/\/roveyayinevi.com.tr\/index.php\/wp-json\/wp\/v2\/types\/product"}],"wp:attachment":[{"href":"https:\/\/roveyayinevi.com.tr\/index.php\/wp-json\/wp\/v2\/media?parent=689295"}],"wp:term":[{"taxonomy":"product_brand","embeddable":true,"href":"https:\/\/roveyayinevi.com.tr\/index.php\/wp-json\/wp\/v2\/product_brand?post=689295"},{"taxonomy":"product_cat","embeddable":true,"href":"https:\/\/roveyayinevi.com.tr\/index.php\/wp-json\/wp\/v2\/product_cat?post=689295"},{"taxonomy":"product_tag","embeddable":true,"href":"https:\/\/roveyayinevi.com.tr\/index.php\/wp-json\/wp\/v2\/product_tag?post=689295"}],"curies":[{"name":"wp","href":"https:\/\/api.w.org\/{rel}","templated":true}]}}