{"id":689294,"date":"2025-08-27T13:10:54","date_gmt":"2025-08-27T10:10:54","guid":{"rendered":"https:\/\/roveyayinevi.com.tr\/index.php\/urun\/ortacag-avrupasinin-ekonomik-ve-sosyal-tarihi\/"},"modified":"2026-04-16T01:59:13","modified_gmt":"2026-04-15T22:59:13","slug":"ortacag-avrupasinin-ekonomik-ve-sosyal-tarihi","status":"publish","type":"product","link":"https:\/\/roveyayinevi.com.tr\/index.php\/urun\/ortacag-avrupasinin-ekonomik-ve-sosyal-tarihi\/","title":{"rendered":"Orta\u00e7a\u011f Avrupa&#8217;s\u0131n\u0131n Ekonomik ve Sosyal Tarihi"},"content":{"rendered":"<p>Roma \u0130mparatorlu\u011fu\u2019nun sonundan onbe\u015finci y\u00fczy\u0131l\u0131n ortalar\u0131na kadar, Avrupa\u2019n\u0131n ekonomik ve sosyal de\u011fi\u015fiminin nedenlerini inceleyen Orta\u00e7a\u011f Avrupa\u2019s\u0131n\u0131n Ekonomik ve Sosyal Tarihi, art\u0131k klasikle\u015fmi\u015f kaynaklardan birisidir. Bel\u00e7ikal\u0131 tarih\u00e7i Henri Pirenne\u2019in bu eseri \u00e7ok kapsaml\u0131 bir Avrupa tarihi edisyonunun a\u011f\u0131rl\u0131kl\u0131 par\u00e7alar\u0131ndan biridir. Orta\u00e7a\u011f konusundaki tart\u0131\u015fmalara yapt\u0131\u011f\u0131 katk\u0131 nedeniyle yazar\u0131n sa\u011fl\u0131\u011f\u0131nda \u0130ngilizce\u2019ye \u00e7evrilen ve geni\u015fletilen eser, bu konudaki temel tart\u0131\u015fma metinlerinden birisi haline gelmi\u015ftir. Kapitalizmi haz\u0131rlayan ko\u015fullar, kent ticaretinin nas\u0131l \u015fekil de\u011fi\u015ftirdi\u011fi, b\u00fcy\u00fck n\u00fcfus hareketleri, paran\u0131n kendi i\u00e7indeki d\u00f6n\u00fc\u015f\u00fcm\u00fc ve bu d\u00f6n\u00fc\u015f\u00fcme etki eden fakt\u00f6rler, y\u00fczy\u0131llara yay\u0131lan bir iz s\u00fcrmeyle ele al\u0131n\u0131r. Ekonomik hayattaki bu de\u011fi\u015fiklikler yaln\u0131zca bu alanla s\u0131n\u0131rl\u0131 tutulmayarak, kentlerin d\u00f6n\u00fc\u015f\u00fcm\u00fc ve n\u00fcfus hareketleri de hesaba kat\u0131larak hatta kimi zaman bir \u00fclkenin bir b\u00f6l\u00fcm\u00fc ayr\u0131nt\u0131l\u0131 incelenerek orta\u00e7a\u011flar tablosuna ilave edilir. Biricik bir orta\u00e7a\u011f alg\u0131s\u0131na kar\u015f\u0131 Pirenne, s\u00fcrekli olarak kendi i\u00e7 de\u011fi\u015fiklikleriyle orta\u00e7a\u011flardan bahsederek konuyu nas\u0131l bir derinlikle ele ald\u0131\u011f\u0131n\u0131 g\u00f6sterir. Sadece ekonomik bir sistem olarak kapitalizmi de\u011fil, ekonominin kendisinin nas\u0131l d\u00f6n\u00fc\u015ft\u00fcr\u00fcld\u00fc\u011f\u00fcn\u00fc de m\u00fckemmel bir \u015fekilde ele alan bu klasik eseri, Uygur Kocaba\u015fo\u011flu\u2019nun \u00f6zenli \u00e7evirisiyle yay\u0131nl\u0131yoruz. <\/p>\n","protected":false},"excerpt":{"rendered":"<p>Roma \u0130mparatorlu\u011fu\u2019nun sonundan onbe\u015finci y\u00fczy\u0131l\u0131n ortalar\u0131na kadar, Avrupa\u2019n\u0131n ekonomik ve sosyal de\u011fi\u015fiminin nedenlerini inceleyen Orta\u00e7a\u011f Avrupa\u2019s\u0131n\u0131n Ekonomik ve Sosyal Tarihi, art\u0131k klasikle\u015fmi\u015f kaynaklardan birisidir. Bel\u00e7ikal\u0131 tarih\u00e7i<span class=\"excerpt-hellip\"> [\u2026]<\/span><\/p>\n","protected":false},"featured_media":0,"template":"","meta":{"_monsterinsights_skip_tracking":false,"_monsterinsights_sitenote_active":false,"_monsterinsights_sitenote_note":"","_monsterinsights_sitenote_category":0},"product_brand":[],"product_cat":[12305,12304],"product_tag":[],"class_list":{"0":"post-689294","1":"product","2":"type-product","3":"status-publish","5":"product_cat-dunya-tarihi","6":"product_cat-tarih","7":"pa_cilt-ciltsiz","8":"pa_tur-kitap","9":"pa_yayinevi-iletisim-yayinlari","10":"pa_yazar-henri-pirenne","12":"first","13":"instock","14":"sale","15":"shipping-taxable","16":"purchasable","17":"product-type-simple"},"_links":{"self":[{"href":"https:\/\/roveyayinevi.com.tr\/index.php\/wp-json\/wp\/v2\/product\/689294","targetHints":{"allow":["GET"]}}],"collection":[{"href":"https:\/\/roveyayinevi.com.tr\/index.php\/wp-json\/wp\/v2\/product"}],"about":[{"href":"https:\/\/roveyayinevi.com.tr\/index.php\/wp-json\/wp\/v2\/types\/product"}],"wp:attachment":[{"href":"https:\/\/roveyayinevi.com.tr\/index.php\/wp-json\/wp\/v2\/media?parent=689294"}],"wp:term":[{"taxonomy":"product_brand","embeddable":true,"href":"https:\/\/roveyayinevi.com.tr\/index.php\/wp-json\/wp\/v2\/product_brand?post=689294"},{"taxonomy":"product_cat","embeddable":true,"href":"https:\/\/roveyayinevi.com.tr\/index.php\/wp-json\/wp\/v2\/product_cat?post=689294"},{"taxonomy":"product_tag","embeddable":true,"href":"https:\/\/roveyayinevi.com.tr\/index.php\/wp-json\/wp\/v2\/product_tag?post=689294"}],"curies":[{"name":"wp","href":"https:\/\/api.w.org\/{rel}","templated":true}]}}